{"id":18,"date":"2020-07-31T07:34:04","date_gmt":"2020-07-31T07:34:04","guid":{"rendered":"https:\/\/www.audox.cl\/bitrix24\/?page_id=18"},"modified":"2020-08-03T18:10:22","modified_gmt":"2020-08-03T18:10:22","slug":"servicios-bitrix24","status":"publish","type":"page","link":"https:\/\/www.audox.cl\/bitrix24\/servicios-bitrix24\/","title":{"rendered":"Servicios"},"content":{"rendered":"\n<p>Te ayudamos con <strong>Bitrix24<\/strong> con los siguientes servicios:<\/p>\n\n\n\n<ul class=\"wp-block-list\"><li>Implementaci\u00f3n<\/li><li>Capacitaci\u00f3n<\/li><li>Soporte<\/li><\/ul>\n\n\n\n<figure class=\"wp-block-image size-large\"><img loading=\"lazy\" decoding=\"async\" width=\"1024\" height=\"648\" src=\"https:\/\/www.audox.cl\/bitrix24\/wp-content\/uploads\/sites\/68\/2020\/08\/image-1024x648.png\" alt=\"Bitrix24 \" class=\"wp-image-25\" srcset=\"https:\/\/www.audox.cl\/bitrix24\/wp-content\/uploads\/sites\/68\/2020\/08\/image-1024x648.png 1024w, https:\/\/www.audox.cl\/bitrix24\/wp-content\/uploads\/sites\/68\/2020\/08\/image-300x190.png 300w, https:\/\/www.audox.cl\/bitrix24\/wp-content\/uploads\/sites\/68\/2020\/08\/image-768x486.png 768w, https:\/\/www.audox.cl\/bitrix24\/wp-content\/uploads\/sites\/68\/2020\/08\/image-100x63.png 100w, https:\/\/www.audox.cl\/bitrix24\/wp-content\/uploads\/sites\/68\/2020\/08\/image-150x95.png 150w, https:\/\/www.audox.cl\/bitrix24\/wp-content\/uploads\/sites\/68\/2020\/08\/image-200x127.png 200w, https:\/\/www.audox.cl\/bitrix24\/wp-content\/uploads\/sites\/68\/2020\/08\/image-450x285.png 450w, https:\/\/www.audox.cl\/bitrix24\/wp-content\/uploads\/sites\/68\/2020\/08\/image-600x380.png 600w, https:\/\/www.audox.cl\/bitrix24\/wp-content\/uploads\/sites\/68\/2020\/08\/image-900x570.png 900w, https:\/\/www.audox.cl\/bitrix24\/wp-content\/uploads\/sites\/68\/2020\/08\/image.png 1041w\" sizes=\"auto, (max-width: 1024px) 100vw, 1024px\" \/><\/figure>\n\n\n\n<h2 class=\"wp-block-heading\">Tu Negocio en un Solo Espacio<\/h2>\n\n\n\n<p>Pocas cosas son tan devastadoras para la productividad de una empresa como la desorganizaci\u00f3n y la mala comunicaci\u00f3n. Para solucionar este problema, las herramientas de colaboraci\u00f3n se han desarrollado con el tiempo con diversos grados de \u00e9xito. Estos programas proporcionan a las empresas una plataforma central para que todos los miembros de un equipo realicen su trabajo. De todas las herramientas de colaboraci\u00f3n disponibles, pocas son tan completas como esta plataforma.<\/p>\n\n\n\n<p>Bitrix24 es una plataforma de colaboraci\u00f3n que proporciona un conjunto completo de herramientas de colaboraci\u00f3n social, comunicaci\u00f3n y administraci\u00f3n para su equipo de negocios. Inc. ha escrito que \u00abhace casi todo, pero dirige su empresa por usted\u00bb. Esta es una afirmaci\u00f3n audaz, pero cuando echamos un vistazo a Bitrix24, encontramos que es bastante cierto. <\/p>\n\n\n\n<p>De todo el software de gesti\u00f3n de proyectos o colaboraci\u00f3n con el que he tratado, este es, con mucho, uno de los m\u00e1s completos. Si bien esto significa que su equipo puede hacer m\u00e1s con este software, tambi\u00e9n significa que hay una curva de aprendizaje para dominarlo. As\u00ed que vamos a sumergirnos y comenzar a comprender qu\u00e9 es esta plataforma y c\u00f3mo puede consolidar todo su negocio en un solo lugar.<\/p>\n\n\n\n<h2 class=\"wp-block-heading\">\u00bfQu\u00e9 es Bitrix24?<\/h2>\n\n\n\n<p>Fundada por el CEO Sergey Rizhikov y cuatro colegas en 1998, Bitrix24 originalmente era solo \u00abBitrix\u00bb. Con el tiempo, el enfoque de la compa\u00f1\u00eda ha cambiado hasta que Bitrix lanz\u00f3 Bitrix24 Cloud en 2012. Esta es la iteraci\u00f3n de Bitrix que conocemos hoy. Como herramienta de colaboraci\u00f3n, Bitrix24 ofrece<\/p>\n\n\n\n<ul class=\"wp-block-list\"><li>Colaboraci\u00f3n.<\/li><li>CRM<\/li><li>Gesti\u00f3n de proyectos.<\/li><li>Gesti\u00f3n de documentos.<\/li><li>Gesti\u00f3n del tiempo.<\/li><li>Gesti\u00f3n de recursos humanos.<\/li><li>Estos enfoques incluyen caracter\u00edsticas como chats, encuestas de empleados, videoconferencia, gesti\u00f3n de clientes potenciales, facturas, informes de ventas, gesti\u00f3n de tareas, Gantt &amp; Kanban, almacenamiento de archivos, flujos de trabajo de solicitud de empleados y mucho m\u00e1s.<\/li><\/ul>\n\n\n\n<p>Esto es lo que diferencia a Bitrix24 de otras herramientas de colaboraci\u00f3n. Mientras que otras herramientas se centran en una o dos de estas caracter\u00edsticas, Bitrix24 pretende ser el mejor recurso para las empresas. La compa\u00f1\u00eda cree que si est\u00e1 utilizando Bitrix24, no necesitar\u00e1 ning\u00fan software adicional para administrar su equipo.<\/p>\n\n\n\n<h2 class=\"wp-block-heading\">Servicios para Bitrix24 con Audox<\/h2>\n\n\n\n<p>En Audox<a href=\"https:\/\/www.youtube.com\/feed\/my_videos\">&nbsp;somos expertos<\/a>&nbsp;en implementaci\u00f3n, soporte y capacitaci\u00f3n de Power BI para empresas peque\u00f1as, medianas y grandes gracias a nuestra amplia experiencia de m\u00e1s de una d\u00e9cada en el \u00e1rea de la tecnolog\u00eda e ingenier\u00eda.<\/p>\n\n\n\n<p>Nuestro equipo de especialistas est\u00e1 listo para ayudarte en solventar tus problemas y dar respuesta a tus necesidades.<\/p>\n\n\n\n<p><a href=\"https:\/\/www.audox.cl\/bitrix24\/contacto\/\">\u00a1Cont\u00e1ctanos!<\/a><\/p>\n","protected":false},"excerpt":{"rendered":"<p>Te ayudamos con Bitrix24 con los siguientes servicios: Implementaci\u00f3n Capacitaci\u00f3n Soporte Tu Negocio en un Solo Espacio Pocas cosas son tan devastadoras para la productividad de una empresa como la desorganizaci\u00f3n y la mala comunicaci\u00f3n. Para solucionar este problema, las &hellip;<\/p>\n<p class=\"read-more\"> <a class=\"more-link\" href=\"https:\/\/www.audox.cl\/bitrix24\/servicios-bitrix24\/\"> <span class=\"screen-reader-text\">Servicios<\/span> Leer m\u00e1s \u00bb<\/a><\/p>\n","protected":false},"author":1,"featured_media":0,"parent":0,"menu_order":1,"comment_status":"closed","ping_status":"closed","template":"","meta":{"om_disable_all_campaigns":false,"inline_featured_image":false,"_monsterinsights_skip_tracking":false,"_monsterinsights_sitenote_active":false,"_monsterinsights_sitenote_note":"","_monsterinsights_sitenote_category":0,"footnotes":""},"class_list":["post-18","page","type-page","status-publish","hentry"],"yoast_head":"<!-- This site is optimized with the Yoast SEO plugin v27.3 - https:\/\/yoast.com\/product\/yoast-seo-wordpress\/ -->\n<title>Bitrix24 - Servicios para Bitrix24 - Expertos en Bitrix24<\/title>\n<meta name=\"description\" content=\"Implementaci\u00f3n, Capacitaci\u00f3n y Soporte para Bitrix24. Todo lo que necesitas para potenciar tu sistema Bitrix24 lo tienes con Audox.\" \/>\n<meta name=\"robots\" content=\"index, follow, max-snippet:-1, max-image-preview:large, max-video-preview:-1\" \/>\n<link rel=\"canonical\" href=\"https:\/\/www.audox.cl\/bitrix24\/servicios-bitrix24\/\" \/>\n<meta property=\"og:locale\" content=\"es_ES\" \/>\n<meta property=\"og:type\" content=\"article\" \/>\n<meta property=\"og:title\" content=\"Bitrix24 - Servicios para Bitrix24 - Expertos en Bitrix24\" \/>\n<meta property=\"og:description\" content=\"Implementaci\u00f3n, Capacitaci\u00f3n y Soporte para Bitrix24. Todo lo que necesitas para potenciar tu sistema Bitrix24 lo tienes con Audox.\" \/>\n<meta property=\"og:url\" content=\"https:\/\/www.audox.cl\/bitrix24\/servicios-bitrix24\/\" \/>\n<meta property=\"og:site_name\" content=\"Bitrix24 Expertos\" \/>\n<meta property=\"article:modified_time\" content=\"2020-08-03T18:10:22+00:00\" \/>\n<meta property=\"og:image\" content=\"https:\/\/www.audox.cl\/bitrix24\/wp-content\/uploads\/sites\/68\/2020\/08\/image-1024x648.png\" \/>\n<meta name=\"twitter:card\" content=\"summary_large_image\" \/>\n<meta name=\"twitter:label1\" content=\"Tiempo de lectura\" \/>\n\t<meta name=\"twitter:data1\" content=\"2 minutos\" \/>\n<script type=\"application\/ld+json\" class=\"yoast-schema-graph\">{\"@context\":\"https:\\\/\\\/schema.org\",\"@graph\":[{\"@type\":\"WebPage\",\"@id\":\"https:\\\/\\\/www.audox.cl\\\/bitrix24\\\/servicios-bitrix24\\\/\",\"url\":\"https:\\\/\\\/www.audox.cl\\\/bitrix24\\\/servicios-bitrix24\\\/\",\"name\":\"Bitrix24 - Servicios para Bitrix24 - Expertos en Bitrix24\",\"isPartOf\":{\"@id\":\"https:\\\/\\\/www.audox.cl\\\/bitrix24\\\/#website\"},\"primaryImageOfPage\":{\"@id\":\"https:\\\/\\\/www.audox.cl\\\/bitrix24\\\/servicios-bitrix24\\\/#primaryimage\"},\"image\":{\"@id\":\"https:\\\/\\\/www.audox.cl\\\/bitrix24\\\/servicios-bitrix24\\\/#primaryimage\"},\"thumbnailUrl\":\"https:\\\/\\\/www.audox.cl\\\/bitrix24\\\/wp-content\\\/uploads\\\/sites\\\/68\\\/2020\\\/08\\\/image-1024x648.png\",\"datePublished\":\"2020-07-31T07:34:04+00:00\",\"dateModified\":\"2020-08-03T18:10:22+00:00\",\"description\":\"Implementaci\u00f3n, Capacitaci\u00f3n y Soporte para Bitrix24. Todo lo que necesitas para potenciar tu sistema Bitrix24 lo tienes con Audox.\",\"breadcrumb\":{\"@id\":\"https:\\\/\\\/www.audox.cl\\\/bitrix24\\\/servicios-bitrix24\\\/#breadcrumb\"},\"inLanguage\":\"es\",\"potentialAction\":[{\"@type\":\"ReadAction\",\"target\":[\"https:\\\/\\\/www.audox.cl\\\/bitrix24\\\/servicios-bitrix24\\\/\"]}]},{\"@type\":\"ImageObject\",\"inLanguage\":\"es\",\"@id\":\"https:\\\/\\\/www.audox.cl\\\/bitrix24\\\/servicios-bitrix24\\\/#primaryimage\",\"url\":\"https:\\\/\\\/www.audox.cl\\\/bitrix24\\\/wp-content\\\/uploads\\\/sites\\\/68\\\/2020\\\/08\\\/image-1024x648.png\",\"contentUrl\":\"https:\\\/\\\/www.audox.cl\\\/bitrix24\\\/wp-content\\\/uploads\\\/sites\\\/68\\\/2020\\\/08\\\/image-1024x648.png\"},{\"@type\":\"BreadcrumbList\",\"@id\":\"https:\\\/\\\/www.audox.cl\\\/bitrix24\\\/servicios-bitrix24\\\/#breadcrumb\",\"itemListElement\":[{\"@type\":\"ListItem\",\"position\":1,\"name\":\"Portada\",\"item\":\"https:\\\/\\\/www.audox.cl\\\/bitrix24\\\/inicio\\\/\"},{\"@type\":\"ListItem\",\"position\":2,\"name\":\"Servicios\"}]},{\"@type\":\"WebSite\",\"@id\":\"https:\\\/\\\/www.audox.cl\\\/bitrix24\\\/#website\",\"url\":\"https:\\\/\\\/www.audox.cl\\\/bitrix24\\\/\",\"name\":\"Bitrix24 Expertos\",\"description\":\"Implementaci\u00f3n, Capacitaci\u00f3n y Soporte para Bitrix24 en Chile\",\"potentialAction\":[{\"@type\":\"SearchAction\",\"target\":{\"@type\":\"EntryPoint\",\"urlTemplate\":\"https:\\\/\\\/www.audox.cl\\\/bitrix24\\\/?s={search_term_string}\"},\"query-input\":{\"@type\":\"PropertyValueSpecification\",\"valueRequired\":true,\"valueName\":\"search_term_string\"}}],\"inLanguage\":\"es\"}]}<\/script>\n<!-- \/ Yoast SEO plugin. -->","yoast_head_json":{"title":"Bitrix24 - Servicios para Bitrix24 - Expertos en Bitrix24","description":"Implementaci\u00f3n, Capacitaci\u00f3n y Soporte para Bitrix24. Todo lo que necesitas para potenciar tu sistema Bitrix24 lo tienes con Audox.","robots":{"index":"index","follow":"follow","max-snippet":"max-snippet:-1","max-image-preview":"max-image-preview:large","max-video-preview":"max-video-preview:-1"},"canonical":"https:\/\/www.audox.cl\/bitrix24\/servicios-bitrix24\/","og_locale":"es_ES","og_type":"article","og_title":"Bitrix24 - Servicios para Bitrix24 - Expertos en Bitrix24","og_description":"Implementaci\u00f3n, Capacitaci\u00f3n y Soporte para Bitrix24. Todo lo que necesitas para potenciar tu sistema Bitrix24 lo tienes con Audox.","og_url":"https:\/\/www.audox.cl\/bitrix24\/servicios-bitrix24\/","og_site_name":"Bitrix24 Expertos","article_modified_time":"2020-08-03T18:10:22+00:00","og_image":[{"url":"https:\/\/www.audox.cl\/bitrix24\/wp-content\/uploads\/sites\/68\/2020\/08\/image-1024x648.png","type":"","width":"","height":""}],"twitter_card":"summary_large_image","twitter_misc":{"Tiempo de lectura":"2 minutos"},"schema":{"@context":"https:\/\/schema.org","@graph":[{"@type":"WebPage","@id":"https:\/\/www.audox.cl\/bitrix24\/servicios-bitrix24\/","url":"https:\/\/www.audox.cl\/bitrix24\/servicios-bitrix24\/","name":"Bitrix24 - Servicios para Bitrix24 - Expertos en Bitrix24","isPartOf":{"@id":"https:\/\/www.audox.cl\/bitrix24\/#website"},"primaryImageOfPage":{"@id":"https:\/\/www.audox.cl\/bitrix24\/servicios-bitrix24\/#primaryimage"},"image":{"@id":"https:\/\/www.audox.cl\/bitrix24\/servicios-bitrix24\/#primaryimage"},"thumbnailUrl":"https:\/\/www.audox.cl\/bitrix24\/wp-content\/uploads\/sites\/68\/2020\/08\/image-1024x648.png","datePublished":"2020-07-31T07:34:04+00:00","dateModified":"2020-08-03T18:10:22+00:00","description":"Implementaci\u00f3n, Capacitaci\u00f3n y Soporte para Bitrix24. Todo lo que necesitas para potenciar tu sistema Bitrix24 lo tienes con Audox.","breadcrumb":{"@id":"https:\/\/www.audox.cl\/bitrix24\/servicios-bitrix24\/#breadcrumb"},"inLanguage":"es","potentialAction":[{"@type":"ReadAction","target":["https:\/\/www.audox.cl\/bitrix24\/servicios-bitrix24\/"]}]},{"@type":"ImageObject","inLanguage":"es","@id":"https:\/\/www.audox.cl\/bitrix24\/servicios-bitrix24\/#primaryimage","url":"https:\/\/www.audox.cl\/bitrix24\/wp-content\/uploads\/sites\/68\/2020\/08\/image-1024x648.png","contentUrl":"https:\/\/www.audox.cl\/bitrix24\/wp-content\/uploads\/sites\/68\/2020\/08\/image-1024x648.png"},{"@type":"BreadcrumbList","@id":"https:\/\/www.audox.cl\/bitrix24\/servicios-bitrix24\/#breadcrumb","itemListElement":[{"@type":"ListItem","position":1,"name":"Portada","item":"https:\/\/www.audox.cl\/bitrix24\/inicio\/"},{"@type":"ListItem","position":2,"name":"Servicios"}]},{"@type":"WebSite","@id":"https:\/\/www.audox.cl\/bitrix24\/#website","url":"https:\/\/www.audox.cl\/bitrix24\/","name":"Bitrix24 Expertos","description":"Implementaci\u00f3n, Capacitaci\u00f3n y Soporte para Bitrix24 en Chile","potentialAction":[{"@type":"SearchAction","target":{"@type":"EntryPoint","urlTemplate":"https:\/\/www.audox.cl\/bitrix24\/?s={search_term_string}"},"query-input":{"@type":"PropertyValueSpecification","valueRequired":true,"valueName":"search_term_string"}}],"inLanguage":"es"}]}},"_links":{"self":[{"href":"https:\/\/www.audox.cl\/bitrix24\/wp-json\/wp\/v2\/pages\/18","targetHints":{"allow":["GET"]}}],"collection":[{"href":"https:\/\/www.audox.cl\/bitrix24\/wp-json\/wp\/v2\/pages"}],"about":[{"href":"https:\/\/www.audox.cl\/bitrix24\/wp-json\/wp\/v2\/types\/page"}],"author":[{"embeddable":true,"href":"https:\/\/www.audox.cl\/bitrix24\/wp-json\/wp\/v2\/users\/1"}],"replies":[{"embeddable":true,"href":"https:\/\/www.audox.cl\/bitrix24\/wp-json\/wp\/v2\/comments?post=18"}],"version-history":[{"count":2,"href":"https:\/\/www.audox.cl\/bitrix24\/wp-json\/wp\/v2\/pages\/18\/revisions"}],"predecessor-version":[{"id":26,"href":"https:\/\/www.audox.cl\/bitrix24\/wp-json\/wp\/v2\/pages\/18\/revisions\/26"}],"wp:attachment":[{"href":"https:\/\/www.audox.cl\/bitrix24\/wp-json\/wp\/v2\/media?parent=18"}],"curies":[{"name":"wp","href":"https:\/\/api.w.org\/{rel}","templated":true}]}}