{"id":20,"date":"2017-01-18T02:00:52","date_gmt":"2017-01-18T02:00:52","guid":{"rendered":"http:\/\/www.audox.cl\/coaching-ejecutivo\/?page_id=20"},"modified":"2020-11-08T12:58:00","modified_gmt":"2020-11-08T12:58:00","slug":"coaching-ejecutivo","status":"publish","type":"page","link":"https:\/\/www.audox.cl\/coaching-ejecutivo\/coaching-ejecutivo\/","title":{"rendered":"Coaching Ejecutivo"},"content":{"rendered":"\n<h2 class=\"wp-block-heading\">\u00bfQu\u00e9 es Coaching Ejecutivo?<\/h2>\n\n\n\n<p>Si te interesa trabajar con coaching ejecutivo, es importante entender primero qu\u00e9 es y qu\u00e9 no es. <\/p>\n\n\n\n<p>Seg\u00fan la International Coach Federation (ICF), el coaching se define como \u00abuna asociaci\u00f3n con los clientes en un proceso creativo. As\u00ed como una estimulante que los inspira a maximizar su potencial personal y profesional.\u00bb<\/p>\n\n\n\n<p>En el caso del coaching de negocios se trata de un proceso, impulsado por el cliente, que se diferencia de otras profesiones de servicios, como el asesoramiento, la tutor\u00eda, la consultor\u00eda y la formaci\u00f3n.<\/p>\n\n\n\n<figure class=\"wp-block-image size-large\"><img loading=\"lazy\" decoding=\"async\" width=\"1024\" height=\"648\" src=\"https:\/\/www.audox.cl\/coaching-ejecutivo\/wp-content\/uploads\/sites\/4\/2020\/11\/image-1024x648.png\" alt=\"coaching ejecutivo\" class=\"wp-image-44\" srcset=\"https:\/\/www.audox.cl\/coaching-ejecutivo\/wp-content\/uploads\/sites\/4\/2020\/11\/image-1024x648.png 1024w, https:\/\/www.audox.cl\/coaching-ejecutivo\/wp-content\/uploads\/sites\/4\/2020\/11\/image-300x190.png 300w, https:\/\/www.audox.cl\/coaching-ejecutivo\/wp-content\/uploads\/sites\/4\/2020\/11\/image-768x486.png 768w, https:\/\/www.audox.cl\/coaching-ejecutivo\/wp-content\/uploads\/sites\/4\/2020\/11\/image-100x63.png 100w, https:\/\/www.audox.cl\/coaching-ejecutivo\/wp-content\/uploads\/sites\/4\/2020\/11\/image-150x95.png 150w, https:\/\/www.audox.cl\/coaching-ejecutivo\/wp-content\/uploads\/sites\/4\/2020\/11\/image-200x127.png 200w, https:\/\/www.audox.cl\/coaching-ejecutivo\/wp-content\/uploads\/sites\/4\/2020\/11\/image-450x285.png 450w, https:\/\/www.audox.cl\/coaching-ejecutivo\/wp-content\/uploads\/sites\/4\/2020\/11\/image-600x380.png 600w, https:\/\/www.audox.cl\/coaching-ejecutivo\/wp-content\/uploads\/sites\/4\/2020\/11\/image-900x570.png 900w, https:\/\/www.audox.cl\/coaching-ejecutivo\/wp-content\/uploads\/sites\/4\/2020\/11\/image.png 1041w\" sizes=\"auto, (max-width: 1024px) 100vw, 1024px\" \/><\/figure>\n\n\n\n<p>Pero en definitiva, \u00bfqu\u00e9 es y qu\u00e9 hace un coach de negocios? <\/p>\n\n\n\n<h2 class=\"wp-block-heading\">\u00bfQu\u00e9 es un coach ejecutivo?<\/h2>\n\n\n\n<p>Un coach ejecutivo es un profesional calificado que trabaja con individuos del \u00e1mbito empresarial, generalmente ejecutivos, pero a menudo tambi\u00e9n, empleados de alto potencial.<\/p>\n\n\n\n<p>\u00bfEl objetivo? Ayudarlos a adquirir conciencia de s\u00ed mismos, aclarar metas, lograr sus objetivos de desarrollo, desbloquear su potencial y actuar como caja de resonancia. <\/p>\n\n\n\n<p>El coach no suele ser un consultor o terapeuta (aunque muchos tienen experiencia como consultores o terapeutas) y generalmente se abstienen de dar consejos o resolver los problemas de sus clientes en \u00edndole de salud mental. En cambio, hacen preguntas para ayudar a los ejecutivos a aclarar y resolver sus propios problemas en el contexto laboral y de sus objetivos empresariales.<\/p>\n\n\n\n<p>El coach de negocios es un asesor empresarial ayudar\u00e1 y guiar\u00e1 en la gesti\u00f3n de una empresa o carrera ejecutiva, colaborando en aclarar la visi\u00f3n de la empresa y c\u00f3mo encaja con sus objetivos personales. <\/p>\n\n\n\n<p>El coaching empresarial es un proceso que se utiliza para llevar un individuo desde donde est\u00e1 ahora hasta donde la persona quiere estar.<\/p>\n\n\n\n<h2 class=\"wp-block-heading\">Servicios Especializados con Audox<\/h2>\n\n\n\n<p>En Audox\u00a0<a href=\"https:\/\/www.youtube.com\/watch?v=fCnHr0wm9gU\">somos expertos<\/a>\u00a0en soporte, capacitaci\u00f3n, cursos y otros servicios de Coaching Ejecutivo para empresas peque\u00f1as, medianas y grandes gracias a nuestra amplia experiencia de m\u00e1s de una d\u00e9cada en el \u00e1rea de la tecnolog\u00eda e ingenier\u00eda.<\/p>\n\n\n\n<p>Nuestro equipo de especialistas est\u00e1 listo para ayudarte en solventar tus problemas y dar respuesta a tus necesidades.<\/p>\n\n\n\n<p><a href=\"https:\/\/www.audox.cl\/coaching-ejecutivo\/contacto\/\">\u00a1Cont\u00e1ctanos!<\/a><\/p>\n","protected":false},"excerpt":{"rendered":"<p>\u00bfQu\u00e9 es Coaching Ejecutivo? Si te interesa trabajar con coaching ejecutivo, es importante entender primero qu\u00e9 es y qu\u00e9 no es. Seg\u00fan la International Coach Federation (ICF), el coaching se define como \u00abuna asociaci\u00f3n con los clientes en un proceso &hellip;<\/p>\n<p class=\"read-more\"> <a class=\"more-link\" href=\"https:\/\/www.audox.cl\/coaching-ejecutivo\/coaching-ejecutivo\/\"> <span class=\"screen-reader-text\">Coaching Ejecutivo<\/span> Leer m\u00e1s \u00bb<\/a><\/p>\n","protected":false},"author":3,"featured_media":0,"parent":0,"menu_order":0,"comment_status":"closed","ping_status":"closed","template":"","meta":{"om_disable_all_campaigns":false,"inline_featured_image":false,"_monsterinsights_skip_tracking":false,"_monsterinsights_sitenote_active":false,"_monsterinsights_sitenote_note":"","_monsterinsights_sitenote_category":0,"footnotes":""},"class_list":["post-20","page","type-page","status-publish","hentry"],"yoast_head":"<!-- This site is optimized with the Yoast SEO plugin v27.6 - https:\/\/yoast.com\/product\/yoast-seo-wordpress\/ -->\n<title>\u00bfQu\u00e9 es Coaching Ejecutivo? - Expertos<\/title>\n<meta name=\"description\" content=\"\u00bfQu\u00e9 es un Coaching Ejecutivo? \u00bfPor qu\u00e9 es importante tener un coach como parte de tu empresa? En Audox tenemos servicios especializados en este rubro.\" \/>\n<meta name=\"robots\" content=\"index, follow, max-snippet:-1, max-image-preview:large, max-video-preview:-1\" \/>\n<link rel=\"canonical\" href=\"https:\/\/www.audox.cl\/coaching-ejecutivo\/coaching-ejecutivo\/\" \/>\n<meta property=\"og:locale\" content=\"es_ES\" \/>\n<meta property=\"og:type\" content=\"article\" \/>\n<meta property=\"og:title\" content=\"\u00bfQu\u00e9 es Coaching Ejecutivo? - Expertos\" \/>\n<meta property=\"og:description\" content=\"\u00bfQu\u00e9 es un Coaching Ejecutivo? \u00bfPor qu\u00e9 es importante tener un coach como parte de tu empresa? En Audox tenemos servicios especializados en este rubro.\" \/>\n<meta property=\"og:url\" content=\"https:\/\/www.audox.cl\/coaching-ejecutivo\/coaching-ejecutivo\/\" \/>\n<meta property=\"og:site_name\" content=\"Expertos\" \/>\n<meta property=\"article:modified_time\" content=\"2020-11-08T12:58:00+00:00\" \/>\n<meta property=\"og:image\" content=\"https:\/\/www.audox.cl\/coaching-ejecutivo\/wp-content\/uploads\/sites\/4\/2020\/11\/image-1024x648.png\" \/>\n<meta name=\"twitter:card\" content=\"summary_large_image\" \/>\n<meta name=\"twitter:label1\" content=\"Tiempo de lectura\" \/>\n\t<meta name=\"twitter:data1\" content=\"2 minutos\" \/>\n<script type=\"application\/ld+json\" class=\"yoast-schema-graph\">{\"@context\":\"https:\\\/\\\/schema.org\",\"@graph\":[{\"@type\":\"WebPage\",\"@id\":\"https:\\\/\\\/www.audox.cl\\\/coaching-ejecutivo\\\/coaching-ejecutivo\\\/\",\"url\":\"https:\\\/\\\/www.audox.cl\\\/coaching-ejecutivo\\\/coaching-ejecutivo\\\/\",\"name\":\"\u00bfQu\u00e9 es Coaching Ejecutivo? - Expertos\",\"isPartOf\":{\"@id\":\"https:\\\/\\\/www.audox.cl\\\/coaching-ejecutivo\\\/#website\"},\"primaryImageOfPage\":{\"@id\":\"https:\\\/\\\/www.audox.cl\\\/coaching-ejecutivo\\\/coaching-ejecutivo\\\/#primaryimage\"},\"image\":{\"@id\":\"https:\\\/\\\/www.audox.cl\\\/coaching-ejecutivo\\\/coaching-ejecutivo\\\/#primaryimage\"},\"thumbnailUrl\":\"https:\\\/\\\/www.audox.cl\\\/coaching-ejecutivo\\\/wp-content\\\/uploads\\\/sites\\\/4\\\/2020\\\/11\\\/image-1024x648.png\",\"datePublished\":\"2017-01-18T02:00:52+00:00\",\"dateModified\":\"2020-11-08T12:58:00+00:00\",\"description\":\"\u00bfQu\u00e9 es un Coaching Ejecutivo? \u00bfPor qu\u00e9 es importante tener un coach como parte de tu empresa? En Audox tenemos servicios especializados en este rubro.\",\"breadcrumb\":{\"@id\":\"https:\\\/\\\/www.audox.cl\\\/coaching-ejecutivo\\\/coaching-ejecutivo\\\/#breadcrumb\"},\"inLanguage\":\"es\",\"potentialAction\":[{\"@type\":\"ReadAction\",\"target\":[\"https:\\\/\\\/www.audox.cl\\\/coaching-ejecutivo\\\/coaching-ejecutivo\\\/\"]}]},{\"@type\":\"ImageObject\",\"inLanguage\":\"es\",\"@id\":\"https:\\\/\\\/www.audox.cl\\\/coaching-ejecutivo\\\/coaching-ejecutivo\\\/#primaryimage\",\"url\":\"https:\\\/\\\/www.audox.cl\\\/coaching-ejecutivo\\\/wp-content\\\/uploads\\\/sites\\\/4\\\/2020\\\/11\\\/image.png\",\"contentUrl\":\"https:\\\/\\\/www.audox.cl\\\/coaching-ejecutivo\\\/wp-content\\\/uploads\\\/sites\\\/4\\\/2020\\\/11\\\/image.png\",\"width\":1041,\"height\":659,\"caption\":\"coaching ejecutivo\"},{\"@type\":\"BreadcrumbList\",\"@id\":\"https:\\\/\\\/www.audox.cl\\\/coaching-ejecutivo\\\/coaching-ejecutivo\\\/#breadcrumb\",\"itemListElement\":[{\"@type\":\"ListItem\",\"position\":1,\"name\":\"Portada\",\"item\":\"https:\\\/\\\/www.audox.cl\\\/coaching-ejecutivo\\\/inicio\\\/\"},{\"@type\":\"ListItem\",\"position\":2,\"name\":\"Coaching Ejecutivo\"}]},{\"@type\":\"WebSite\",\"@id\":\"https:\\\/\\\/www.audox.cl\\\/coaching-ejecutivo\\\/#website\",\"url\":\"https:\\\/\\\/www.audox.cl\\\/coaching-ejecutivo\\\/\",\"name\":\"Expertos\",\"description\":\"Otro sitio m\u00e1s de Audox Soluciones Tecnol\u00f3gicas - Soluciones\",\"potentialAction\":[{\"@type\":\"SearchAction\",\"target\":{\"@type\":\"EntryPoint\",\"urlTemplate\":\"https:\\\/\\\/www.audox.cl\\\/coaching-ejecutivo\\\/?s={search_term_string}\"},\"query-input\":{\"@type\":\"PropertyValueSpecification\",\"valueRequired\":true,\"valueName\":\"search_term_string\"}}],\"inLanguage\":\"es\"}]}<\/script>\n<!-- \/ Yoast SEO plugin. -->","yoast_head_json":{"title":"\u00bfQu\u00e9 es Coaching Ejecutivo? - Expertos","description":"\u00bfQu\u00e9 es un Coaching Ejecutivo? \u00bfPor qu\u00e9 es importante tener un coach como parte de tu empresa? En Audox tenemos servicios especializados en este rubro.","robots":{"index":"index","follow":"follow","max-snippet":"max-snippet:-1","max-image-preview":"max-image-preview:large","max-video-preview":"max-video-preview:-1"},"canonical":"https:\/\/www.audox.cl\/coaching-ejecutivo\/coaching-ejecutivo\/","og_locale":"es_ES","og_type":"article","og_title":"\u00bfQu\u00e9 es Coaching Ejecutivo? - Expertos","og_description":"\u00bfQu\u00e9 es un Coaching Ejecutivo? \u00bfPor qu\u00e9 es importante tener un coach como parte de tu empresa? En Audox tenemos servicios especializados en este rubro.","og_url":"https:\/\/www.audox.cl\/coaching-ejecutivo\/coaching-ejecutivo\/","og_site_name":"Expertos","article_modified_time":"2020-11-08T12:58:00+00:00","og_image":[{"url":"https:\/\/www.audox.cl\/coaching-ejecutivo\/wp-content\/uploads\/sites\/4\/2020\/11\/image-1024x648.png","type":"","width":"","height":""}],"twitter_card":"summary_large_image","twitter_misc":{"Tiempo de lectura":"2 minutos"},"schema":{"@context":"https:\/\/schema.org","@graph":[{"@type":"WebPage","@id":"https:\/\/www.audox.cl\/coaching-ejecutivo\/coaching-ejecutivo\/","url":"https:\/\/www.audox.cl\/coaching-ejecutivo\/coaching-ejecutivo\/","name":"\u00bfQu\u00e9 es Coaching Ejecutivo? - Expertos","isPartOf":{"@id":"https:\/\/www.audox.cl\/coaching-ejecutivo\/#website"},"primaryImageOfPage":{"@id":"https:\/\/www.audox.cl\/coaching-ejecutivo\/coaching-ejecutivo\/#primaryimage"},"image":{"@id":"https:\/\/www.audox.cl\/coaching-ejecutivo\/coaching-ejecutivo\/#primaryimage"},"thumbnailUrl":"https:\/\/www.audox.cl\/coaching-ejecutivo\/wp-content\/uploads\/sites\/4\/2020\/11\/image-1024x648.png","datePublished":"2017-01-18T02:00:52+00:00","dateModified":"2020-11-08T12:58:00+00:00","description":"\u00bfQu\u00e9 es un Coaching Ejecutivo? \u00bfPor qu\u00e9 es importante tener un coach como parte de tu empresa? En Audox tenemos servicios especializados en este rubro.","breadcrumb":{"@id":"https:\/\/www.audox.cl\/coaching-ejecutivo\/coaching-ejecutivo\/#breadcrumb"},"inLanguage":"es","potentialAction":[{"@type":"ReadAction","target":["https:\/\/www.audox.cl\/coaching-ejecutivo\/coaching-ejecutivo\/"]}]},{"@type":"ImageObject","inLanguage":"es","@id":"https:\/\/www.audox.cl\/coaching-ejecutivo\/coaching-ejecutivo\/#primaryimage","url":"https:\/\/www.audox.cl\/coaching-ejecutivo\/wp-content\/uploads\/sites\/4\/2020\/11\/image.png","contentUrl":"https:\/\/www.audox.cl\/coaching-ejecutivo\/wp-content\/uploads\/sites\/4\/2020\/11\/image.png","width":1041,"height":659,"caption":"coaching ejecutivo"},{"@type":"BreadcrumbList","@id":"https:\/\/www.audox.cl\/coaching-ejecutivo\/coaching-ejecutivo\/#breadcrumb","itemListElement":[{"@type":"ListItem","position":1,"name":"Portada","item":"https:\/\/www.audox.cl\/coaching-ejecutivo\/inicio\/"},{"@type":"ListItem","position":2,"name":"Coaching Ejecutivo"}]},{"@type":"WebSite","@id":"https:\/\/www.audox.cl\/coaching-ejecutivo\/#website","url":"https:\/\/www.audox.cl\/coaching-ejecutivo\/","name":"Expertos","description":"Otro sitio m\u00e1s de Audox Soluciones Tecnol\u00f3gicas - Soluciones","potentialAction":[{"@type":"SearchAction","target":{"@type":"EntryPoint","urlTemplate":"https:\/\/www.audox.cl\/coaching-ejecutivo\/?s={search_term_string}"},"query-input":{"@type":"PropertyValueSpecification","valueRequired":true,"valueName":"search_term_string"}}],"inLanguage":"es"}]}},"_links":{"self":[{"href":"https:\/\/www.audox.cl\/coaching-ejecutivo\/wp-json\/wp\/v2\/pages\/20","targetHints":{"allow":["GET"]}}],"collection":[{"href":"https:\/\/www.audox.cl\/coaching-ejecutivo\/wp-json\/wp\/v2\/pages"}],"about":[{"href":"https:\/\/www.audox.cl\/coaching-ejecutivo\/wp-json\/wp\/v2\/types\/page"}],"author":[{"embeddable":true,"href":"https:\/\/www.audox.cl\/coaching-ejecutivo\/wp-json\/wp\/v2\/users\/3"}],"replies":[{"embeddable":true,"href":"https:\/\/www.audox.cl\/coaching-ejecutivo\/wp-json\/wp\/v2\/comments?post=20"}],"version-history":[{"count":6,"href":"https:\/\/www.audox.cl\/coaching-ejecutivo\/wp-json\/wp\/v2\/pages\/20\/revisions"}],"predecessor-version":[{"id":55,"href":"https:\/\/www.audox.cl\/coaching-ejecutivo\/wp-json\/wp\/v2\/pages\/20\/revisions\/55"}],"wp:attachment":[{"href":"https:\/\/www.audox.cl\/coaching-ejecutivo\/wp-json\/wp\/v2\/media?parent=20"}],"curies":[{"name":"wp","href":"https:\/\/api.w.org\/{rel}","templated":true}]}}