{"id":22,"date":"2017-01-18T02:01:24","date_gmt":"2017-01-18T02:01:24","guid":{"rendered":"http:\/\/www.audox.cl\/coaching-ejecutivo\/?page_id=22"},"modified":"2020-11-08T13:19:29","modified_gmt":"2020-11-08T13:19:29","slug":"servicios-de-coaching","status":"publish","type":"page","link":"https:\/\/www.audox.cl\/coaching-ejecutivo\/servicios-de-coaching\/","title":{"rendered":"Servicios"},"content":{"rendered":"\n<p>Los coaches de negocios ayudan a emprendedores, due\u00f1os de negocios y profesionales a crecer de diversas formas. Comparten asesor\u00edas especializadas, consultor\u00edas personalizadas y planes de crecimiento para que sus clientes aumenten los ingresos de la empresa, aceleren su carrera o aumenten el crecimiento comercial.<\/p>\n\n\n\n<p>Cuando digo \u00abcoach de negocios\u00bb, seguro te imaginas oradores motivacionales cursis, una sala de conferencias fr\u00eda en un hotel y un caf\u00e9 igualmente deprimente. Pero el coaching empresarial puede ser la mayor inversi\u00f3n que realices en tu carrera o negocio.<\/p>\n\n\n\n<p>Ya sea que seas un profesional de negocios que lucha por obtener un ascenso o un emprendedor que no est\u00e9 seguro de su pr\u00f3ximo paso, el asesor de negocios adecuado puede colocarlo en un camino lucrativo hacia el \u00e9xito.<\/p>\n\n\n\n<figure class=\"wp-block-image size-large\"><img loading=\"lazy\" decoding=\"async\" width=\"1024\" height=\"648\" src=\"http:\/\/www.audox.cl\/coaching-ejecutivo\/wp-content\/uploads\/sites\/4\/2020\/11\/image-1024x648.png\" alt=\"servicios de coaching\" class=\"wp-image-44\" srcset=\"https:\/\/www.audox.cl\/coaching-ejecutivo\/wp-content\/uploads\/sites\/4\/2020\/11\/image-1024x648.png 1024w, https:\/\/www.audox.cl\/coaching-ejecutivo\/wp-content\/uploads\/sites\/4\/2020\/11\/image-300x190.png 300w, https:\/\/www.audox.cl\/coaching-ejecutivo\/wp-content\/uploads\/sites\/4\/2020\/11\/image-768x486.png 768w, https:\/\/www.audox.cl\/coaching-ejecutivo\/wp-content\/uploads\/sites\/4\/2020\/11\/image-100x63.png 100w, https:\/\/www.audox.cl\/coaching-ejecutivo\/wp-content\/uploads\/sites\/4\/2020\/11\/image-150x95.png 150w, https:\/\/www.audox.cl\/coaching-ejecutivo\/wp-content\/uploads\/sites\/4\/2020\/11\/image-200x127.png 200w, https:\/\/www.audox.cl\/coaching-ejecutivo\/wp-content\/uploads\/sites\/4\/2020\/11\/image-450x285.png 450w, https:\/\/www.audox.cl\/coaching-ejecutivo\/wp-content\/uploads\/sites\/4\/2020\/11\/image-600x380.png 600w, https:\/\/www.audox.cl\/coaching-ejecutivo\/wp-content\/uploads\/sites\/4\/2020\/11\/image-900x570.png 900w, https:\/\/www.audox.cl\/coaching-ejecutivo\/wp-content\/uploads\/sites\/4\/2020\/11\/image.png 1041w\" sizes=\"auto, (max-width: 1024px) 100vw, 1024px\" \/><\/figure>\n\n\n\n<h2 class=\"wp-block-heading\">\u00bfCu\u00e1les son los Servicios de Coaching de Audox?<\/h2>\n\n\n\n<ul class=\"wp-block-list\"><li><strong>Empleados:<\/strong> Construye un equipo que funcione.<\/li><li><strong>Sistemas:<\/strong> Desarrolla cada uno de los sistemas que tu empresa necesita.<\/li><li><strong>Financieros:<\/strong> Crea consistencia financiera en tus resultados.<\/li><li><strong>Clientes:<\/strong> Crea el Marketing, Conversi\u00f3n de Leads, CMS, entre otros, que te permitir\u00e1n encontrar y retener tus clientes.<\/li><\/ul>\n\n\n\n<h2 class=\"wp-block-heading\">\u00bfPor qu\u00e9 realizar Coaching Ejecutivo?<\/h2>\n\n\n\n<p>Para los directores ejecutivos, fundadores y ejecutivos, puede ser solitario \u00abestar en la cima.\u00bb Sin un mentor y un socio responsable, muchos l\u00edderes empresariales se encuentran llegando al l\u00edmite de lo que pueden lograr. Los l\u00edderes ayudan a desarrollar equipos y los coaches de negocios ayudan a desarrollar l\u00edderes.<\/p>\n\n\n\n<p>En una asociaci\u00f3n exitosa con un asesor empresarial, puede ganar:<\/p>\n\n\n\n<ul class=\"wp-block-list\"><li>Mayor autoconciencia y mentalidad<\/li><li>Mayor rendimiento, productividad y confianza individual<\/li><li>Claridad sobre c\u00f3mo se ve el \u00e9xito y los pasos necesarios para lograrlo<\/li><li>Desarrollo de habilidades sociales cr\u00edticas y toma de decisiones.<\/li><li>Responsabilidad y crecimiento<\/li><\/ul>\n\n\n\n<h2 class=\"wp-block-heading\">\u00bfQu\u00e9 esperar de los servicios de coaching?<\/h2>\n\n\n\n<p>Tu coach empresarial debe:<\/p>\n\n\n\n<ul class=\"wp-block-list\"><li>Hacerte preguntas y guiarlo hacia respuestas que lo llevar\u00e1n a informaci\u00f3n valiosa.<\/li><li>Brindar consejos dise\u00f1ados para ayudarto a obtener una perspectiva valiosa.<\/li><li>Hacerte responsable de sus objetivos como empresa y como l\u00edder dentro de su organizaci\u00f3n.<\/li><li>Tu coach te solicitar\u00e1 ser completamente transparente.<\/li><\/ul>\n\n\n\n<h2 class=\"wp-block-heading\">Servicios Especializados con Audox<\/h2>\n\n\n\n<p>En Audox\u00a0<a href=\"https:\/\/www.youtube.com\/watch?v=fCnHr0wm9gU\">somos expertos<\/a>\u00a0en soporte, capacitaci\u00f3n, cursos y otros servicios de Coaching Ejecutivo para empresas peque\u00f1as, medianas y grandes gracias a nuestra amplia experiencia de m\u00e1s de una d\u00e9cada en el \u00e1rea de la tecnolog\u00eda e ingenier\u00eda.<\/p>\n\n\n\n<p>Nuestro equipo de especialistas est\u00e1 listo para ayudarte en solventar tus problemas y dar respuesta a tus necesidades.<\/p>\n\n\n\n<p><a href=\"https:\/\/www.audox.cl\/coaching-ejecutivo\/contacto\/\">\u00a1Cont\u00e1ctanos!<\/a><\/p>\n","protected":false},"excerpt":{"rendered":"<p>Los coaches de negocios ayudan a emprendedores, due\u00f1os de negocios y profesionales a crecer de diversas formas. Comparten asesor\u00edas especializadas, consultor\u00edas personalizadas y planes de crecimiento para que sus clientes aumenten los ingresos de la empresa, aceleren su carrera o &hellip;<\/p>\n<p class=\"read-more\"> <a class=\"more-link\" href=\"https:\/\/www.audox.cl\/coaching-ejecutivo\/servicios-de-coaching\/\"> <span class=\"screen-reader-text\">Servicios<\/span> Leer m\u00e1s \u00bb<\/a><\/p>\n","protected":false},"author":3,"featured_media":0,"parent":0,"menu_order":0,"comment_status":"closed","ping_status":"closed","template":"","meta":{"om_disable_all_campaigns":false,"inline_featured_image":false,"_monsterinsights_skip_tracking":false,"_monsterinsights_sitenote_active":false,"_monsterinsights_sitenote_note":"","_monsterinsights_sitenote_category":0,"footnotes":""},"class_list":["post-22","page","type-page","status-publish","hentry"],"yoast_head":"<!-- This site is optimized with the Yoast SEO plugin v27.6 - https:\/\/yoast.com\/product\/yoast-seo-wordpress\/ -->\n<title>Servicios de Coaching - Expertos Especializado<\/title>\n<meta name=\"description\" content=\"\u00bfQu\u00e9 son los Servicios de Coaching? \u00bfPor qu\u00e9 es importante tener un coach como parte de tu empresa? En Audox tenemos servicios especializados en este rubro.\" \/>\n<meta name=\"robots\" content=\"index, follow, max-snippet:-1, max-image-preview:large, max-video-preview:-1\" \/>\n<link rel=\"canonical\" href=\"https:\/\/www.audox.cl\/coaching-ejecutivo\/servicios-de-coaching\/\" \/>\n<meta property=\"og:locale\" content=\"es_ES\" \/>\n<meta property=\"og:type\" content=\"article\" \/>\n<meta property=\"og:title\" content=\"Servicios de Coaching - Expertos Especializado\" \/>\n<meta property=\"og:description\" content=\"\u00bfQu\u00e9 son los Servicios de Coaching? \u00bfPor qu\u00e9 es importante tener un coach como parte de tu empresa? En Audox tenemos servicios especializados en este rubro.\" \/>\n<meta property=\"og:url\" content=\"https:\/\/www.audox.cl\/coaching-ejecutivo\/servicios-de-coaching\/\" \/>\n<meta property=\"og:site_name\" content=\"Expertos\" \/>\n<meta property=\"article:modified_time\" content=\"2020-11-08T13:19:29+00:00\" \/>\n<meta property=\"og:image\" content=\"http:\/\/www.audox.cl\/coaching-ejecutivo\/wp-content\/uploads\/sites\/4\/2020\/11\/image-1024x648.png\" \/>\n<meta name=\"twitter:card\" content=\"summary_large_image\" \/>\n<meta name=\"twitter:label1\" content=\"Tiempo de lectura\" \/>\n\t<meta name=\"twitter:data1\" content=\"2 minutos\" \/>\n<script type=\"application\/ld+json\" class=\"yoast-schema-graph\">{\"@context\":\"https:\\\/\\\/schema.org\",\"@graph\":[{\"@type\":\"WebPage\",\"@id\":\"https:\\\/\\\/www.audox.cl\\\/coaching-ejecutivo\\\/servicios-de-coaching\\\/\",\"url\":\"https:\\\/\\\/www.audox.cl\\\/coaching-ejecutivo\\\/servicios-de-coaching\\\/\",\"name\":\"Servicios de Coaching - Expertos Especializado\",\"isPartOf\":{\"@id\":\"https:\\\/\\\/www.audox.cl\\\/coaching-ejecutivo\\\/#website\"},\"primaryImageOfPage\":{\"@id\":\"https:\\\/\\\/www.audox.cl\\\/coaching-ejecutivo\\\/servicios-de-coaching\\\/#primaryimage\"},\"image\":{\"@id\":\"https:\\\/\\\/www.audox.cl\\\/coaching-ejecutivo\\\/servicios-de-coaching\\\/#primaryimage\"},\"thumbnailUrl\":\"http:\\\/\\\/www.audox.cl\\\/coaching-ejecutivo\\\/wp-content\\\/uploads\\\/sites\\\/4\\\/2020\\\/11\\\/image-1024x648.png\",\"datePublished\":\"2017-01-18T02:01:24+00:00\",\"dateModified\":\"2020-11-08T13:19:29+00:00\",\"description\":\"\u00bfQu\u00e9 son los Servicios de Coaching? \u00bfPor qu\u00e9 es importante tener un coach como parte de tu empresa? En Audox tenemos servicios especializados en este rubro.\",\"breadcrumb\":{\"@id\":\"https:\\\/\\\/www.audox.cl\\\/coaching-ejecutivo\\\/servicios-de-coaching\\\/#breadcrumb\"},\"inLanguage\":\"es\",\"potentialAction\":[{\"@type\":\"ReadAction\",\"target\":[\"https:\\\/\\\/www.audox.cl\\\/coaching-ejecutivo\\\/servicios-de-coaching\\\/\"]}]},{\"@type\":\"ImageObject\",\"inLanguage\":\"es\",\"@id\":\"https:\\\/\\\/www.audox.cl\\\/coaching-ejecutivo\\\/servicios-de-coaching\\\/#primaryimage\",\"url\":\"https:\\\/\\\/www.audox.cl\\\/coaching-ejecutivo\\\/wp-content\\\/uploads\\\/sites\\\/4\\\/2020\\\/11\\\/image.png\",\"contentUrl\":\"https:\\\/\\\/www.audox.cl\\\/coaching-ejecutivo\\\/wp-content\\\/uploads\\\/sites\\\/4\\\/2020\\\/11\\\/image.png\",\"width\":1041,\"height\":659,\"caption\":\"coaching ejecutivo\"},{\"@type\":\"BreadcrumbList\",\"@id\":\"https:\\\/\\\/www.audox.cl\\\/coaching-ejecutivo\\\/servicios-de-coaching\\\/#breadcrumb\",\"itemListElement\":[{\"@type\":\"ListItem\",\"position\":1,\"name\":\"Portada\",\"item\":\"https:\\\/\\\/www.audox.cl\\\/coaching-ejecutivo\\\/inicio\\\/\"},{\"@type\":\"ListItem\",\"position\":2,\"name\":\"Servicios\"}]},{\"@type\":\"WebSite\",\"@id\":\"https:\\\/\\\/www.audox.cl\\\/coaching-ejecutivo\\\/#website\",\"url\":\"https:\\\/\\\/www.audox.cl\\\/coaching-ejecutivo\\\/\",\"name\":\"Expertos\",\"description\":\"Otro sitio m\u00e1s de Audox Soluciones Tecnol\u00f3gicas - Soluciones\",\"potentialAction\":[{\"@type\":\"SearchAction\",\"target\":{\"@type\":\"EntryPoint\",\"urlTemplate\":\"https:\\\/\\\/www.audox.cl\\\/coaching-ejecutivo\\\/?s={search_term_string}\"},\"query-input\":{\"@type\":\"PropertyValueSpecification\",\"valueRequired\":true,\"valueName\":\"search_term_string\"}}],\"inLanguage\":\"es\"}]}<\/script>\n<!-- \/ Yoast SEO plugin. -->","yoast_head_json":{"title":"Servicios de Coaching - Expertos Especializado","description":"\u00bfQu\u00e9 son los Servicios de Coaching? \u00bfPor qu\u00e9 es importante tener un coach como parte de tu empresa? En Audox tenemos servicios especializados en este rubro.","robots":{"index":"index","follow":"follow","max-snippet":"max-snippet:-1","max-image-preview":"max-image-preview:large","max-video-preview":"max-video-preview:-1"},"canonical":"https:\/\/www.audox.cl\/coaching-ejecutivo\/servicios-de-coaching\/","og_locale":"es_ES","og_type":"article","og_title":"Servicios de Coaching - Expertos Especializado","og_description":"\u00bfQu\u00e9 son los Servicios de Coaching? \u00bfPor qu\u00e9 es importante tener un coach como parte de tu empresa? En Audox tenemos servicios especializados en este rubro.","og_url":"https:\/\/www.audox.cl\/coaching-ejecutivo\/servicios-de-coaching\/","og_site_name":"Expertos","article_modified_time":"2020-11-08T13:19:29+00:00","og_image":[{"url":"http:\/\/www.audox.cl\/coaching-ejecutivo\/wp-content\/uploads\/sites\/4\/2020\/11\/image-1024x648.png","type":"","width":"","height":""}],"twitter_card":"summary_large_image","twitter_misc":{"Tiempo de lectura":"2 minutos"},"schema":{"@context":"https:\/\/schema.org","@graph":[{"@type":"WebPage","@id":"https:\/\/www.audox.cl\/coaching-ejecutivo\/servicios-de-coaching\/","url":"https:\/\/www.audox.cl\/coaching-ejecutivo\/servicios-de-coaching\/","name":"Servicios de Coaching - Expertos Especializado","isPartOf":{"@id":"https:\/\/www.audox.cl\/coaching-ejecutivo\/#website"},"primaryImageOfPage":{"@id":"https:\/\/www.audox.cl\/coaching-ejecutivo\/servicios-de-coaching\/#primaryimage"},"image":{"@id":"https:\/\/www.audox.cl\/coaching-ejecutivo\/servicios-de-coaching\/#primaryimage"},"thumbnailUrl":"http:\/\/www.audox.cl\/coaching-ejecutivo\/wp-content\/uploads\/sites\/4\/2020\/11\/image-1024x648.png","datePublished":"2017-01-18T02:01:24+00:00","dateModified":"2020-11-08T13:19:29+00:00","description":"\u00bfQu\u00e9 son los Servicios de Coaching? \u00bfPor qu\u00e9 es importante tener un coach como parte de tu empresa? En Audox tenemos servicios especializados en este rubro.","breadcrumb":{"@id":"https:\/\/www.audox.cl\/coaching-ejecutivo\/servicios-de-coaching\/#breadcrumb"},"inLanguage":"es","potentialAction":[{"@type":"ReadAction","target":["https:\/\/www.audox.cl\/coaching-ejecutivo\/servicios-de-coaching\/"]}]},{"@type":"ImageObject","inLanguage":"es","@id":"https:\/\/www.audox.cl\/coaching-ejecutivo\/servicios-de-coaching\/#primaryimage","url":"https:\/\/www.audox.cl\/coaching-ejecutivo\/wp-content\/uploads\/sites\/4\/2020\/11\/image.png","contentUrl":"https:\/\/www.audox.cl\/coaching-ejecutivo\/wp-content\/uploads\/sites\/4\/2020\/11\/image.png","width":1041,"height":659,"caption":"coaching ejecutivo"},{"@type":"BreadcrumbList","@id":"https:\/\/www.audox.cl\/coaching-ejecutivo\/servicios-de-coaching\/#breadcrumb","itemListElement":[{"@type":"ListItem","position":1,"name":"Portada","item":"https:\/\/www.audox.cl\/coaching-ejecutivo\/inicio\/"},{"@type":"ListItem","position":2,"name":"Servicios"}]},{"@type":"WebSite","@id":"https:\/\/www.audox.cl\/coaching-ejecutivo\/#website","url":"https:\/\/www.audox.cl\/coaching-ejecutivo\/","name":"Expertos","description":"Otro sitio m\u00e1s de Audox Soluciones Tecnol\u00f3gicas - Soluciones","potentialAction":[{"@type":"SearchAction","target":{"@type":"EntryPoint","urlTemplate":"https:\/\/www.audox.cl\/coaching-ejecutivo\/?s={search_term_string}"},"query-input":{"@type":"PropertyValueSpecification","valueRequired":true,"valueName":"search_term_string"}}],"inLanguage":"es"}]}},"_links":{"self":[{"href":"https:\/\/www.audox.cl\/coaching-ejecutivo\/wp-json\/wp\/v2\/pages\/22","targetHints":{"allow":["GET"]}}],"collection":[{"href":"https:\/\/www.audox.cl\/coaching-ejecutivo\/wp-json\/wp\/v2\/pages"}],"about":[{"href":"https:\/\/www.audox.cl\/coaching-ejecutivo\/wp-json\/wp\/v2\/types\/page"}],"author":[{"embeddable":true,"href":"https:\/\/www.audox.cl\/coaching-ejecutivo\/wp-json\/wp\/v2\/users\/3"}],"replies":[{"embeddable":true,"href":"https:\/\/www.audox.cl\/coaching-ejecutivo\/wp-json\/wp\/v2\/comments?post=22"}],"version-history":[{"count":7,"href":"https:\/\/www.audox.cl\/coaching-ejecutivo\/wp-json\/wp\/v2\/pages\/22\/revisions"}],"predecessor-version":[{"id":59,"href":"https:\/\/www.audox.cl\/coaching-ejecutivo\/wp-json\/wp\/v2\/pages\/22\/revisions\/59"}],"wp:attachment":[{"href":"https:\/\/www.audox.cl\/coaching-ejecutivo\/wp-json\/wp\/v2\/media?parent=22"}],"curies":[{"name":"wp","href":"https:\/\/api.w.org\/{rel}","templated":true}]}}