{"id":20,"date":"2020-05-10T19:50:22","date_gmt":"2020-05-10T19:50:22","guid":{"rendered":"https:\/\/www.audox.cl\/cursos-para-power-bi\/?page_id=20"},"modified":"2025-02-14T03:41:22","modified_gmt":"2025-02-14T03:41:22","slug":"cursos-power-bi","status":"publish","type":"page","link":"https:\/\/www.audox.cl\/cursos-power-bi\/cursos-power-bi\/","title":{"rendered":"Cursos"},"content":{"rendered":"\n<p>Nuestros cursos especializados en Power BI est\u00e1n enfocados en:<\/p>\n\n\n\n<ul class=\"wp-block-list\"><li>Implementaci\u00f3n<\/li><li>Capacitaci\u00f3n<\/li><li>Soporte<\/li><\/ul>\n\n\n\n<figure class=\"wp-block-image size-large\"><img loading=\"lazy\" decoding=\"async\" width=\"1024\" height=\"643\" src=\"https:\/\/www.audox.cl\/cursos-para-power-bi\/wp-content\/uploads\/sites\/33\/2020\/05\/Power-BI-min-1024x643.png\" alt=\"cursos para power bi\" class=\"wp-image-26\" srcset=\"https:\/\/www.audox.cl\/cursos-power-bi\/wp-content\/uploads\/sites\/33\/2020\/05\/Power-BI-min-1024x643.png 1024w, https:\/\/www.audox.cl\/cursos-power-bi\/wp-content\/uploads\/sites\/33\/2020\/05\/Power-BI-min-300x188.png 300w, https:\/\/www.audox.cl\/cursos-power-bi\/wp-content\/uploads\/sites\/33\/2020\/05\/Power-BI-min-768x482.png 768w, https:\/\/www.audox.cl\/cursos-power-bi\/wp-content\/uploads\/sites\/33\/2020\/05\/Power-BI-min-1536x964.png 1536w, https:\/\/www.audox.cl\/cursos-power-bi\/wp-content\/uploads\/sites\/33\/2020\/05\/Power-BI-min-2048x1285.png 2048w, https:\/\/www.audox.cl\/cursos-power-bi\/wp-content\/uploads\/sites\/33\/2020\/05\/Power-BI-min-100x63.png 100w, https:\/\/www.audox.cl\/cursos-power-bi\/wp-content\/uploads\/sites\/33\/2020\/05\/Power-BI-min-150x94.png 150w, https:\/\/www.audox.cl\/cursos-power-bi\/wp-content\/uploads\/sites\/33\/2020\/05\/Power-BI-min-200x125.png 200w, https:\/\/www.audox.cl\/cursos-power-bi\/wp-content\/uploads\/sites\/33\/2020\/05\/Power-BI-min-450x282.png 450w, https:\/\/www.audox.cl\/cursos-power-bi\/wp-content\/uploads\/sites\/33\/2020\/05\/Power-BI-min-600x376.png 600w, https:\/\/www.audox.cl\/cursos-power-bi\/wp-content\/uploads\/sites\/33\/2020\/05\/Power-BI-min-900x565.png 900w\" sizes=\"auto, (max-width: 1024px) 100vw, 1024px\" \/><\/figure>\n\n\n\n<p class=\"has-text-align-center\"><em>Mientras lees, recuerda que en Audox\u00a0<strong><a href=\"https:\/\/courses.edx.org\/certificates\/823f7c2011e440feb4c824a739a586e5\">estamos certificados<\/a><\/strong>\u00a0en Power BI.<\/em><\/p>\n\n\n\n<h2 class=\"wp-block-heading\">\u00bfPara qu\u00e9 sirve Power BI?<\/h2>\n\n\n\n<p>Microsoft Power BI es una plataforma de inteligencia empresarial que brinda a los usuarios comerciales (y no t\u00e9cnicos) herramientas para agregar, analizar, visualizar y compartir datos. <\/p>\n\n\n\n<p>La interfaz de usuario de Power BI es bastante intuitiva para los usuarios familiarizados con Excel. Su profunda integraci\u00f3n con otros productos de Microsoft la convierte en una herramienta de autoservicio muy vers\u00e1til que requiere poca capacitaci\u00f3n inicial.<\/p>\n\n\n\n<p>Una versi\u00f3n gratuita de Power BI est\u00e1 destinada a propietarios de peque\u00f1as y medianas empresas. Otra versi\u00f3n profesional llamada Power BI Plus est\u00e1 disponible por una tarifa de suscripci\u00f3n mensual. <\/p>\n\n\n\n<p>Los usuarios pueden descargar una aplicaci\u00f3n para Windows 10, llamada Power BI Desktop, y aplicaciones m\u00f3viles nativas para dispositivos Windows, Android e iOS. Existe Power BI Report Server para empresas que deben mantener sus datos e informes en las instalaciones. <\/p>\n\n\n\n<p>Esa versi\u00f3n de Power BI requiere una versi\u00f3n especial de la aplicaci\u00f3n de escritorio, llamada Power BI Desktop para Power BI Report Server.<\/p>\n\n\n\n<h2 class=\"wp-block-heading\">Usos comunes<\/h2>\n\n\n\n<p>Microsoft Power BI se utiliza para encontrar informaci\u00f3n dentro de los datos de una organizaci\u00f3n. Power BI puede ayudar a conectar conjuntos de datos dispares, transformar y limpiar los datos en un modelo de datos y crear cuadros o gr\u00e1ficos para proporcionar im\u00e1genes de los datos. Todo esto se puede compartir con otros usuarios de Power BI dentro de la organizaci\u00f3n.<\/p>\n\n\n\n<p>Los modelos de datos creados a partir de Power BI se pueden usar de varias maneras para las organizaciones, incluyendo contar historias a trav\u00e9s de gr\u00e1ficos y visualizaciones de datos y examinar escenarios de \u00abqu\u00e9 pasar\u00eda si\u00bb dentro de los datos. Los informes de Power BI tambi\u00e9n pueden responder preguntas en tiempo real y ayudar con el pron\u00f3stico para asegurarse de que los departamentos cumplan con las m\u00e9tricas comerciales.<\/p>\n\n\n\n<p>Power BI tambi\u00e9n puede proporcionar cuadros de mando ejecutivos para administradores o gerentes, lo que brinda a la gerencia m\u00e1s informaci\u00f3n sobre c\u00f3mo est\u00e1n los departamentos.<\/p>\n\n\n\n<h2 class=\"wp-block-heading\">Cursos para Power BI con Audox<\/h2>\n\n\n\n<p>En Audox,<a href=\"https:\/\/www.youtube.com\/feed\/my_videos\">\u00a0somos expertos<\/a>\u00a0en implementaci\u00f3n, soporte y capacitaci\u00f3n de Power BI para empresas peque\u00f1as, medianas y grandes gracias a nuestra amplia experiencia de m\u00e1s de una d\u00e9cada en el \u00e1rea de la tecnolog\u00eda e ingenier\u00eda. Audox\u00a0<strong><a href=\"https:\/\/courses.edx.org\/certificates\/823f7c2011e440feb4c824a739a586e5\">est\u00e1 certificado<\/a><\/strong>\u00a0en Power BI.<\/p>\n\n\n\n<p>Nuestro equipo de especialistas est\u00e1 listo para ayudarte en solventar tus problemas y dar respuesta a tus necesidades.<\/p>\n\n\n\n<p><a href=\"https:\/\/www.audox.cl\/cursos-para-power-bi\/contacto\/\">\u00a1Cont\u00e1ctanos!<\/a><\/p>\n","protected":false},"excerpt":{"rendered":"<p>Nuestros cursos especializados en Power BI est\u00e1n enfocados en: Implementaci\u00f3n Capacitaci\u00f3n Soporte Mientras lees, recuerda que en Audox\u00a0estamos certificados\u00a0en Power BI. \u00bfPara qu\u00e9 sirve Power BI? Microsoft Power BI es una plataforma de inteligencia empresarial que brinda a los usuarios &hellip;<\/p>\n<p class=\"read-more\"> <a class=\"more-link\" href=\"https:\/\/www.audox.cl\/cursos-power-bi\/cursos-power-bi\/\"> <span class=\"screen-reader-text\">Cursos<\/span> Leer m\u00e1s \u00bb<\/a><\/p>\n","protected":false},"author":1,"featured_media":0,"parent":0,"menu_order":2,"comment_status":"closed","ping_status":"closed","template":"","meta":{"om_disable_all_campaigns":false,"inline_featured_image":false,"_monsterinsights_skip_tracking":false,"_monsterinsights_sitenote_active":false,"_monsterinsights_sitenote_note":"","_monsterinsights_sitenote_category":0,"footnotes":""},"class_list":["post-20","page","type-page","status-publish","hentry"],"yoast_head":"<!-- This site is optimized with the Yoast SEO plugin v27.3 - https:\/\/yoast.com\/product\/yoast-seo-wordpress\/ -->\n<title>Cursos Power BI - Expertos Especializados en Power BI<\/title>\n<meta name=\"description\" content=\"Implementaci\u00f3n, Capacitaci\u00f3n, Soporte Especializado y otros Cursos Power BI. Todo lo que necesitas para potenciar Power BI lo tienes con Audox.\" \/>\n<meta name=\"robots\" content=\"index, follow, max-snippet:-1, max-image-preview:large, max-video-preview:-1\" \/>\n<link rel=\"canonical\" href=\"https:\/\/www.audox.cl\/cursos-power-bi\/cursos-power-bi\/\" \/>\n<meta property=\"og:locale\" content=\"es_ES\" \/>\n<meta property=\"og:type\" content=\"article\" \/>\n<meta property=\"og:title\" content=\"Cursos Power BI - Expertos Especializados en Power BI\" \/>\n<meta property=\"og:description\" content=\"Implementaci\u00f3n, Capacitaci\u00f3n, Soporte Especializado y otros Cursos Power BI. Todo lo que necesitas para potenciar Power BI lo tienes con Audox.\" \/>\n<meta property=\"og:url\" content=\"https:\/\/www.audox.cl\/cursos-power-bi\/cursos-power-bi\/\" \/>\n<meta property=\"og:site_name\" content=\"Power BI Cursos Expertos\" \/>\n<meta property=\"article:modified_time\" content=\"2025-02-14T03:41:22+00:00\" \/>\n<meta property=\"og:image\" content=\"https:\/\/www.audox.cl\/cursos-power-bi\/wp-content\/uploads\/sites\/33\/2020\/05\/Power-BI-min.png\" \/>\n\t<meta property=\"og:image:width\" content=\"2550\" \/>\n\t<meta property=\"og:image:height\" content=\"1600\" \/>\n\t<meta property=\"og:image:type\" content=\"image\/png\" \/>\n<meta name=\"twitter:card\" content=\"summary_large_image\" \/>\n<meta name=\"twitter:label1\" content=\"Tiempo de lectura\" \/>\n\t<meta name=\"twitter:data1\" content=\"2 minutos\" \/>\n<script type=\"application\/ld+json\" class=\"yoast-schema-graph\">{\"@context\":\"https:\\\/\\\/schema.org\",\"@graph\":[{\"@type\":\"WebPage\",\"@id\":\"https:\\\/\\\/www.audox.cl\\\/cursos-power-bi\\\/cursos-power-bi\\\/\",\"url\":\"https:\\\/\\\/www.audox.cl\\\/cursos-power-bi\\\/cursos-power-bi\\\/\",\"name\":\"Cursos Power BI - Expertos Especializados en Power BI\",\"isPartOf\":{\"@id\":\"https:\\\/\\\/www.audox.cl\\\/cursos-power-bi\\\/#website\"},\"primaryImageOfPage\":{\"@id\":\"https:\\\/\\\/www.audox.cl\\\/cursos-power-bi\\\/cursos-power-bi\\\/#primaryimage\"},\"image\":{\"@id\":\"https:\\\/\\\/www.audox.cl\\\/cursos-power-bi\\\/cursos-power-bi\\\/#primaryimage\"},\"thumbnailUrl\":\"https:\\\/\\\/www.audox.cl\\\/cursos-para-power-bi\\\/wp-content\\\/uploads\\\/sites\\\/33\\\/2020\\\/05\\\/Power-BI-min-1024x643.png\",\"datePublished\":\"2020-05-10T19:50:22+00:00\",\"dateModified\":\"2025-02-14T03:41:22+00:00\",\"description\":\"Implementaci\u00f3n, Capacitaci\u00f3n, Soporte Especializado y otros Cursos Power BI. Todo lo que necesitas para potenciar Power BI lo tienes con Audox.\",\"breadcrumb\":{\"@id\":\"https:\\\/\\\/www.audox.cl\\\/cursos-power-bi\\\/cursos-power-bi\\\/#breadcrumb\"},\"inLanguage\":\"es\",\"potentialAction\":[{\"@type\":\"ReadAction\",\"target\":[\"https:\\\/\\\/www.audox.cl\\\/cursos-power-bi\\\/cursos-power-bi\\\/\"]}]},{\"@type\":\"ImageObject\",\"inLanguage\":\"es\",\"@id\":\"https:\\\/\\\/www.audox.cl\\\/cursos-power-bi\\\/cursos-power-bi\\\/#primaryimage\",\"url\":\"https:\\\/\\\/www.audox.cl\\\/cursos-para-power-bi\\\/wp-content\\\/uploads\\\/sites\\\/33\\\/2020\\\/05\\\/Power-BI-min-1024x643.png\",\"contentUrl\":\"https:\\\/\\\/www.audox.cl\\\/cursos-para-power-bi\\\/wp-content\\\/uploads\\\/sites\\\/33\\\/2020\\\/05\\\/Power-BI-min-1024x643.png\"},{\"@type\":\"BreadcrumbList\",\"@id\":\"https:\\\/\\\/www.audox.cl\\\/cursos-power-bi\\\/cursos-power-bi\\\/#breadcrumb\",\"itemListElement\":[{\"@type\":\"ListItem\",\"position\":1,\"name\":\"Portada\",\"item\":\"https:\\\/\\\/www.audox.cl\\\/cursos-power-bi\\\/\"},{\"@type\":\"ListItem\",\"position\":2,\"name\":\"Cursos\"}]},{\"@type\":\"WebSite\",\"@id\":\"https:\\\/\\\/www.audox.cl\\\/cursos-power-bi\\\/#website\",\"url\":\"https:\\\/\\\/www.audox.cl\\\/cursos-power-bi\\\/\",\"name\":\"Power BI Cursos Expertos\",\"description\":\"Implementaci\u00f3n, Capacitaci\u00f3n y Soporte para Power BI Cursos en Chile\",\"potentialAction\":[{\"@type\":\"SearchAction\",\"target\":{\"@type\":\"EntryPoint\",\"urlTemplate\":\"https:\\\/\\\/www.audox.cl\\\/cursos-power-bi\\\/?s={search_term_string}\"},\"query-input\":{\"@type\":\"PropertyValueSpecification\",\"valueRequired\":true,\"valueName\":\"search_term_string\"}}],\"inLanguage\":\"es\"}]}<\/script>\n<!-- \/ Yoast SEO plugin. -->","yoast_head_json":{"title":"Cursos Power BI - Expertos Especializados en Power BI","description":"Implementaci\u00f3n, Capacitaci\u00f3n, Soporte Especializado y otros Cursos Power BI. Todo lo que necesitas para potenciar Power BI lo tienes con Audox.","robots":{"index":"index","follow":"follow","max-snippet":"max-snippet:-1","max-image-preview":"max-image-preview:large","max-video-preview":"max-video-preview:-1"},"canonical":"https:\/\/www.audox.cl\/cursos-power-bi\/cursos-power-bi\/","og_locale":"es_ES","og_type":"article","og_title":"Cursos Power BI - Expertos Especializados en Power BI","og_description":"Implementaci\u00f3n, Capacitaci\u00f3n, Soporte Especializado y otros Cursos Power BI. Todo lo que necesitas para potenciar Power BI lo tienes con Audox.","og_url":"https:\/\/www.audox.cl\/cursos-power-bi\/cursos-power-bi\/","og_site_name":"Power BI Cursos Expertos","article_modified_time":"2025-02-14T03:41:22+00:00","og_image":[{"width":2550,"height":1600,"url":"https:\/\/www.audox.cl\/cursos-power-bi\/wp-content\/uploads\/sites\/33\/2020\/05\/Power-BI-min.png","type":"image\/png"}],"twitter_card":"summary_large_image","twitter_misc":{"Tiempo de lectura":"2 minutos"},"schema":{"@context":"https:\/\/schema.org","@graph":[{"@type":"WebPage","@id":"https:\/\/www.audox.cl\/cursos-power-bi\/cursos-power-bi\/","url":"https:\/\/www.audox.cl\/cursos-power-bi\/cursos-power-bi\/","name":"Cursos Power BI - Expertos Especializados en Power BI","isPartOf":{"@id":"https:\/\/www.audox.cl\/cursos-power-bi\/#website"},"primaryImageOfPage":{"@id":"https:\/\/www.audox.cl\/cursos-power-bi\/cursos-power-bi\/#primaryimage"},"image":{"@id":"https:\/\/www.audox.cl\/cursos-power-bi\/cursos-power-bi\/#primaryimage"},"thumbnailUrl":"https:\/\/www.audox.cl\/cursos-para-power-bi\/wp-content\/uploads\/sites\/33\/2020\/05\/Power-BI-min-1024x643.png","datePublished":"2020-05-10T19:50:22+00:00","dateModified":"2025-02-14T03:41:22+00:00","description":"Implementaci\u00f3n, Capacitaci\u00f3n, Soporte Especializado y otros Cursos Power BI. Todo lo que necesitas para potenciar Power BI lo tienes con Audox.","breadcrumb":{"@id":"https:\/\/www.audox.cl\/cursos-power-bi\/cursos-power-bi\/#breadcrumb"},"inLanguage":"es","potentialAction":[{"@type":"ReadAction","target":["https:\/\/www.audox.cl\/cursos-power-bi\/cursos-power-bi\/"]}]},{"@type":"ImageObject","inLanguage":"es","@id":"https:\/\/www.audox.cl\/cursos-power-bi\/cursos-power-bi\/#primaryimage","url":"https:\/\/www.audox.cl\/cursos-para-power-bi\/wp-content\/uploads\/sites\/33\/2020\/05\/Power-BI-min-1024x643.png","contentUrl":"https:\/\/www.audox.cl\/cursos-para-power-bi\/wp-content\/uploads\/sites\/33\/2020\/05\/Power-BI-min-1024x643.png"},{"@type":"BreadcrumbList","@id":"https:\/\/www.audox.cl\/cursos-power-bi\/cursos-power-bi\/#breadcrumb","itemListElement":[{"@type":"ListItem","position":1,"name":"Portada","item":"https:\/\/www.audox.cl\/cursos-power-bi\/"},{"@type":"ListItem","position":2,"name":"Cursos"}]},{"@type":"WebSite","@id":"https:\/\/www.audox.cl\/cursos-power-bi\/#website","url":"https:\/\/www.audox.cl\/cursos-power-bi\/","name":"Power BI Cursos Expertos","description":"Implementaci\u00f3n, Capacitaci\u00f3n y Soporte para Power BI Cursos en Chile","potentialAction":[{"@type":"SearchAction","target":{"@type":"EntryPoint","urlTemplate":"https:\/\/www.audox.cl\/cursos-power-bi\/?s={search_term_string}"},"query-input":{"@type":"PropertyValueSpecification","valueRequired":true,"valueName":"search_term_string"}}],"inLanguage":"es"}]}},"_links":{"self":[{"href":"https:\/\/www.audox.cl\/cursos-power-bi\/wp-json\/wp\/v2\/pages\/20","targetHints":{"allow":["GET"]}}],"collection":[{"href":"https:\/\/www.audox.cl\/cursos-power-bi\/wp-json\/wp\/v2\/pages"}],"about":[{"href":"https:\/\/www.audox.cl\/cursos-power-bi\/wp-json\/wp\/v2\/types\/page"}],"author":[{"embeddable":true,"href":"https:\/\/www.audox.cl\/cursos-power-bi\/wp-json\/wp\/v2\/users\/1"}],"replies":[{"embeddable":true,"href":"https:\/\/www.audox.cl\/cursos-power-bi\/wp-json\/wp\/v2\/comments?post=20"}],"version-history":[{"count":4,"href":"https:\/\/www.audox.cl\/cursos-power-bi\/wp-json\/wp\/v2\/pages\/20\/revisions"}],"predecessor-version":[{"id":37,"href":"https:\/\/www.audox.cl\/cursos-power-bi\/wp-json\/wp\/v2\/pages\/20\/revisions\/37"}],"wp:attachment":[{"href":"https:\/\/www.audox.cl\/cursos-power-bi\/wp-json\/wp\/v2\/media?parent=20"}],"curies":[{"name":"wp","href":"https:\/\/api.w.org\/{rel}","templated":true}]}}