{"id":31,"date":"2020-06-04T01:13:02","date_gmt":"2020-06-04T01:13:02","guid":{"rendered":"http:\/\/www.audox.cl\/cursos-power-bi\/?page_id=31"},"modified":"2025-02-14T03:41:16","modified_gmt":"2025-02-14T03:41:16","slug":"aprender-power-bi","status":"publish","type":"page","link":"https:\/\/www.audox.cl\/cursos-power-bi\/aprender-power-bi\/","title":{"rendered":"Aprender Power BI"},"content":{"rendered":"\n<h2 class=\"wp-block-heading\">\u00bfEst\u00e1s buscando Aprender Power BI?<\/h2>\n\n\n\n<p>Si tu respuesta a la pregunta es \u00abs\u00ed, quiero un curso de Power BI\u00bb, perfecto, porque en Audox estamos para ayudarte a lograr tu objetivo. Primero, te ense\u00f1aremos algunas nociones b\u00e1sicas alrededor de la herramienta <strong>Microsoft Power BI.<\/strong><\/p>\n\n\n\n<figure class=\"wp-block-image size-large\"><img loading=\"lazy\" decoding=\"async\" width=\"1024\" height=\"643\" src=\"http:\/\/www.audox.cl\/cursos-power-bi\/wp-content\/uploads\/sites\/33\/2020\/05\/Power-BI-min-1024x643.png\" alt=\"Aprender Power BI\" class=\"wp-image-26\" srcset=\"https:\/\/www.audox.cl\/cursos-power-bi\/wp-content\/uploads\/sites\/33\/2020\/05\/Power-BI-min-1024x643.png 1024w, https:\/\/www.audox.cl\/cursos-power-bi\/wp-content\/uploads\/sites\/33\/2020\/05\/Power-BI-min-300x188.png 300w, https:\/\/www.audox.cl\/cursos-power-bi\/wp-content\/uploads\/sites\/33\/2020\/05\/Power-BI-min-768x482.png 768w, https:\/\/www.audox.cl\/cursos-power-bi\/wp-content\/uploads\/sites\/33\/2020\/05\/Power-BI-min-1536x964.png 1536w, https:\/\/www.audox.cl\/cursos-power-bi\/wp-content\/uploads\/sites\/33\/2020\/05\/Power-BI-min-2048x1285.png 2048w, https:\/\/www.audox.cl\/cursos-power-bi\/wp-content\/uploads\/sites\/33\/2020\/05\/Power-BI-min-100x63.png 100w, https:\/\/www.audox.cl\/cursos-power-bi\/wp-content\/uploads\/sites\/33\/2020\/05\/Power-BI-min-150x94.png 150w, https:\/\/www.audox.cl\/cursos-power-bi\/wp-content\/uploads\/sites\/33\/2020\/05\/Power-BI-min-200x125.png 200w, https:\/\/www.audox.cl\/cursos-power-bi\/wp-content\/uploads\/sites\/33\/2020\/05\/Power-BI-min-450x282.png 450w, https:\/\/www.audox.cl\/cursos-power-bi\/wp-content\/uploads\/sites\/33\/2020\/05\/Power-BI-min-600x376.png 600w, https:\/\/www.audox.cl\/cursos-power-bi\/wp-content\/uploads\/sites\/33\/2020\/05\/Power-BI-min-900x565.png 900w\" sizes=\"auto, (max-width: 1024px) 100vw, 1024px\" \/><\/figure>\n\n\n\n<p class=\"has-text-align-center\"><em>Mientras lees, recuerda que en Audox&nbsp;<strong><a href=\"https:\/\/courses.edx.org\/certificates\/823f7c2011e440feb4c824a739a586e5\">estamos certificados<\/a><\/strong>&nbsp;en Power BI.<\/em><\/p>\n\n\n\n<h2 class=\"wp-block-heading\">\u00bfQu\u00e9 es DAX?<\/h2>\n\n\n\n<p>DAX es una colecci\u00f3n de funciones, operadores y constantes que se pueden usar en una f\u00f3rmula o expresi\u00f3n para calcular y devolver uno o m\u00e1s valores. Dicho de manera m\u00e1s simple, DAX te ayuda a crear nueva informaci\u00f3n a partir de datos que ya est\u00e1n en su modelo. Es el \u00ablenguaje\u00bb que usa Microsoft Power BI para operar. DAX es clave si quieres aprender a usar Power BI.<\/p>\n\n\n\n<h3 class=\"wp-block-heading\">\u00bfPor qu\u00e9 es tan importante DAX?<\/h3>\n\n\n\n<p>DAX te permitir\u00e1 desarrollar y formular complejos problemas y situaciones comerciales en la herramienta de Power BI. <\/p>\n\n\n\n<p>Es posible que ya est\u00e9s familiarizado con la creaci\u00f3n de f\u00f3rmulas en Microsoft Excel. Ese conocimiento ser\u00e1 \u00fatil para comprender DAX, pues son similares.<\/p>\n\n\n\n<h2 class=\"wp-block-heading\">\u00bfQu\u00e9 es Power BI?<\/h2>\n\n\n\n<p>Power BI es una colecci\u00f3n de servicios de software, aplicaciones y conectores que trabajan juntos para convertir sus fuentes de datos no relacionadas en informaci\u00f3n coherente, visualmente inmersiva e interactiva. Tus datos pueden ser una hoja de c\u00e1lculo de Excel o una colecci\u00f3n de almacenes de datos h\u00edbridos locales y basados \u200b\u200ben la nube. Power BI te permite conectarse f\u00e1cilmente a tus fuentes de datos, visualizar y descubrir lo que es importante, y compartirlo con quien quieras.<\/p>\n\n\n\n<p>\u00bfEst\u00e1s listo para comenzar tu curso de Power BI?<\/p>\n\n\n\n<h2 class=\"wp-block-heading\">Cursos para Power BI con Audox<\/h2>\n\n\n\n<p>En Audox,<a href=\"https:\/\/www.youtube.com\/feed\/my_videos\">\u00a0somos expertos<\/a>\u00a0en implementaci\u00f3n, soporte, capacitaci\u00f3n y curso de Power BI para empresas peque\u00f1as, medianas y grandes gracias a nuestra amplia experiencia de m\u00e1s de una d\u00e9cada en el \u00e1rea de la tecnolog\u00eda e ingenier\u00eda. Audox\u00a0<strong><a href=\"https:\/\/courses.edx.org\/certificates\/823f7c2011e440feb4c824a739a586e5\">est\u00e1 certificado<\/a><\/strong>\u00a0en Power BI.<\/p>\n\n\n\n<p>Nuestro equipo de especialistas est\u00e1 listo para ayudarte en solventar tus problemas y dar respuesta a tus necesidades.<\/p>\n\n\n\n<p><a href=\"https:\/\/www.audox.cl\/cursos-para-power-bi\/contacto\/\">\u00a1Cont\u00e1ctanos!<\/a><\/p>\n","protected":false},"excerpt":{"rendered":"<p>\u00bfEst\u00e1s buscando Aprender Power BI? Si tu respuesta a la pregunta es \u00abs\u00ed, quiero un curso de Power BI\u00bb, perfecto, porque en Audox estamos para ayudarte a lograr tu objetivo. Primero, te ense\u00f1aremos algunas nociones b\u00e1sicas alrededor de la herramienta &hellip;<\/p>\n<p class=\"read-more\"> <a class=\"more-link\" href=\"https:\/\/www.audox.cl\/cursos-power-bi\/aprender-power-bi\/\"> <span class=\"screen-reader-text\">Aprender Power BI<\/span> Leer m\u00e1s \u00bb<\/a><\/p>\n","protected":false},"author":3,"featured_media":0,"parent":0,"menu_order":1,"comment_status":"closed","ping_status":"closed","template":"","meta":{"om_disable_all_campaigns":false,"inline_featured_image":false,"_monsterinsights_skip_tracking":false,"_monsterinsights_sitenote_active":false,"_monsterinsights_sitenote_note":"","_monsterinsights_sitenote_category":0,"footnotes":""},"class_list":["post-31","page","type-page","status-publish","hentry"],"yoast_head":"<!-- This site is optimized with the Yoast SEO plugin v27.3 - https:\/\/yoast.com\/product\/yoast-seo-wordpress\/ -->\n<title>Curso de Power BI - Power BI Cursos Expertos con Audox Expertos<\/title>\n<meta name=\"description\" content=\"\u00bfQuieres aprender Power BI? Con Audox puedes realizar un curso de Power BI y lenguaje DAX para lograr un nivel de dominio de la herramienta, \u00a1Cont\u00e1ctanos!\" \/>\n<meta name=\"robots\" content=\"index, follow, max-snippet:-1, max-image-preview:large, max-video-preview:-1\" \/>\n<link rel=\"canonical\" href=\"https:\/\/www.audox.cl\/cursos-power-bi\/aprender-power-bi\/\" \/>\n<meta property=\"og:locale\" content=\"es_ES\" \/>\n<meta property=\"og:type\" content=\"article\" \/>\n<meta property=\"og:title\" content=\"Curso de Power BI - Power BI Cursos Expertos con Audox Expertos\" \/>\n<meta property=\"og:description\" content=\"\u00bfQuieres aprender Power BI? Con Audox puedes realizar un curso de Power BI y lenguaje DAX para lograr un nivel de dominio de la herramienta, \u00a1Cont\u00e1ctanos!\" \/>\n<meta property=\"og:url\" content=\"https:\/\/www.audox.cl\/cursos-power-bi\/aprender-power-bi\/\" \/>\n<meta property=\"og:site_name\" content=\"Power BI Cursos Expertos\" \/>\n<meta property=\"article:modified_time\" content=\"2025-02-14T03:41:16+00:00\" \/>\n<meta property=\"og:image\" content=\"https:\/\/www.audox.cl\/cursos-power-bi\/wp-content\/uploads\/sites\/33\/2020\/05\/Power-BI-min.png\" \/>\n\t<meta property=\"og:image:width\" content=\"2550\" \/>\n\t<meta property=\"og:image:height\" content=\"1600\" \/>\n\t<meta property=\"og:image:type\" content=\"image\/png\" \/>\n<meta name=\"twitter:card\" content=\"summary_large_image\" \/>\n<meta name=\"twitter:label1\" content=\"Tiempo de lectura\" \/>\n\t<meta name=\"twitter:data1\" content=\"2 minutos\" \/>\n<script type=\"application\/ld+json\" class=\"yoast-schema-graph\">{\"@context\":\"https:\\\/\\\/schema.org\",\"@graph\":[{\"@type\":\"WebPage\",\"@id\":\"https:\\\/\\\/www.audox.cl\\\/cursos-power-bi\\\/aprender-power-bi\\\/\",\"url\":\"https:\\\/\\\/www.audox.cl\\\/cursos-power-bi\\\/aprender-power-bi\\\/\",\"name\":\"Curso de Power BI - Power BI Cursos Expertos con Audox Expertos\",\"isPartOf\":{\"@id\":\"https:\\\/\\\/www.audox.cl\\\/cursos-power-bi\\\/#website\"},\"primaryImageOfPage\":{\"@id\":\"https:\\\/\\\/www.audox.cl\\\/cursos-power-bi\\\/aprender-power-bi\\\/#primaryimage\"},\"image\":{\"@id\":\"https:\\\/\\\/www.audox.cl\\\/cursos-power-bi\\\/aprender-power-bi\\\/#primaryimage\"},\"thumbnailUrl\":\"http:\\\/\\\/www.audox.cl\\\/cursos-power-bi\\\/wp-content\\\/uploads\\\/sites\\\/33\\\/2020\\\/05\\\/Power-BI-min-1024x643.png\",\"datePublished\":\"2020-06-04T01:13:02+00:00\",\"dateModified\":\"2025-02-14T03:41:16+00:00\",\"description\":\"\u00bfQuieres aprender Power BI? Con Audox puedes realizar un curso de Power BI y lenguaje DAX para lograr un nivel de dominio de la herramienta, \u00a1Cont\u00e1ctanos!\",\"breadcrumb\":{\"@id\":\"https:\\\/\\\/www.audox.cl\\\/cursos-power-bi\\\/aprender-power-bi\\\/#breadcrumb\"},\"inLanguage\":\"es\",\"potentialAction\":[{\"@type\":\"ReadAction\",\"target\":[\"https:\\\/\\\/www.audox.cl\\\/cursos-power-bi\\\/aprender-power-bi\\\/\"]}]},{\"@type\":\"ImageObject\",\"inLanguage\":\"es\",\"@id\":\"https:\\\/\\\/www.audox.cl\\\/cursos-power-bi\\\/aprender-power-bi\\\/#primaryimage\",\"url\":\"https:\\\/\\\/www.audox.cl\\\/cursos-power-bi\\\/wp-content\\\/uploads\\\/sites\\\/33\\\/2020\\\/05\\\/Power-BI-min.png\",\"contentUrl\":\"https:\\\/\\\/www.audox.cl\\\/cursos-power-bi\\\/wp-content\\\/uploads\\\/sites\\\/33\\\/2020\\\/05\\\/Power-BI-min.png\",\"width\":2550,\"height\":1600},{\"@type\":\"BreadcrumbList\",\"@id\":\"https:\\\/\\\/www.audox.cl\\\/cursos-power-bi\\\/aprender-power-bi\\\/#breadcrumb\",\"itemListElement\":[{\"@type\":\"ListItem\",\"position\":1,\"name\":\"Portada\",\"item\":\"https:\\\/\\\/www.audox.cl\\\/cursos-power-bi\\\/\"},{\"@type\":\"ListItem\",\"position\":2,\"name\":\"Aprender Power BI\"}]},{\"@type\":\"WebSite\",\"@id\":\"https:\\\/\\\/www.audox.cl\\\/cursos-power-bi\\\/#website\",\"url\":\"https:\\\/\\\/www.audox.cl\\\/cursos-power-bi\\\/\",\"name\":\"Power BI Cursos Expertos\",\"description\":\"Implementaci\u00f3n, Capacitaci\u00f3n y Soporte para Power BI Cursos en Chile\",\"potentialAction\":[{\"@type\":\"SearchAction\",\"target\":{\"@type\":\"EntryPoint\",\"urlTemplate\":\"https:\\\/\\\/www.audox.cl\\\/cursos-power-bi\\\/?s={search_term_string}\"},\"query-input\":{\"@type\":\"PropertyValueSpecification\",\"valueRequired\":true,\"valueName\":\"search_term_string\"}}],\"inLanguage\":\"es\"}]}<\/script>\n<!-- \/ Yoast SEO plugin. -->","yoast_head_json":{"title":"Curso de Power BI - Power BI Cursos Expertos con Audox Expertos","description":"\u00bfQuieres aprender Power BI? Con Audox puedes realizar un curso de Power BI y lenguaje DAX para lograr un nivel de dominio de la herramienta, \u00a1Cont\u00e1ctanos!","robots":{"index":"index","follow":"follow","max-snippet":"max-snippet:-1","max-image-preview":"max-image-preview:large","max-video-preview":"max-video-preview:-1"},"canonical":"https:\/\/www.audox.cl\/cursos-power-bi\/aprender-power-bi\/","og_locale":"es_ES","og_type":"article","og_title":"Curso de Power BI - Power BI Cursos Expertos con Audox Expertos","og_description":"\u00bfQuieres aprender Power BI? Con Audox puedes realizar un curso de Power BI y lenguaje DAX para lograr un nivel de dominio de la herramienta, \u00a1Cont\u00e1ctanos!","og_url":"https:\/\/www.audox.cl\/cursos-power-bi\/aprender-power-bi\/","og_site_name":"Power BI Cursos Expertos","article_modified_time":"2025-02-14T03:41:16+00:00","og_image":[{"width":2550,"height":1600,"url":"https:\/\/www.audox.cl\/cursos-power-bi\/wp-content\/uploads\/sites\/33\/2020\/05\/Power-BI-min.png","type":"image\/png"}],"twitter_card":"summary_large_image","twitter_misc":{"Tiempo de lectura":"2 minutos"},"schema":{"@context":"https:\/\/schema.org","@graph":[{"@type":"WebPage","@id":"https:\/\/www.audox.cl\/cursos-power-bi\/aprender-power-bi\/","url":"https:\/\/www.audox.cl\/cursos-power-bi\/aprender-power-bi\/","name":"Curso de Power BI - Power BI Cursos Expertos con Audox Expertos","isPartOf":{"@id":"https:\/\/www.audox.cl\/cursos-power-bi\/#website"},"primaryImageOfPage":{"@id":"https:\/\/www.audox.cl\/cursos-power-bi\/aprender-power-bi\/#primaryimage"},"image":{"@id":"https:\/\/www.audox.cl\/cursos-power-bi\/aprender-power-bi\/#primaryimage"},"thumbnailUrl":"http:\/\/www.audox.cl\/cursos-power-bi\/wp-content\/uploads\/sites\/33\/2020\/05\/Power-BI-min-1024x643.png","datePublished":"2020-06-04T01:13:02+00:00","dateModified":"2025-02-14T03:41:16+00:00","description":"\u00bfQuieres aprender Power BI? Con Audox puedes realizar un curso de Power BI y lenguaje DAX para lograr un nivel de dominio de la herramienta, \u00a1Cont\u00e1ctanos!","breadcrumb":{"@id":"https:\/\/www.audox.cl\/cursos-power-bi\/aprender-power-bi\/#breadcrumb"},"inLanguage":"es","potentialAction":[{"@type":"ReadAction","target":["https:\/\/www.audox.cl\/cursos-power-bi\/aprender-power-bi\/"]}]},{"@type":"ImageObject","inLanguage":"es","@id":"https:\/\/www.audox.cl\/cursos-power-bi\/aprender-power-bi\/#primaryimage","url":"https:\/\/www.audox.cl\/cursos-power-bi\/wp-content\/uploads\/sites\/33\/2020\/05\/Power-BI-min.png","contentUrl":"https:\/\/www.audox.cl\/cursos-power-bi\/wp-content\/uploads\/sites\/33\/2020\/05\/Power-BI-min.png","width":2550,"height":1600},{"@type":"BreadcrumbList","@id":"https:\/\/www.audox.cl\/cursos-power-bi\/aprender-power-bi\/#breadcrumb","itemListElement":[{"@type":"ListItem","position":1,"name":"Portada","item":"https:\/\/www.audox.cl\/cursos-power-bi\/"},{"@type":"ListItem","position":2,"name":"Aprender Power BI"}]},{"@type":"WebSite","@id":"https:\/\/www.audox.cl\/cursos-power-bi\/#website","url":"https:\/\/www.audox.cl\/cursos-power-bi\/","name":"Power BI Cursos Expertos","description":"Implementaci\u00f3n, Capacitaci\u00f3n y Soporte para Power BI Cursos en Chile","potentialAction":[{"@type":"SearchAction","target":{"@type":"EntryPoint","urlTemplate":"https:\/\/www.audox.cl\/cursos-power-bi\/?s={search_term_string}"},"query-input":{"@type":"PropertyValueSpecification","valueRequired":true,"valueName":"search_term_string"}}],"inLanguage":"es"}]}},"_links":{"self":[{"href":"https:\/\/www.audox.cl\/cursos-power-bi\/wp-json\/wp\/v2\/pages\/31","targetHints":{"allow":["GET"]}}],"collection":[{"href":"https:\/\/www.audox.cl\/cursos-power-bi\/wp-json\/wp\/v2\/pages"}],"about":[{"href":"https:\/\/www.audox.cl\/cursos-power-bi\/wp-json\/wp\/v2\/types\/page"}],"author":[{"embeddable":true,"href":"https:\/\/www.audox.cl\/cursos-power-bi\/wp-json\/wp\/v2\/users\/3"}],"replies":[{"embeddable":true,"href":"https:\/\/www.audox.cl\/cursos-power-bi\/wp-json\/wp\/v2\/comments?post=31"}],"version-history":[{"count":4,"href":"https:\/\/www.audox.cl\/cursos-power-bi\/wp-json\/wp\/v2\/pages\/31\/revisions"}],"predecessor-version":[{"id":38,"href":"https:\/\/www.audox.cl\/cursos-power-bi\/wp-json\/wp\/v2\/pages\/31\/revisions\/38"}],"wp:attachment":[{"href":"https:\/\/www.audox.cl\/cursos-power-bi\/wp-json\/wp\/v2\/media?parent=31"}],"curies":[{"name":"wp","href":"https:\/\/api.w.org\/{rel}","templated":true}]}}