{"id":2,"date":"2020-03-05T02:59:20","date_gmt":"2020-03-05T01:59:20","guid":{"rendered":"http:\/\/www.audox.cl\/linux\/?page_id=2"},"modified":"2020-05-11T02:59:03","modified_gmt":"2020-05-11T00:59:03","slug":"servicios-para-linux","status":"publish","type":"page","link":"https:\/\/www.audox.cl\/linux\/servicios-para-linux\/","title":{"rendered":"Servicios para Linux"},"content":{"rendered":"\n<p>Nuestros servicios para&nbsp;<strong>Linux<\/strong>&nbsp;incluyen:<\/p>\n\n\n\n<ul class=\"wp-block-list\"><li>Capacitaci\u00f3n<\/li><li>Soporte<\/li><\/ul>\n\n\n\n<figure class=\"wp-block-gallery columns-1 is-cropped wp-block-gallery-1 is-layout-flex wp-block-gallery-is-layout-flex\"><ul class=\"blocks-gallery-grid\"><li class=\"blocks-gallery-item\"><figure><img loading=\"lazy\" decoding=\"async\" width=\"869\" height=\"1024\" src=\"https:\/\/www.audox.cl\/linux\/wp-content\/uploads\/sites\/17\/2020\/05\/1200px-Tux.svg_-869x1024.png\" alt=\"linux\" data-id=\"56\" data-full-url=\"https:\/\/www.audox.cl\/linux\/wp-content\/uploads\/sites\/17\/2020\/05\/1200px-Tux.svg_.png\" data-link=\"https:\/\/www.audox.cl\/linux\/servicios\/1200px-tux-svg_\/\" class=\"wp-image-56\" srcset=\"https:\/\/www.audox.cl\/linux\/wp-content\/uploads\/sites\/17\/2020\/05\/1200px-Tux.svg_-869x1024.png 869w, https:\/\/www.audox.cl\/linux\/wp-content\/uploads\/sites\/17\/2020\/05\/1200px-Tux.svg_-255x300.png 255w, https:\/\/www.audox.cl\/linux\/wp-content\/uploads\/sites\/17\/2020\/05\/1200px-Tux.svg_-768x905.png 768w, https:\/\/www.audox.cl\/linux\/wp-content\/uploads\/sites\/17\/2020\/05\/1200px-Tux.svg_-100x118.png 100w, https:\/\/www.audox.cl\/linux\/wp-content\/uploads\/sites\/17\/2020\/05\/1200px-Tux.svg_-150x177.png 150w, https:\/\/www.audox.cl\/linux\/wp-content\/uploads\/sites\/17\/2020\/05\/1200px-Tux.svg_-200x236.png 200w, https:\/\/www.audox.cl\/linux\/wp-content\/uploads\/sites\/17\/2020\/05\/1200px-Tux.svg_-300x354.png 300w, https:\/\/www.audox.cl\/linux\/wp-content\/uploads\/sites\/17\/2020\/05\/1200px-Tux.svg_-450x530.png 450w, https:\/\/www.audox.cl\/linux\/wp-content\/uploads\/sites\/17\/2020\/05\/1200px-Tux.svg_-600x707.png 600w, https:\/\/www.audox.cl\/linux\/wp-content\/uploads\/sites\/17\/2020\/05\/1200px-Tux.svg_-900x1061.png 900w, https:\/\/www.audox.cl\/linux\/wp-content\/uploads\/sites\/17\/2020\/05\/1200px-Tux.svg_.png 1200w\" sizes=\"auto, (max-width: 869px) 100vw, 869px\" \/><\/figure><\/li><\/ul><\/figure>\n\n\n\n<h2 class=\"wp-block-heading\">\u00bfQu\u00e9 es Linux?<\/h2>\n\n\n\n<p>Linux es un sistema operativo de c\u00f3digo abierto. Al igual que otros sistemas operativos (como Windows), Linux consta de varios componentes de software que administran los recursos de hardware de la computadora y le permiten realizar tareas como navegar por la web o editar un archivo en un editor de texto.<\/p>\n\n\n\n<p>Linux es un software gratuito y de c\u00f3digo abierto, lo que significa que puede usar, copiar, estudiar y cambiar el software de cualquier manera. Se distribuye con el c\u00f3digo fuente para que los usuarios puedan verlo y modificarlo. Esto contrasta con Microsoft Windows, un sistema operativo patentado.<\/p>\n\n\n\n<p>Existen muchas versiones de Linux. Algunas de las distribuciones de Linux m\u00e1s populares son Debian, Ubuntu, Fedora, openSUSE, Red Hat Enterprise Linux y SUSE Linux Enterprise Server.<\/p>\n\n\n\n<p>Hoy, Linux ejecuta casi todas las plataformas inform\u00e1ticas disponibles: tel\u00e9fonos m\u00f3viles, tabletas, servidores, computadoras de escritorio, mainframes, etc. Android, un sistema operativo ampliamente utilizado para tel\u00e9fonos m\u00f3viles y tabletas, se basa en el kernel de Linux.<\/p>\n\n\n\n<p>Las distribuciones modernas de Linux generalmente presentan una buena GUI, similar a la que se encuentra en Windows.<\/p>\n\n\n\n<p>\u00bfPara qu\u00e9 usar Linux?<\/p>\n\n\n\n<ul class=\"wp-block-list\"><li>Email<\/li><li>Aplicaciones ofim\u00e1ticas<\/li><li>Documentos PDF<\/li><li>Multimedia<\/li><li>Manejo de fotograf\u00edas<\/li><li>Mucho m\u00e1s<\/li><\/ul>\n\n\n\n<h2 class=\"wp-block-heading\">Servicios para Linux con Audox<\/h2>\n\n\n\n<p>En Audox\u00a0<a href=\"https:\/\/www.youtube.com\/watch?v=fCnHr0wm9gU\">somos expertos<\/a>\u00a0en implementaci\u00f3n, soporte y capacitaci\u00f3n de Linux para empresas peque\u00f1as, medianas y grandes gracias a nuestra amplia experiencia de m\u00e1s de una d\u00e9cada en el \u00e1rea de la tecnolog\u00eda e ingenier\u00eda.<\/p>\n\n\n\n<p>Nuestro equipo de especialistas est\u00e1 listo para ayudarte en solventar tus problemas y dar respuesta a tus necesidades.<\/p>\n\n\n\n<p><a href=\"https:\/\/www.audox.cl\/linux\/contacto\/\">\u00a1Cont\u00e1ctanos!<\/a><\/p>\n","protected":false},"excerpt":{"rendered":"<p>Nuestros servicios para&nbsp;Linux&nbsp;incluyen: Capacitaci\u00f3n Soporte \u00bfQu\u00e9 es Linux? Linux es un sistema operativo de c\u00f3digo abierto. Al igual que otros sistemas operativos (como Windows), Linux consta de varios componentes de software que administran los recursos de hardware de la computadora &hellip;<\/p>\n<p class=\"read-more\"> <a class=\"more-link\" href=\"https:\/\/www.audox.cl\/linux\/servicios-para-linux\/\"> <span class=\"screen-reader-text\">Servicios para Linux<\/span> Leer m\u00e1s \u00bb<\/a><\/p>\n","protected":false},"author":6,"featured_media":0,"parent":0,"menu_order":2,"comment_status":"closed","ping_status":"closed","template":"","meta":{"om_disable_all_campaigns":false,"inline_featured_image":false,"_monsterinsights_skip_tracking":false,"_monsterinsights_sitenote_active":false,"_monsterinsights_sitenote_note":"","_monsterinsights_sitenote_category":0,"footnotes":""},"class_list":["post-2","page","type-page","status-publish","hentry"],"yoast_head":"<!-- This site is optimized with the Yoast SEO plugin v27.3 - https:\/\/yoast.com\/product\/yoast-seo-wordpress\/ -->\n<title>Servicios para Linux para Linux - Expertos en Linux<\/title>\n<meta name=\"description\" content=\"Capacitaci\u00f3n, Soporte y otros Servicios para Linux. Todo lo que necesitas para potenciar Linux en tu empresa lo tienes con Audox.\" \/>\n<meta name=\"robots\" content=\"index, follow, max-snippet:-1, max-image-preview:large, max-video-preview:-1\" \/>\n<link rel=\"canonical\" href=\"https:\/\/www.audox.cl\/linux\/servicios-para-linux\/\" \/>\n<meta property=\"og:locale\" content=\"es_ES\" \/>\n<meta property=\"og:type\" content=\"article\" \/>\n<meta property=\"og:title\" content=\"Servicios para Linux para Linux - Expertos en Linux\" \/>\n<meta property=\"og:description\" content=\"Capacitaci\u00f3n, Soporte y otros Servicios para Linux. Todo lo que necesitas para potenciar Linux en tu empresa lo tienes con Audox.\" \/>\n<meta property=\"og:url\" content=\"https:\/\/www.audox.cl\/linux\/servicios-para-linux\/\" \/>\n<meta property=\"og:site_name\" content=\"Expertos\" \/>\n<meta property=\"article:modified_time\" content=\"2020-05-11T00:59:03+00:00\" \/>\n<meta property=\"og:image\" content=\"https:\/\/www.audox.cl\/linux\/wp-content\/uploads\/sites\/17\/2020\/05\/1200px-Tux.svg_-869x1024.png\" \/>\n<meta name=\"twitter:card\" content=\"summary_large_image\" \/>\n<meta name=\"twitter:label1\" content=\"Tiempo de lectura\" \/>\n\t<meta name=\"twitter:data1\" content=\"1 minuto\" \/>\n<script type=\"application\/ld+json\" class=\"yoast-schema-graph\">{\"@context\":\"https:\\\/\\\/schema.org\",\"@graph\":[{\"@type\":\"WebPage\",\"@id\":\"https:\\\/\\\/www.audox.cl\\\/linux\\\/servicios-para-linux\\\/\",\"url\":\"https:\\\/\\\/www.audox.cl\\\/linux\\\/servicios-para-linux\\\/\",\"name\":\"Servicios para Linux para Linux - Expertos en Linux\",\"isPartOf\":{\"@id\":\"https:\\\/\\\/www.audox.cl\\\/linux\\\/#website\"},\"primaryImageOfPage\":{\"@id\":\"https:\\\/\\\/www.audox.cl\\\/linux\\\/servicios-para-linux\\\/#primaryimage\"},\"image\":{\"@id\":\"https:\\\/\\\/www.audox.cl\\\/linux\\\/servicios-para-linux\\\/#primaryimage\"},\"thumbnailUrl\":\"https:\\\/\\\/www.audox.cl\\\/linux\\\/wp-content\\\/uploads\\\/sites\\\/17\\\/2020\\\/05\\\/1200px-Tux.svg_-869x1024.png\",\"datePublished\":\"2020-03-05T01:59:20+00:00\",\"dateModified\":\"2020-05-11T00:59:03+00:00\",\"description\":\"Capacitaci\u00f3n, Soporte y otros Servicios para Linux. Todo lo que necesitas para potenciar Linux en tu empresa lo tienes con Audox.\",\"breadcrumb\":{\"@id\":\"https:\\\/\\\/www.audox.cl\\\/linux\\\/servicios-para-linux\\\/#breadcrumb\"},\"inLanguage\":\"es\",\"potentialAction\":[{\"@type\":\"ReadAction\",\"target\":[\"https:\\\/\\\/www.audox.cl\\\/linux\\\/servicios-para-linux\\\/\"]}]},{\"@type\":\"ImageObject\",\"inLanguage\":\"es\",\"@id\":\"https:\\\/\\\/www.audox.cl\\\/linux\\\/servicios-para-linux\\\/#primaryimage\",\"url\":\"https:\\\/\\\/www.audox.cl\\\/linux\\\/wp-content\\\/uploads\\\/sites\\\/17\\\/2020\\\/05\\\/1200px-Tux.svg_-869x1024.png\",\"contentUrl\":\"https:\\\/\\\/www.audox.cl\\\/linux\\\/wp-content\\\/uploads\\\/sites\\\/17\\\/2020\\\/05\\\/1200px-Tux.svg_-869x1024.png\"},{\"@type\":\"BreadcrumbList\",\"@id\":\"https:\\\/\\\/www.audox.cl\\\/linux\\\/servicios-para-linux\\\/#breadcrumb\",\"itemListElement\":[{\"@type\":\"ListItem\",\"position\":1,\"name\":\"Portada\",\"item\":\"https:\\\/\\\/www.audox.cl\\\/linux\\\/inicio\\\/\"},{\"@type\":\"ListItem\",\"position\":2,\"name\":\"Servicios para Linux\"}]},{\"@type\":\"WebSite\",\"@id\":\"https:\\\/\\\/www.audox.cl\\\/linux\\\/#website\",\"url\":\"https:\\\/\\\/www.audox.cl\\\/linux\\\/\",\"name\":\"Expertos\",\"description\":\"Servicios para Linux en Chile\",\"potentialAction\":[{\"@type\":\"SearchAction\",\"target\":{\"@type\":\"EntryPoint\",\"urlTemplate\":\"https:\\\/\\\/www.audox.cl\\\/linux\\\/?s={search_term_string}\"},\"query-input\":{\"@type\":\"PropertyValueSpecification\",\"valueRequired\":true,\"valueName\":\"search_term_string\"}}],\"inLanguage\":\"es\"}]}<\/script>\n<!-- \/ Yoast SEO plugin. -->","yoast_head_json":{"title":"Servicios para Linux para Linux - Expertos en Linux","description":"Capacitaci\u00f3n, Soporte y otros Servicios para Linux. Todo lo que necesitas para potenciar Linux en tu empresa lo tienes con Audox.","robots":{"index":"index","follow":"follow","max-snippet":"max-snippet:-1","max-image-preview":"max-image-preview:large","max-video-preview":"max-video-preview:-1"},"canonical":"https:\/\/www.audox.cl\/linux\/servicios-para-linux\/","og_locale":"es_ES","og_type":"article","og_title":"Servicios para Linux para Linux - Expertos en Linux","og_description":"Capacitaci\u00f3n, Soporte y otros Servicios para Linux. Todo lo que necesitas para potenciar Linux en tu empresa lo tienes con Audox.","og_url":"https:\/\/www.audox.cl\/linux\/servicios-para-linux\/","og_site_name":"Expertos","article_modified_time":"2020-05-11T00:59:03+00:00","og_image":[{"url":"https:\/\/www.audox.cl\/linux\/wp-content\/uploads\/sites\/17\/2020\/05\/1200px-Tux.svg_-869x1024.png","type":"","width":"","height":""}],"twitter_card":"summary_large_image","twitter_misc":{"Tiempo de lectura":"1 minuto"},"schema":{"@context":"https:\/\/schema.org","@graph":[{"@type":"WebPage","@id":"https:\/\/www.audox.cl\/linux\/servicios-para-linux\/","url":"https:\/\/www.audox.cl\/linux\/servicios-para-linux\/","name":"Servicios para Linux para Linux - Expertos en Linux","isPartOf":{"@id":"https:\/\/www.audox.cl\/linux\/#website"},"primaryImageOfPage":{"@id":"https:\/\/www.audox.cl\/linux\/servicios-para-linux\/#primaryimage"},"image":{"@id":"https:\/\/www.audox.cl\/linux\/servicios-para-linux\/#primaryimage"},"thumbnailUrl":"https:\/\/www.audox.cl\/linux\/wp-content\/uploads\/sites\/17\/2020\/05\/1200px-Tux.svg_-869x1024.png","datePublished":"2020-03-05T01:59:20+00:00","dateModified":"2020-05-11T00:59:03+00:00","description":"Capacitaci\u00f3n, Soporte y otros Servicios para Linux. Todo lo que necesitas para potenciar Linux en tu empresa lo tienes con Audox.","breadcrumb":{"@id":"https:\/\/www.audox.cl\/linux\/servicios-para-linux\/#breadcrumb"},"inLanguage":"es","potentialAction":[{"@type":"ReadAction","target":["https:\/\/www.audox.cl\/linux\/servicios-para-linux\/"]}]},{"@type":"ImageObject","inLanguage":"es","@id":"https:\/\/www.audox.cl\/linux\/servicios-para-linux\/#primaryimage","url":"https:\/\/www.audox.cl\/linux\/wp-content\/uploads\/sites\/17\/2020\/05\/1200px-Tux.svg_-869x1024.png","contentUrl":"https:\/\/www.audox.cl\/linux\/wp-content\/uploads\/sites\/17\/2020\/05\/1200px-Tux.svg_-869x1024.png"},{"@type":"BreadcrumbList","@id":"https:\/\/www.audox.cl\/linux\/servicios-para-linux\/#breadcrumb","itemListElement":[{"@type":"ListItem","position":1,"name":"Portada","item":"https:\/\/www.audox.cl\/linux\/inicio\/"},{"@type":"ListItem","position":2,"name":"Servicios para Linux"}]},{"@type":"WebSite","@id":"https:\/\/www.audox.cl\/linux\/#website","url":"https:\/\/www.audox.cl\/linux\/","name":"Expertos","description":"Servicios para Linux en Chile","potentialAction":[{"@type":"SearchAction","target":{"@type":"EntryPoint","urlTemplate":"https:\/\/www.audox.cl\/linux\/?s={search_term_string}"},"query-input":{"@type":"PropertyValueSpecification","valueRequired":true,"valueName":"search_term_string"}}],"inLanguage":"es"}]}},"_links":{"self":[{"href":"https:\/\/www.audox.cl\/linux\/wp-json\/wp\/v2\/pages\/2","targetHints":{"allow":["GET"]}}],"collection":[{"href":"https:\/\/www.audox.cl\/linux\/wp-json\/wp\/v2\/pages"}],"about":[{"href":"https:\/\/www.audox.cl\/linux\/wp-json\/wp\/v2\/types\/page"}],"author":[{"embeddable":true,"href":"https:\/\/www.audox.cl\/linux\/wp-json\/wp\/v2\/users\/6"}],"replies":[{"embeddable":true,"href":"https:\/\/www.audox.cl\/linux\/wp-json\/wp\/v2\/comments?post=2"}],"version-history":[{"count":3,"href":"https:\/\/www.audox.cl\/linux\/wp-json\/wp\/v2\/pages\/2\/revisions"}],"predecessor-version":[{"id":57,"href":"https:\/\/www.audox.cl\/linux\/wp-json\/wp\/v2\/pages\/2\/revisions\/57"}],"wp:attachment":[{"href":"https:\/\/www.audox.cl\/linux\/wp-json\/wp\/v2\/media?parent=2"}],"curies":[{"name":"wp","href":"https:\/\/api.w.org\/{rel}","templated":true}]}}