{"id":21,"date":"2020-03-05T03:10:27","date_gmt":"2020-03-05T02:10:27","guid":{"rendered":"http:\/\/www.audox.cl\/linux\/?page_id=21"},"modified":"2020-05-11T02:58:57","modified_gmt":"2020-05-11T00:58:57","slug":"linux","status":"publish","type":"page","link":"https:\/\/www.audox.cl\/linux\/linux\/","title":{"rendered":"Linux"},"content":{"rendered":"\n<p>Linux es todo un conjunto de sistemas de c\u00f3digo abierto, libres y gratuitos multiplataforma, multiusuario y multitarea basados en Unix. <\/p>\n\n\n\n<figure class=\"wp-block-image size-large\"><img loading=\"lazy\" decoding=\"async\" width=\"869\" height=\"1024\" src=\"https:\/\/www.audox.cl\/linux\/wp-content\/uploads\/sites\/17\/2020\/05\/1200px-Tux.svg_-1-869x1024.png\" alt=\"linux\" class=\"wp-image-58\" srcset=\"https:\/\/www.audox.cl\/linux\/wp-content\/uploads\/sites\/17\/2020\/05\/1200px-Tux.svg_-1-869x1024.png 869w, https:\/\/www.audox.cl\/linux\/wp-content\/uploads\/sites\/17\/2020\/05\/1200px-Tux.svg_-1-255x300.png 255w, https:\/\/www.audox.cl\/linux\/wp-content\/uploads\/sites\/17\/2020\/05\/1200px-Tux.svg_-1-768x905.png 768w, https:\/\/www.audox.cl\/linux\/wp-content\/uploads\/sites\/17\/2020\/05\/1200px-Tux.svg_-1-100x118.png 100w, https:\/\/www.audox.cl\/linux\/wp-content\/uploads\/sites\/17\/2020\/05\/1200px-Tux.svg_-1-150x177.png 150w, https:\/\/www.audox.cl\/linux\/wp-content\/uploads\/sites\/17\/2020\/05\/1200px-Tux.svg_-1-200x236.png 200w, https:\/\/www.audox.cl\/linux\/wp-content\/uploads\/sites\/17\/2020\/05\/1200px-Tux.svg_-1-300x354.png 300w, https:\/\/www.audox.cl\/linux\/wp-content\/uploads\/sites\/17\/2020\/05\/1200px-Tux.svg_-1-450x530.png 450w, https:\/\/www.audox.cl\/linux\/wp-content\/uploads\/sites\/17\/2020\/05\/1200px-Tux.svg_-1-600x707.png 600w, https:\/\/www.audox.cl\/linux\/wp-content\/uploads\/sites\/17\/2020\/05\/1200px-Tux.svg_-1-900x1061.png 900w, https:\/\/www.audox.cl\/linux\/wp-content\/uploads\/sites\/17\/2020\/05\/1200px-Tux.svg_-1.png 1200w\" sizes=\"auto, (max-width: 869px) 100vw, 869px\" \/><\/figure>\n\n\n\n<p>LINUX es un sistema operativo o un n\u00facleo distribuido bajo una licencia de c\u00f3digo abierto. Su lista de funcionalidades es bastante parecida a UNIX. El kernel es un programa en el coraz\u00f3n del sistema operativo Linux que se encarga de cosas fundamentales, como dejar que el hardware se comunique con el software.<\/p>\n\n\n\n<h2 class=\"wp-block-heading\">\u00bfPor qu\u00e9 necesitas un sistema operativo?<\/h2>\n\n\n\n<p>Cada vez que enciende su computadora, ve una pantalla donde puede realizar diferentes actividades como escribir, navegar por Internet o mirar un video. \u00bfQu\u00e9 es lo que hace que el hardware de la computadora funcione as\u00ed? \u00bfC\u00f3mo sabe el procesador de su computadora que le est\u00e1 pidiendo que ejecute un archivo mp3?<\/p>\n\n\n\n<p>Bueno, es el sistema operativo o el kernel lo que hace este trabajo. Entonces, para trabajar en su computadora, necesita un Sistema Operativo (SO). De hecho, est\u00e1 utilizando uno mientras lee esto en su computadora. Ahora, es posible que haya utilizado sistemas operativos populares como Windows, Apple OS X, pero aqu\u00ed aprenderemos qu\u00e9 es Linux y qu\u00e9 beneficios ofrece sobre otras opciones de sistema operativo.<\/p>\n\n\n\n<h2 class=\"wp-block-heading\">\u00bfQui\u00e9n creo Linux?<\/h2>\n\n\n\n<p>Linux es un sistema operativo o un n\u00facleo que germin\u00f3 como una idea en la mente del joven y brillante Linus Torvalds cuando era estudiante de inform\u00e1tica. Sol\u00eda \u200b\u200btrabajar en el sistema operativo UNIX (software propietario) y pens\u00f3 que necesitaba mejoras.<\/p>\n\n\n\n<p>Sin embargo, cuando los dise\u00f1adores de UNIX rechazaron sus sugerencias, pens\u00f3 en lanzar un sistema operativo que sea receptivo a los cambios, modificaciones sugeridas por sus usuarios.<\/p>\n\n\n\n<h2 class=\"wp-block-heading\">Servicios para WordPress con Audox<\/h2>\n\n\n\n<p>En Audox&nbsp;<a href=\"https:\/\/www.youtube.com\/watch?v=fCnHr0wm9gU\">somos expertos<\/a>&nbsp;en implementaci\u00f3n, soporte, capacitaci\u00f3n y m\u00faltiples Servicios para WordPress para empresas peque\u00f1as, medianas y grandes. Gracias a nuestra amplia experiencia de m\u00e1s de una d\u00e9cada en el \u00e1rea de la tecnolog\u00eda e ingenier\u00eda podr\u00e1s potenciar las capacidades de tu negocio.<\/p>\n\n\n\n<p>Nuestro equipo de especialistas est\u00e1 listo para ayudarte en solventar tus problemas y dar respuesta a tus necesidades.<\/p>\n\n\n\n<p><a href=\"https:\/\/www.audox.cl\/linux\/contacto\/\">\u00a1Cont\u00e1ctanos!<\/a><\/p>\n","protected":false},"excerpt":{"rendered":"<p>Linux es todo un conjunto de sistemas de c\u00f3digo abierto, libres y gratuitos multiplataforma, multiusuario y multitarea basados en Unix. LINUX es un sistema operativo o un n\u00facleo distribuido bajo una licencia de c\u00f3digo abierto. Su lista de funcionalidades es &hellip;<\/p>\n<p class=\"read-more\"> <a class=\"more-link\" href=\"https:\/\/www.audox.cl\/linux\/linux\/\"> <span class=\"screen-reader-text\">Linux<\/span> Leer m\u00e1s \u00bb<\/a><\/p>\n","protected":false},"author":3,"featured_media":0,"parent":0,"menu_order":1,"comment_status":"closed","ping_status":"closed","template":"","meta":{"om_disable_all_campaigns":false,"inline_featured_image":false,"_monsterinsights_skip_tracking":false,"_monsterinsights_sitenote_active":false,"_monsterinsights_sitenote_note":"","_monsterinsights_sitenote_category":0,"footnotes":""},"class_list":["post-21","page","type-page","status-publish","hentry"],"yoast_head":"<!-- This site is optimized with the Yoast SEO plugin v27.3 - https:\/\/yoast.com\/product\/yoast-seo-wordpress\/ -->\n<title>Linux - Expertos Especializados en Linux - \u00bfQu\u00e9 es Linux?<\/title>\n<meta name=\"description\" content=\"Linux es todo un conjunto de sistemas de c\u00f3digo abierto, libres y gratuitos multiplataforma, multiusuario y multitarea basados en Unix.\" \/>\n<meta name=\"robots\" content=\"index, follow, max-snippet:-1, max-image-preview:large, max-video-preview:-1\" \/>\n<link rel=\"canonical\" href=\"https:\/\/www.audox.cl\/linux\/linux\/\" \/>\n<meta property=\"og:locale\" content=\"es_ES\" \/>\n<meta property=\"og:type\" content=\"article\" \/>\n<meta property=\"og:title\" content=\"Linux - Expertos Especializados en Linux - \u00bfQu\u00e9 es Linux?\" \/>\n<meta property=\"og:description\" content=\"Linux es todo un conjunto de sistemas de c\u00f3digo abierto, libres y gratuitos multiplataforma, multiusuario y multitarea basados en Unix.\" \/>\n<meta property=\"og:url\" content=\"https:\/\/www.audox.cl\/linux\/linux\/\" \/>\n<meta property=\"og:site_name\" content=\"Expertos\" \/>\n<meta property=\"article:modified_time\" content=\"2020-05-11T00:58:57+00:00\" \/>\n<meta property=\"og:image\" content=\"https:\/\/www.audox.cl\/linux\/wp-content\/uploads\/sites\/17\/2020\/05\/1200px-Tux.svg_-1-869x1024.png\" \/>\n<meta name=\"twitter:card\" content=\"summary_large_image\" \/>\n<meta name=\"twitter:label1\" content=\"Tiempo de lectura\" \/>\n\t<meta name=\"twitter:data1\" content=\"2 minutos\" \/>\n<script type=\"application\/ld+json\" class=\"yoast-schema-graph\">{\"@context\":\"https:\\\/\\\/schema.org\",\"@graph\":[{\"@type\":\"WebPage\",\"@id\":\"https:\\\/\\\/www.audox.cl\\\/linux\\\/linux\\\/\",\"url\":\"https:\\\/\\\/www.audox.cl\\\/linux\\\/linux\\\/\",\"name\":\"Linux - Expertos Especializados en Linux - \u00bfQu\u00e9 es Linux?\",\"isPartOf\":{\"@id\":\"https:\\\/\\\/www.audox.cl\\\/linux\\\/#website\"},\"primaryImageOfPage\":{\"@id\":\"https:\\\/\\\/www.audox.cl\\\/linux\\\/linux\\\/#primaryimage\"},\"image\":{\"@id\":\"https:\\\/\\\/www.audox.cl\\\/linux\\\/linux\\\/#primaryimage\"},\"thumbnailUrl\":\"https:\\\/\\\/www.audox.cl\\\/linux\\\/wp-content\\\/uploads\\\/sites\\\/17\\\/2020\\\/05\\\/1200px-Tux.svg_-1-869x1024.png\",\"datePublished\":\"2020-03-05T02:10:27+00:00\",\"dateModified\":\"2020-05-11T00:58:57+00:00\",\"description\":\"Linux es todo un conjunto de sistemas de c\u00f3digo abierto, libres y gratuitos multiplataforma, multiusuario y multitarea basados en Unix.\",\"breadcrumb\":{\"@id\":\"https:\\\/\\\/www.audox.cl\\\/linux\\\/linux\\\/#breadcrumb\"},\"inLanguage\":\"es\",\"potentialAction\":[{\"@type\":\"ReadAction\",\"target\":[\"https:\\\/\\\/www.audox.cl\\\/linux\\\/linux\\\/\"]}]},{\"@type\":\"ImageObject\",\"inLanguage\":\"es\",\"@id\":\"https:\\\/\\\/www.audox.cl\\\/linux\\\/linux\\\/#primaryimage\",\"url\":\"https:\\\/\\\/www.audox.cl\\\/linux\\\/wp-content\\\/uploads\\\/sites\\\/17\\\/2020\\\/05\\\/1200px-Tux.svg_-1-869x1024.png\",\"contentUrl\":\"https:\\\/\\\/www.audox.cl\\\/linux\\\/wp-content\\\/uploads\\\/sites\\\/17\\\/2020\\\/05\\\/1200px-Tux.svg_-1-869x1024.png\"},{\"@type\":\"BreadcrumbList\",\"@id\":\"https:\\\/\\\/www.audox.cl\\\/linux\\\/linux\\\/#breadcrumb\",\"itemListElement\":[{\"@type\":\"ListItem\",\"position\":1,\"name\":\"Portada\",\"item\":\"https:\\\/\\\/www.audox.cl\\\/linux\\\/inicio\\\/\"},{\"@type\":\"ListItem\",\"position\":2,\"name\":\"Linux\"}]},{\"@type\":\"WebSite\",\"@id\":\"https:\\\/\\\/www.audox.cl\\\/linux\\\/#website\",\"url\":\"https:\\\/\\\/www.audox.cl\\\/linux\\\/\",\"name\":\"Expertos\",\"description\":\"Servicios para Linux en Chile\",\"potentialAction\":[{\"@type\":\"SearchAction\",\"target\":{\"@type\":\"EntryPoint\",\"urlTemplate\":\"https:\\\/\\\/www.audox.cl\\\/linux\\\/?s={search_term_string}\"},\"query-input\":{\"@type\":\"PropertyValueSpecification\",\"valueRequired\":true,\"valueName\":\"search_term_string\"}}],\"inLanguage\":\"es\"}]}<\/script>\n<!-- \/ Yoast SEO plugin. -->","yoast_head_json":{"title":"Linux - Expertos Especializados en Linux - \u00bfQu\u00e9 es Linux?","description":"Linux es todo un conjunto de sistemas de c\u00f3digo abierto, libres y gratuitos multiplataforma, multiusuario y multitarea basados en Unix.","robots":{"index":"index","follow":"follow","max-snippet":"max-snippet:-1","max-image-preview":"max-image-preview:large","max-video-preview":"max-video-preview:-1"},"canonical":"https:\/\/www.audox.cl\/linux\/linux\/","og_locale":"es_ES","og_type":"article","og_title":"Linux - Expertos Especializados en Linux - \u00bfQu\u00e9 es Linux?","og_description":"Linux es todo un conjunto de sistemas de c\u00f3digo abierto, libres y gratuitos multiplataforma, multiusuario y multitarea basados en Unix.","og_url":"https:\/\/www.audox.cl\/linux\/linux\/","og_site_name":"Expertos","article_modified_time":"2020-05-11T00:58:57+00:00","og_image":[{"url":"https:\/\/www.audox.cl\/linux\/wp-content\/uploads\/sites\/17\/2020\/05\/1200px-Tux.svg_-1-869x1024.png","type":"","width":"","height":""}],"twitter_card":"summary_large_image","twitter_misc":{"Tiempo de lectura":"2 minutos"},"schema":{"@context":"https:\/\/schema.org","@graph":[{"@type":"WebPage","@id":"https:\/\/www.audox.cl\/linux\/linux\/","url":"https:\/\/www.audox.cl\/linux\/linux\/","name":"Linux - Expertos Especializados en Linux - \u00bfQu\u00e9 es Linux?","isPartOf":{"@id":"https:\/\/www.audox.cl\/linux\/#website"},"primaryImageOfPage":{"@id":"https:\/\/www.audox.cl\/linux\/linux\/#primaryimage"},"image":{"@id":"https:\/\/www.audox.cl\/linux\/linux\/#primaryimage"},"thumbnailUrl":"https:\/\/www.audox.cl\/linux\/wp-content\/uploads\/sites\/17\/2020\/05\/1200px-Tux.svg_-1-869x1024.png","datePublished":"2020-03-05T02:10:27+00:00","dateModified":"2020-05-11T00:58:57+00:00","description":"Linux es todo un conjunto de sistemas de c\u00f3digo abierto, libres y gratuitos multiplataforma, multiusuario y multitarea basados en Unix.","breadcrumb":{"@id":"https:\/\/www.audox.cl\/linux\/linux\/#breadcrumb"},"inLanguage":"es","potentialAction":[{"@type":"ReadAction","target":["https:\/\/www.audox.cl\/linux\/linux\/"]}]},{"@type":"ImageObject","inLanguage":"es","@id":"https:\/\/www.audox.cl\/linux\/linux\/#primaryimage","url":"https:\/\/www.audox.cl\/linux\/wp-content\/uploads\/sites\/17\/2020\/05\/1200px-Tux.svg_-1-869x1024.png","contentUrl":"https:\/\/www.audox.cl\/linux\/wp-content\/uploads\/sites\/17\/2020\/05\/1200px-Tux.svg_-1-869x1024.png"},{"@type":"BreadcrumbList","@id":"https:\/\/www.audox.cl\/linux\/linux\/#breadcrumb","itemListElement":[{"@type":"ListItem","position":1,"name":"Portada","item":"https:\/\/www.audox.cl\/linux\/inicio\/"},{"@type":"ListItem","position":2,"name":"Linux"}]},{"@type":"WebSite","@id":"https:\/\/www.audox.cl\/linux\/#website","url":"https:\/\/www.audox.cl\/linux\/","name":"Expertos","description":"Servicios para Linux en Chile","potentialAction":[{"@type":"SearchAction","target":{"@type":"EntryPoint","urlTemplate":"https:\/\/www.audox.cl\/linux\/?s={search_term_string}"},"query-input":{"@type":"PropertyValueSpecification","valueRequired":true,"valueName":"search_term_string"}}],"inLanguage":"es"}]}},"_links":{"self":[{"href":"https:\/\/www.audox.cl\/linux\/wp-json\/wp\/v2\/pages\/21","targetHints":{"allow":["GET"]}}],"collection":[{"href":"https:\/\/www.audox.cl\/linux\/wp-json\/wp\/v2\/pages"}],"about":[{"href":"https:\/\/www.audox.cl\/linux\/wp-json\/wp\/v2\/types\/page"}],"author":[{"embeddable":true,"href":"https:\/\/www.audox.cl\/linux\/wp-json\/wp\/v2\/users\/3"}],"replies":[{"embeddable":true,"href":"https:\/\/www.audox.cl\/linux\/wp-json\/wp\/v2\/comments?post=21"}],"version-history":[{"count":4,"href":"https:\/\/www.audox.cl\/linux\/wp-json\/wp\/v2\/pages\/21\/revisions"}],"predecessor-version":[{"id":59,"href":"https:\/\/www.audox.cl\/linux\/wp-json\/wp\/v2\/pages\/21\/revisions\/59"}],"wp:attachment":[{"href":"https:\/\/www.audox.cl\/linux\/wp-json\/wp\/v2\/media?parent=21"}],"curies":[{"name":"wp","href":"https:\/\/api.w.org\/{rel}","templated":true}]}}