{"id":21,"date":"2020-06-07T21:53:07","date_gmt":"2020-06-07T21:53:07","guid":{"rendered":"https:\/\/www.audox.cl\/mailchimp\/?page_id=21"},"modified":"2022-11-20T23:19:43","modified_gmt":"2022-11-20T23:19:43","slug":"capacitacion-mailchimp","status":"publish","type":"page","link":"https:\/\/www.audox.cl\/mailchimp\/capacitacion-mailchimp\/","title":{"rendered":"Capacitaci\u00f3n"},"content":{"rendered":"\n<p>Los servicios de\u00a0<strong>Capacitacion<\/strong>\u00a0<strong>MailChimp<\/strong>\u00a0incluyen los siguientes contenidos:<\/p>\n\n\n\n<ul class=\"wp-block-list\">\n<li>Configuraci\u00f3n de la cuenta<\/li>\n\n\n\n<li>Creaci\u00f3n de Listas (importaci\u00f3n de contactos, campos y grupos de inter\u00e9s, formularios de suscripci\u00f3n)<\/li>\n\n\n\n<li>Creaci\u00f3n de Campa\u00f1as<\/li>\n\n\n\n<li>Interpretaci\u00f3n de Reportes.<\/li>\n\n\n\n<li>Creaci\u00f3n de Plantillas Personalizadas<\/li>\n\n\n\n<li>Automation<\/li>\n\n\n\n<li>API\u2019s<\/li>\n<\/ul>\n\n\n\n<figure class=\"wp-block-image size-large\"><img loading=\"lazy\" decoding=\"async\" width=\"1024\" height=\"643\" src=\"https:\/\/www.audox.cl\/mailchimp\/wp-content\/uploads\/sites\/42\/2020\/06\/image-1024x643.png\" alt=\"MailChimp\" class=\"wp-image-37\" srcset=\"https:\/\/www.audox.cl\/mailchimp\/wp-content\/uploads\/sites\/42\/2020\/06\/image-1024x643.png 1024w, https:\/\/www.audox.cl\/mailchimp\/wp-content\/uploads\/sites\/42\/2020\/06\/image-300x188.png 300w, https:\/\/www.audox.cl\/mailchimp\/wp-content\/uploads\/sites\/42\/2020\/06\/image-768x482.png 768w, https:\/\/www.audox.cl\/mailchimp\/wp-content\/uploads\/sites\/42\/2020\/06\/image-100x63.png 100w, https:\/\/www.audox.cl\/mailchimp\/wp-content\/uploads\/sites\/42\/2020\/06\/image-150x94.png 150w, https:\/\/www.audox.cl\/mailchimp\/wp-content\/uploads\/sites\/42\/2020\/06\/image-200x126.png 200w, https:\/\/www.audox.cl\/mailchimp\/wp-content\/uploads\/sites\/42\/2020\/06\/image-450x282.png 450w, https:\/\/www.audox.cl\/mailchimp\/wp-content\/uploads\/sites\/42\/2020\/06\/image-600x377.png 600w, https:\/\/www.audox.cl\/mailchimp\/wp-content\/uploads\/sites\/42\/2020\/06\/image-900x565.png 900w, https:\/\/www.audox.cl\/mailchimp\/wp-content\/uploads\/sites\/42\/2020\/06\/image.png 1042w\" sizes=\"auto, (max-width: 1024px) 100vw, 1024px\" \/><\/figure>\n\n\n\n<p class=\"has-text-align-center\"><em>Audox es <a href=\"https:\/\/mailchimp.com\/experts\/audox-ingenieria\/\">Partner Oficial<\/a> de MailChimp en Chile<\/em><\/p>\n\n\n\n<p>Mailchimp es una plataforma de marketing todo en uno que lo ayuda a administrar y hablar con sus clientes y otras partes interesadas. El enfoque de marketing de MailChimp se centra en pr\u00e1cticas saludables de gesti\u00f3n de contactos, campa\u00f1as bellamente dise\u00f1adas y un poderoso an\u00e1lisis de datos. Estamos aqu\u00ed para ayudarte a convertirte en un experto en la plataforma con nuestra Capacitacion MailChimp. \u00bfListo para comenzar?<\/p>\n\n\n\n<p>Antes de comenzar a realizar tareas, hay algunas cosas esenciales que debes saber:<\/p>\n\n\n\n<ul class=\"wp-block-list\">\n<li>Mailchimp es una aplicaci\u00f3n basada en web que funciona en la mayor\u00eda de los navegadores web, lo que significa que no necesita descargar ni instalar ning\u00fan software en su computadora. <\/li>\n\n\n\n<li>Para asegurarte de que Mailchimp funciona correctamente en tu navegador, debes habilitar las cookies, las ventanas emergentes y JavaScript.<\/li>\n\n\n\n<li>Es importante tener en cuenta que cuando creas una cuenta de Mailchimp, aceptas cumplir con sus T\u00e9rminos de Uso.<\/li>\n\n\n\n<li>MailChimp ofrece una serie de recursos en l\u00ednea para proporcionar ayuda e informaci\u00f3n sobre  herramientas y caracter\u00edsticas. <\/li>\n<\/ul>\n\n\n\n<h2 class=\"wp-block-heading\">Estad\u00edsticas de MailChimp<\/h2>\n\n\n\n<p>A lo largo de los a\u00f1os, la gente ha declarado que el email marketing <em>est\u00e1<\/em> <em>muert<\/em>o. Pero eso no podr\u00eda estar m\u00e1s lejos de ser cierto. De hecho, el email marketing tiene un rendimiento promedio de $38 por cada $1 gastado, lo que demuestra lo beneficioso que puede ser el email marketing.<\/p>\n\n\n\n<p>El 72% de los consumidores prefieren el email marketing como su fuente de comunicaci\u00f3n comercial y el 61% de las personas disfrutan de email marketing promocionales de manera semanal, seg\u00fan <a href=\"https:\/\/chimpessentials.com\/\">Chimp Essentials<\/a>.<\/p>\n\n\n\n<p>Enviar correos electr\u00f3nicos a las personas a trav\u00e9s de un bolet\u00edn sigue siendo la forma m\u00e1s efectiva de comunicarse con una audiencia. Si bien hay muchas herramientas que puede usar para enviar estos correos electr\u00f3nicos, Mailchimp es la mejor, y probablemente la herramienta utilizada por la mayor\u00eda de los usuarios tambi\u00e9n. Se enviaron 246 mil millones de correos electr\u00f3nicos a trav\u00e9s de Mailchimp solo en 2016 de sus m\u00e1s de 7 millones de usuarios.<\/p>\n\n\n\n<h2 class=\"wp-block-heading\">Servicios para Capacitacion MailChimp con Audox<\/h2>\n\n\n\n<p>En Audox<a href=\"https:\/\/www.youtube.com\/feed\/my_videos\"> <\/a><a href=\"https:\/\/www.youtube.com\/user\/tecnologiafacil\">somos expertos<\/a>\u00a0en implementaci\u00f3n, soporte y capacitaci\u00f3n de MailChimp para empresas peque\u00f1as, medianas y grandes gracias a nuestra amplia experiencia de m\u00e1s de una d\u00e9cada en el \u00e1rea de la tecnolog\u00eda e ingenier\u00eda. Audox es <a href=\"https:\/\/mailchimp.com\/experts\/audox-ingenieria\/\">Partner Oficial<\/a> de MailChimp en Chile.<\/p>\n\n\n\n<p>Nuestro equipo de especialistas est\u00e1 listo para ayudarte en solventar tus problemas y dar respuesta a tus necesidades.<\/p>\n\n\n\n<p><a href=\"https:\/\/www.audox.cl\/mailchimp\/contacto\/\">\u00a1Cont\u00e1ctanos!<\/a><\/p>\n","protected":false},"excerpt":{"rendered":"<p>Los servicios de\u00a0Capacitacion\u00a0MailChimp\u00a0incluyen los siguientes contenidos: Audox es Partner Oficial de MailChimp en Chile Mailchimp es una plataforma de marketing todo en uno que lo ayuda a administrar y hablar con sus clientes y otras partes interesadas. El enfoque de &hellip;<\/p>\n<p class=\"read-more\"> <a class=\"more-link\" href=\"https:\/\/www.audox.cl\/mailchimp\/capacitacion-mailchimp\/\"> <span class=\"screen-reader-text\">Capacitaci\u00f3n<\/span> Leer m\u00e1s \u00bb<\/a><\/p>\n","protected":false},"author":3,"featured_media":0,"parent":0,"menu_order":1,"comment_status":"closed","ping_status":"closed","template":"","meta":{"om_disable_all_campaigns":false,"inline_featured_image":false,"_monsterinsights_skip_tracking":false,"_monsterinsights_sitenote_active":false,"_monsterinsights_sitenote_note":"","_monsterinsights_sitenote_category":0,"footnotes":""},"class_list":["post-21","page","type-page","status-publish","hentry"],"yoast_head":"<!-- This site is optimized with the Yoast SEO plugin v27.6 - https:\/\/yoast.com\/product\/yoast-seo-wordpress\/ -->\n<title>Capacitacion MailChimp - Expertos Especializados en MailChimp<\/title>\n<meta name=\"description\" content=\"Capacitacion MailChimp y Soporte Especializado para MailChimp. Todo lo que necesitas para potenciar tu sistema de correo lo tienes con Audox.\" \/>\n<meta name=\"robots\" content=\"index, follow, max-snippet:-1, max-image-preview:large, max-video-preview:-1\" \/>\n<link rel=\"canonical\" href=\"https:\/\/www.audox.cl\/mailchimp\/capacitacion-mailchimp\/\" \/>\n<meta property=\"og:locale\" content=\"es_ES\" \/>\n<meta property=\"og:type\" content=\"article\" \/>\n<meta property=\"og:title\" content=\"Capacitacion MailChimp - Expertos Especializados en MailChimp\" \/>\n<meta property=\"og:description\" content=\"Capacitacion MailChimp y Soporte Especializado para MailChimp. Todo lo que necesitas para potenciar tu sistema de correo lo tienes con Audox.\" \/>\n<meta property=\"og:url\" content=\"https:\/\/www.audox.cl\/mailchimp\/capacitacion-mailchimp\/\" \/>\n<meta property=\"og:site_name\" content=\"MailChimp Expertos\" \/>\n<meta property=\"article:modified_time\" content=\"2022-11-20T23:19:43+00:00\" \/>\n<meta property=\"og:image\" content=\"https:\/\/www.audox.cl\/mailchimp\/wp-content\/uploads\/sites\/42\/2020\/06\/image-1024x643.png\" \/>\n<meta name=\"twitter:card\" content=\"summary_large_image\" \/>\n<meta name=\"twitter:label1\" content=\"Tiempo de lectura\" \/>\n\t<meta name=\"twitter:data1\" content=\"3 minutos\" \/>\n<script type=\"application\/ld+json\" class=\"yoast-schema-graph\">{\"@context\":\"https:\\\/\\\/schema.org\",\"@graph\":[{\"@type\":\"WebPage\",\"@id\":\"https:\\\/\\\/www.audox.cl\\\/mailchimp\\\/capacitacion-mailchimp\\\/\",\"url\":\"https:\\\/\\\/www.audox.cl\\\/mailchimp\\\/capacitacion-mailchimp\\\/\",\"name\":\"Capacitacion MailChimp - Expertos Especializados en MailChimp\",\"isPartOf\":{\"@id\":\"https:\\\/\\\/www.audox.cl\\\/mailchimp\\\/#website\"},\"primaryImageOfPage\":{\"@id\":\"https:\\\/\\\/www.audox.cl\\\/mailchimp\\\/capacitacion-mailchimp\\\/#primaryimage\"},\"image\":{\"@id\":\"https:\\\/\\\/www.audox.cl\\\/mailchimp\\\/capacitacion-mailchimp\\\/#primaryimage\"},\"thumbnailUrl\":\"https:\\\/\\\/www.audox.cl\\\/mailchimp\\\/wp-content\\\/uploads\\\/sites\\\/42\\\/2020\\\/06\\\/image-1024x643.png\",\"datePublished\":\"2020-06-07T21:53:07+00:00\",\"dateModified\":\"2022-11-20T23:19:43+00:00\",\"description\":\"Capacitacion MailChimp y Soporte Especializado para MailChimp. Todo lo que necesitas para potenciar tu sistema de correo lo tienes con Audox.\",\"breadcrumb\":{\"@id\":\"https:\\\/\\\/www.audox.cl\\\/mailchimp\\\/capacitacion-mailchimp\\\/#breadcrumb\"},\"inLanguage\":\"es\",\"potentialAction\":[{\"@type\":\"ReadAction\",\"target\":[\"https:\\\/\\\/www.audox.cl\\\/mailchimp\\\/capacitacion-mailchimp\\\/\"]}]},{\"@type\":\"ImageObject\",\"inLanguage\":\"es\",\"@id\":\"https:\\\/\\\/www.audox.cl\\\/mailchimp\\\/capacitacion-mailchimp\\\/#primaryimage\",\"url\":\"https:\\\/\\\/www.audox.cl\\\/mailchimp\\\/wp-content\\\/uploads\\\/sites\\\/42\\\/2020\\\/06\\\/image.png\",\"contentUrl\":\"https:\\\/\\\/www.audox.cl\\\/mailchimp\\\/wp-content\\\/uploads\\\/sites\\\/42\\\/2020\\\/06\\\/image.png\",\"width\":1042,\"height\":654},{\"@type\":\"BreadcrumbList\",\"@id\":\"https:\\\/\\\/www.audox.cl\\\/mailchimp\\\/capacitacion-mailchimp\\\/#breadcrumb\",\"itemListElement\":[{\"@type\":\"ListItem\",\"position\":1,\"name\":\"Portada\",\"item\":\"https:\\\/\\\/www.audox.cl\\\/mailchimp\\\/\"},{\"@type\":\"ListItem\",\"position\":2,\"name\":\"Capacitaci\u00f3n\"}]},{\"@type\":\"WebSite\",\"@id\":\"https:\\\/\\\/www.audox.cl\\\/mailchimp\\\/#website\",\"url\":\"https:\\\/\\\/www.audox.cl\\\/mailchimp\\\/\",\"name\":\"MailChimp Expertos\",\"description\":\"Implementaci\u00f3n, Capacitaci\u00f3n y Soporte para MailChimp en Chile\",\"potentialAction\":[{\"@type\":\"SearchAction\",\"target\":{\"@type\":\"EntryPoint\",\"urlTemplate\":\"https:\\\/\\\/www.audox.cl\\\/mailchimp\\\/?s={search_term_string}\"},\"query-input\":{\"@type\":\"PropertyValueSpecification\",\"valueRequired\":true,\"valueName\":\"search_term_string\"}}],\"inLanguage\":\"es\"}]}<\/script>\n<!-- \/ Yoast SEO plugin. -->","yoast_head_json":{"title":"Capacitacion MailChimp - Expertos Especializados en MailChimp","description":"Capacitacion MailChimp y Soporte Especializado para MailChimp. Todo lo que necesitas para potenciar tu sistema de correo lo tienes con Audox.","robots":{"index":"index","follow":"follow","max-snippet":"max-snippet:-1","max-image-preview":"max-image-preview:large","max-video-preview":"max-video-preview:-1"},"canonical":"https:\/\/www.audox.cl\/mailchimp\/capacitacion-mailchimp\/","og_locale":"es_ES","og_type":"article","og_title":"Capacitacion MailChimp - Expertos Especializados en MailChimp","og_description":"Capacitacion MailChimp y Soporte Especializado para MailChimp. Todo lo que necesitas para potenciar tu sistema de correo lo tienes con Audox.","og_url":"https:\/\/www.audox.cl\/mailchimp\/capacitacion-mailchimp\/","og_site_name":"MailChimp Expertos","article_modified_time":"2022-11-20T23:19:43+00:00","og_image":[{"url":"https:\/\/www.audox.cl\/mailchimp\/wp-content\/uploads\/sites\/42\/2020\/06\/image-1024x643.png","type":"","width":"","height":""}],"twitter_card":"summary_large_image","twitter_misc":{"Tiempo de lectura":"3 minutos"},"schema":{"@context":"https:\/\/schema.org","@graph":[{"@type":"WebPage","@id":"https:\/\/www.audox.cl\/mailchimp\/capacitacion-mailchimp\/","url":"https:\/\/www.audox.cl\/mailchimp\/capacitacion-mailchimp\/","name":"Capacitacion MailChimp - Expertos Especializados en MailChimp","isPartOf":{"@id":"https:\/\/www.audox.cl\/mailchimp\/#website"},"primaryImageOfPage":{"@id":"https:\/\/www.audox.cl\/mailchimp\/capacitacion-mailchimp\/#primaryimage"},"image":{"@id":"https:\/\/www.audox.cl\/mailchimp\/capacitacion-mailchimp\/#primaryimage"},"thumbnailUrl":"https:\/\/www.audox.cl\/mailchimp\/wp-content\/uploads\/sites\/42\/2020\/06\/image-1024x643.png","datePublished":"2020-06-07T21:53:07+00:00","dateModified":"2022-11-20T23:19:43+00:00","description":"Capacitacion MailChimp y Soporte Especializado para MailChimp. Todo lo que necesitas para potenciar tu sistema de correo lo tienes con Audox.","breadcrumb":{"@id":"https:\/\/www.audox.cl\/mailchimp\/capacitacion-mailchimp\/#breadcrumb"},"inLanguage":"es","potentialAction":[{"@type":"ReadAction","target":["https:\/\/www.audox.cl\/mailchimp\/capacitacion-mailchimp\/"]}]},{"@type":"ImageObject","inLanguage":"es","@id":"https:\/\/www.audox.cl\/mailchimp\/capacitacion-mailchimp\/#primaryimage","url":"https:\/\/www.audox.cl\/mailchimp\/wp-content\/uploads\/sites\/42\/2020\/06\/image.png","contentUrl":"https:\/\/www.audox.cl\/mailchimp\/wp-content\/uploads\/sites\/42\/2020\/06\/image.png","width":1042,"height":654},{"@type":"BreadcrumbList","@id":"https:\/\/www.audox.cl\/mailchimp\/capacitacion-mailchimp\/#breadcrumb","itemListElement":[{"@type":"ListItem","position":1,"name":"Portada","item":"https:\/\/www.audox.cl\/mailchimp\/"},{"@type":"ListItem","position":2,"name":"Capacitaci\u00f3n"}]},{"@type":"WebSite","@id":"https:\/\/www.audox.cl\/mailchimp\/#website","url":"https:\/\/www.audox.cl\/mailchimp\/","name":"MailChimp Expertos","description":"Implementaci\u00f3n, Capacitaci\u00f3n y Soporte para MailChimp en Chile","potentialAction":[{"@type":"SearchAction","target":{"@type":"EntryPoint","urlTemplate":"https:\/\/www.audox.cl\/mailchimp\/?s={search_term_string}"},"query-input":{"@type":"PropertyValueSpecification","valueRequired":true,"valueName":"search_term_string"}}],"inLanguage":"es"}]}},"_links":{"self":[{"href":"https:\/\/www.audox.cl\/mailchimp\/wp-json\/wp\/v2\/pages\/21","targetHints":{"allow":["GET"]}}],"collection":[{"href":"https:\/\/www.audox.cl\/mailchimp\/wp-json\/wp\/v2\/pages"}],"about":[{"href":"https:\/\/www.audox.cl\/mailchimp\/wp-json\/wp\/v2\/types\/page"}],"author":[{"embeddable":true,"href":"https:\/\/www.audox.cl\/mailchimp\/wp-json\/wp\/v2\/users\/3"}],"replies":[{"embeddable":true,"href":"https:\/\/www.audox.cl\/mailchimp\/wp-json\/wp\/v2\/comments?post=21"}],"version-history":[{"count":9,"href":"https:\/\/www.audox.cl\/mailchimp\/wp-json\/wp\/v2\/pages\/21\/revisions"}],"predecessor-version":[{"id":58,"href":"https:\/\/www.audox.cl\/mailchimp\/wp-json\/wp\/v2\/pages\/21\/revisions\/58"}],"wp:attachment":[{"href":"https:\/\/www.audox.cl\/mailchimp\/wp-json\/wp\/v2\/media?parent=21"}],"curies":[{"name":"wp","href":"https:\/\/api.w.org\/{rel}","templated":true}]}}