{"id":24,"date":"2020-06-07T21:53:50","date_gmt":"2020-06-07T21:53:50","guid":{"rendered":"https:\/\/www.audox.cl\/mailchimp\/?page_id=24"},"modified":"2020-09-30T17:04:18","modified_gmt":"2020-09-30T17:04:18","slug":"soporte-mailchimp","status":"publish","type":"page","link":"https:\/\/www.audox.cl\/mailchimp\/soporte-mailchimp\/","title":{"rendered":"Soporte"},"content":{"rendered":"\n<p>El servicio de\u00a0<strong>Soporte<\/strong>\u00a0para\u00a0<strong>MailChimp<\/strong>\u00a0incluye:<\/p>\n\n\n\n<ul class=\"wp-block-list\"><li>Capacitaci\u00f3n<\/li><li>Desarrollos<\/li><li>Integraciones<\/li><\/ul>\n\n\n\n<figure class=\"wp-block-image size-large\"><img loading=\"lazy\" decoding=\"async\" width=\"1024\" height=\"643\" src=\"http:\/\/www.audox.cl\/mailchimp\/wp-content\/uploads\/sites\/42\/2020\/06\/image-1024x643.png\" alt=\"MailChimp\" class=\"wp-image-37\" srcset=\"https:\/\/www.audox.cl\/mailchimp\/wp-content\/uploads\/sites\/42\/2020\/06\/image-1024x643.png 1024w, https:\/\/www.audox.cl\/mailchimp\/wp-content\/uploads\/sites\/42\/2020\/06\/image-300x188.png 300w, https:\/\/www.audox.cl\/mailchimp\/wp-content\/uploads\/sites\/42\/2020\/06\/image-768x482.png 768w, https:\/\/www.audox.cl\/mailchimp\/wp-content\/uploads\/sites\/42\/2020\/06\/image-100x63.png 100w, https:\/\/www.audox.cl\/mailchimp\/wp-content\/uploads\/sites\/42\/2020\/06\/image-150x94.png 150w, https:\/\/www.audox.cl\/mailchimp\/wp-content\/uploads\/sites\/42\/2020\/06\/image-200x126.png 200w, https:\/\/www.audox.cl\/mailchimp\/wp-content\/uploads\/sites\/42\/2020\/06\/image-450x282.png 450w, https:\/\/www.audox.cl\/mailchimp\/wp-content\/uploads\/sites\/42\/2020\/06\/image-600x377.png 600w, https:\/\/www.audox.cl\/mailchimp\/wp-content\/uploads\/sites\/42\/2020\/06\/image-900x565.png 900w, https:\/\/www.audox.cl\/mailchimp\/wp-content\/uploads\/sites\/42\/2020\/06\/image.png 1042w\" sizes=\"auto, (max-width: 1024px) 100vw, 1024px\" \/><\/figure>\n\n\n\n<p class=\"has-text-align-center\"><em>Audox es <a href=\"https:\/\/mailchimp.com\/experts\/audox-ingenieria\/\">Partner Oficial<\/a> de MailChimp en Chile<\/em><\/p>\n\n\n\n<p>Entre los obst\u00e1culos que una peque\u00f1a empresa o vendedor en l\u00ednea tiene que enfrentar es encontrar una forma rentable de comercializar su marca a un p\u00fablico m\u00e1s amplio. Ah\u00ed es donde entra el marketing por correo electr\u00f3nico. Ya sea que sea su gran inauguraci\u00f3n o que su empresa ya est\u00e9 bien establecida, un plan efectivo de marketing por correo electr\u00f3nico es clave para promover y hacer crecer su negocio, aumentar los ingresos y vender m\u00e1s cosas.<\/p>\n\n\n\n<p>Mailchimp facilita el dise\u00f1o de hermosas campa\u00f1as de correo electr\u00f3nico personalizadas y automatizaciones para que pueda construir y fortalecer sus relaciones con clientes potenciales y existentes. Y con su tienda en l\u00ednea conectada, recopilar\u00e1 datos \u00fatiles de comercio electr\u00f3nico para sus clientes, como el historial de pedidos, cu\u00e1nto gastaron y si son clientes nuevos o recurrentes, para que pueda enviar campa\u00f1as espec\u00edficas que dirijan el tr\u00e1fico vuelve a tu tienda y genera m\u00e1s ventas.<\/p>\n\n\n\n<h2 class=\"wp-block-heading\">\u00bfPor qu\u00e9 recomendamos usar Mailchimp a las personas que dirigen negocios de todo tipo?<\/h2>\n\n\n\n<ul class=\"wp-block-list\"><li>Mailchimp es la plataforma de correos o Email Marketing m\u00e1s f\u00e1cil de configurar y usar r\u00e1pidamente.<\/li><li>Es totalmente gratuito para hasta 2.000 suscriptores, incluida la automatizaci\u00f3n, las pruebas A\/B, las p\u00e1ginas de destino y las plantillas personalizadas.<\/li><li>Es divertido: el marketing por correo electr\u00f3nico puede ser estresante; pero este sistema hace un gran trabajo al ayudar con soporte cuando lo necesitas.<\/li><li>Mailchimp funciona bien con otros sistemas: como tu sitio web de WordPress o SquareSpace. Una tienda Shopify, perfiles de Facebook y Twitter, o incluso tu p\u00e1gina de inicio de LeadPages.<\/li><\/ul>\n\n\n\n<h2 class=\"wp-block-heading\">Servicios para Soporte MailChimp con Audox<\/h2>\n\n\n\n<p>En Audox<a href=\"https:\/\/www.youtube.com\/feed\/my_videos\"> <\/a><a href=\"https:\/\/www.youtube.com\/user\/tecnologiafacil\">somos expertos<\/a>\u00a0en implementaci\u00f3n, soporte y capacitaci\u00f3n de MailChimp para empresas peque\u00f1as, medianas y grandes gracias a nuestra amplia experiencia de m\u00e1s de una d\u00e9cada en el \u00e1rea de la tecnolog\u00eda e ingenier\u00eda. Audox es <a href=\"https:\/\/mailchimp.com\/experts\/audox-ingenieria\/\">Partner Oficial<\/a> de MailChimp en Chile.<\/p>\n\n\n\n<p>Nuestro equipo de especialistas est\u00e1 listo para ayudarte en solventar tus problemas y dar respuesta a tus necesidades.<\/p>\n\n\n\n<p><a href=\"https:\/\/www.audox.cl\/mailchimp\/contacto\/\">\u00a1Cont\u00e1ctanos!<\/a><\/p>\n","protected":false},"excerpt":{"rendered":"<p>El servicio de\u00a0Soporte\u00a0para\u00a0MailChimp\u00a0incluye: Capacitaci\u00f3n Desarrollos Integraciones Audox es Partner Oficial de MailChimp en Chile Entre los obst\u00e1culos que una peque\u00f1a empresa o vendedor en l\u00ednea tiene que enfrentar es encontrar una forma rentable de comercializar su marca a un p\u00fablico &hellip;<\/p>\n<p class=\"read-more\"> <a class=\"more-link\" href=\"https:\/\/www.audox.cl\/mailchimp\/soporte-mailchimp\/\"> <span class=\"screen-reader-text\">Soporte<\/span> Leer m\u00e1s \u00bb<\/a><\/p>\n","protected":false},"author":3,"featured_media":0,"parent":0,"menu_order":3,"comment_status":"closed","ping_status":"closed","template":"","meta":{"om_disable_all_campaigns":false,"inline_featured_image":false,"_monsterinsights_skip_tracking":false,"_monsterinsights_sitenote_active":false,"_monsterinsights_sitenote_note":"","_monsterinsights_sitenote_category":0,"footnotes":""},"class_list":["post-24","page","type-page","status-publish","hentry"],"yoast_head":"<!-- This site is optimized with the Yoast SEO plugin v27.6 - https:\/\/yoast.com\/product\/yoast-seo-wordpress\/ -->\n<title>Soporte MailChimp - Expertos Especializados en MailChimp<\/title>\n<meta name=\"description\" content=\"Implementaci\u00f3n, Capacitaci\u00f3n, Soporte MailChimp. Todo lo que necesitas para potenciar tu sistema de correos MailChimp lo tienes con Audox.\" \/>\n<meta name=\"robots\" content=\"index, follow, max-snippet:-1, max-image-preview:large, max-video-preview:-1\" \/>\n<link rel=\"canonical\" href=\"https:\/\/www.audox.cl\/mailchimp\/soporte-mailchimp\/\" \/>\n<meta property=\"og:locale\" content=\"es_ES\" \/>\n<meta property=\"og:type\" content=\"article\" \/>\n<meta property=\"og:title\" content=\"Soporte MailChimp - Expertos Especializados en MailChimp\" \/>\n<meta property=\"og:description\" content=\"Implementaci\u00f3n, Capacitaci\u00f3n, Soporte MailChimp. Todo lo que necesitas para potenciar tu sistema de correos MailChimp lo tienes con Audox.\" \/>\n<meta property=\"og:url\" content=\"https:\/\/www.audox.cl\/mailchimp\/soporte-mailchimp\/\" \/>\n<meta property=\"og:site_name\" content=\"MailChimp Expertos\" \/>\n<meta property=\"article:modified_time\" content=\"2020-09-30T17:04:18+00:00\" \/>\n<meta property=\"og:image\" content=\"http:\/\/www.audox.cl\/mailchimp\/wp-content\/uploads\/sites\/42\/2020\/06\/image-1024x643.png\" \/>\n<meta name=\"twitter:card\" content=\"summary_large_image\" \/>\n<meta name=\"twitter:label1\" content=\"Tiempo de lectura\" \/>\n\t<meta name=\"twitter:data1\" content=\"2 minutos\" \/>\n<script type=\"application\/ld+json\" class=\"yoast-schema-graph\">{\"@context\":\"https:\\\/\\\/schema.org\",\"@graph\":[{\"@type\":\"WebPage\",\"@id\":\"https:\\\/\\\/www.audox.cl\\\/mailchimp\\\/soporte-mailchimp\\\/\",\"url\":\"https:\\\/\\\/www.audox.cl\\\/mailchimp\\\/soporte-mailchimp\\\/\",\"name\":\"Soporte MailChimp - Expertos Especializados en MailChimp\",\"isPartOf\":{\"@id\":\"https:\\\/\\\/www.audox.cl\\\/mailchimp\\\/#website\"},\"primaryImageOfPage\":{\"@id\":\"https:\\\/\\\/www.audox.cl\\\/mailchimp\\\/soporte-mailchimp\\\/#primaryimage\"},\"image\":{\"@id\":\"https:\\\/\\\/www.audox.cl\\\/mailchimp\\\/soporte-mailchimp\\\/#primaryimage\"},\"thumbnailUrl\":\"http:\\\/\\\/www.audox.cl\\\/mailchimp\\\/wp-content\\\/uploads\\\/sites\\\/42\\\/2020\\\/06\\\/image-1024x643.png\",\"datePublished\":\"2020-06-07T21:53:50+00:00\",\"dateModified\":\"2020-09-30T17:04:18+00:00\",\"description\":\"Implementaci\u00f3n, Capacitaci\u00f3n, Soporte MailChimp. Todo lo que necesitas para potenciar tu sistema de correos MailChimp lo tienes con Audox.\",\"breadcrumb\":{\"@id\":\"https:\\\/\\\/www.audox.cl\\\/mailchimp\\\/soporte-mailchimp\\\/#breadcrumb\"},\"inLanguage\":\"es\",\"potentialAction\":[{\"@type\":\"ReadAction\",\"target\":[\"https:\\\/\\\/www.audox.cl\\\/mailchimp\\\/soporte-mailchimp\\\/\"]}]},{\"@type\":\"ImageObject\",\"inLanguage\":\"es\",\"@id\":\"https:\\\/\\\/www.audox.cl\\\/mailchimp\\\/soporte-mailchimp\\\/#primaryimage\",\"url\":\"https:\\\/\\\/www.audox.cl\\\/mailchimp\\\/wp-content\\\/uploads\\\/sites\\\/42\\\/2020\\\/06\\\/image.png\",\"contentUrl\":\"https:\\\/\\\/www.audox.cl\\\/mailchimp\\\/wp-content\\\/uploads\\\/sites\\\/42\\\/2020\\\/06\\\/image.png\",\"width\":1042,\"height\":654},{\"@type\":\"BreadcrumbList\",\"@id\":\"https:\\\/\\\/www.audox.cl\\\/mailchimp\\\/soporte-mailchimp\\\/#breadcrumb\",\"itemListElement\":[{\"@type\":\"ListItem\",\"position\":1,\"name\":\"Portada\",\"item\":\"https:\\\/\\\/www.audox.cl\\\/mailchimp\\\/\"},{\"@type\":\"ListItem\",\"position\":2,\"name\":\"Soporte\"}]},{\"@type\":\"WebSite\",\"@id\":\"https:\\\/\\\/www.audox.cl\\\/mailchimp\\\/#website\",\"url\":\"https:\\\/\\\/www.audox.cl\\\/mailchimp\\\/\",\"name\":\"MailChimp Expertos\",\"description\":\"Implementaci\u00f3n, Capacitaci\u00f3n y Soporte para MailChimp en Chile\",\"potentialAction\":[{\"@type\":\"SearchAction\",\"target\":{\"@type\":\"EntryPoint\",\"urlTemplate\":\"https:\\\/\\\/www.audox.cl\\\/mailchimp\\\/?s={search_term_string}\"},\"query-input\":{\"@type\":\"PropertyValueSpecification\",\"valueRequired\":true,\"valueName\":\"search_term_string\"}}],\"inLanguage\":\"es\"}]}<\/script>\n<!-- \/ Yoast SEO plugin. -->","yoast_head_json":{"title":"Soporte MailChimp - Expertos Especializados en MailChimp","description":"Implementaci\u00f3n, Capacitaci\u00f3n, Soporte MailChimp. Todo lo que necesitas para potenciar tu sistema de correos MailChimp lo tienes con Audox.","robots":{"index":"index","follow":"follow","max-snippet":"max-snippet:-1","max-image-preview":"max-image-preview:large","max-video-preview":"max-video-preview:-1"},"canonical":"https:\/\/www.audox.cl\/mailchimp\/soporte-mailchimp\/","og_locale":"es_ES","og_type":"article","og_title":"Soporte MailChimp - Expertos Especializados en MailChimp","og_description":"Implementaci\u00f3n, Capacitaci\u00f3n, Soporte MailChimp. Todo lo que necesitas para potenciar tu sistema de correos MailChimp lo tienes con Audox.","og_url":"https:\/\/www.audox.cl\/mailchimp\/soporte-mailchimp\/","og_site_name":"MailChimp Expertos","article_modified_time":"2020-09-30T17:04:18+00:00","og_image":[{"url":"http:\/\/www.audox.cl\/mailchimp\/wp-content\/uploads\/sites\/42\/2020\/06\/image-1024x643.png","type":"","width":"","height":""}],"twitter_card":"summary_large_image","twitter_misc":{"Tiempo de lectura":"2 minutos"},"schema":{"@context":"https:\/\/schema.org","@graph":[{"@type":"WebPage","@id":"https:\/\/www.audox.cl\/mailchimp\/soporte-mailchimp\/","url":"https:\/\/www.audox.cl\/mailchimp\/soporte-mailchimp\/","name":"Soporte MailChimp - Expertos Especializados en MailChimp","isPartOf":{"@id":"https:\/\/www.audox.cl\/mailchimp\/#website"},"primaryImageOfPage":{"@id":"https:\/\/www.audox.cl\/mailchimp\/soporte-mailchimp\/#primaryimage"},"image":{"@id":"https:\/\/www.audox.cl\/mailchimp\/soporte-mailchimp\/#primaryimage"},"thumbnailUrl":"http:\/\/www.audox.cl\/mailchimp\/wp-content\/uploads\/sites\/42\/2020\/06\/image-1024x643.png","datePublished":"2020-06-07T21:53:50+00:00","dateModified":"2020-09-30T17:04:18+00:00","description":"Implementaci\u00f3n, Capacitaci\u00f3n, Soporte MailChimp. Todo lo que necesitas para potenciar tu sistema de correos MailChimp lo tienes con Audox.","breadcrumb":{"@id":"https:\/\/www.audox.cl\/mailchimp\/soporte-mailchimp\/#breadcrumb"},"inLanguage":"es","potentialAction":[{"@type":"ReadAction","target":["https:\/\/www.audox.cl\/mailchimp\/soporte-mailchimp\/"]}]},{"@type":"ImageObject","inLanguage":"es","@id":"https:\/\/www.audox.cl\/mailchimp\/soporte-mailchimp\/#primaryimage","url":"https:\/\/www.audox.cl\/mailchimp\/wp-content\/uploads\/sites\/42\/2020\/06\/image.png","contentUrl":"https:\/\/www.audox.cl\/mailchimp\/wp-content\/uploads\/sites\/42\/2020\/06\/image.png","width":1042,"height":654},{"@type":"BreadcrumbList","@id":"https:\/\/www.audox.cl\/mailchimp\/soporte-mailchimp\/#breadcrumb","itemListElement":[{"@type":"ListItem","position":1,"name":"Portada","item":"https:\/\/www.audox.cl\/mailchimp\/"},{"@type":"ListItem","position":2,"name":"Soporte"}]},{"@type":"WebSite","@id":"https:\/\/www.audox.cl\/mailchimp\/#website","url":"https:\/\/www.audox.cl\/mailchimp\/","name":"MailChimp Expertos","description":"Implementaci\u00f3n, Capacitaci\u00f3n y Soporte para MailChimp en Chile","potentialAction":[{"@type":"SearchAction","target":{"@type":"EntryPoint","urlTemplate":"https:\/\/www.audox.cl\/mailchimp\/?s={search_term_string}"},"query-input":{"@type":"PropertyValueSpecification","valueRequired":true,"valueName":"search_term_string"}}],"inLanguage":"es"}]}},"_links":{"self":[{"href":"https:\/\/www.audox.cl\/mailchimp\/wp-json\/wp\/v2\/pages\/24","targetHints":{"allow":["GET"]}}],"collection":[{"href":"https:\/\/www.audox.cl\/mailchimp\/wp-json\/wp\/v2\/pages"}],"about":[{"href":"https:\/\/www.audox.cl\/mailchimp\/wp-json\/wp\/v2\/types\/page"}],"author":[{"embeddable":true,"href":"https:\/\/www.audox.cl\/mailchimp\/wp-json\/wp\/v2\/users\/3"}],"replies":[{"embeddable":true,"href":"https:\/\/www.audox.cl\/mailchimp\/wp-json\/wp\/v2\/comments?post=24"}],"version-history":[{"count":6,"href":"https:\/\/www.audox.cl\/mailchimp\/wp-json\/wp\/v2\/pages\/24\/revisions"}],"predecessor-version":[{"id":55,"href":"https:\/\/www.audox.cl\/mailchimp\/wp-json\/wp\/v2\/pages\/24\/revisions\/55"}],"wp:attachment":[{"href":"https:\/\/www.audox.cl\/mailchimp\/wp-json\/wp\/v2\/media?parent=24"}],"curies":[{"name":"wp","href":"https:\/\/api.w.org\/{rel}","templated":true}]}}