{"id":2,"date":"2020-04-27T18:29:35","date_gmt":"2020-04-27T18:29:35","guid":{"rendered":"https:\/\/www.audox.cl\/moodle\/?page_id=2"},"modified":"2020-05-11T21:07:57","modified_gmt":"2020-05-11T21:07:57","slug":"servicios-para-moodle","status":"publish","type":"page","link":"https:\/\/www.audox.cl\/moodle\/servicios-para-moodle\/","title":{"rendered":"Servicios para Moodle"},"content":{"rendered":"\n<p>Audox cuenta con los siguientes servicios para Moodle:<\/p>\n\n\n\n<h2 class=\"wp-block-heading\">Servicios para Moodle &#8211; Capacitaci\u00f3n:<\/h2>\n\n\n\n<figure class=\"wp-block-image size-large\"><img loading=\"lazy\" decoding=\"async\" width=\"1024\" height=\"645\" src=\"https:\/\/www.audox.cl\/moodle\/wp-content\/uploads\/sites\/23\/2020\/05\/Moodle-min-1-1024x645.png\" alt=\"moodle\" class=\"wp-image-40\" srcset=\"https:\/\/www.audox.cl\/moodle\/wp-content\/uploads\/sites\/23\/2020\/05\/Moodle-min-1-1024x645.png 1024w, https:\/\/www.audox.cl\/moodle\/wp-content\/uploads\/sites\/23\/2020\/05\/Moodle-min-1-300x189.png 300w, https:\/\/www.audox.cl\/moodle\/wp-content\/uploads\/sites\/23\/2020\/05\/Moodle-min-1-768x483.png 768w, https:\/\/www.audox.cl\/moodle\/wp-content\/uploads\/sites\/23\/2020\/05\/Moodle-min-1-1536x967.png 1536w, https:\/\/www.audox.cl\/moodle\/wp-content\/uploads\/sites\/23\/2020\/05\/Moodle-min-1-2048x1289.png 2048w, https:\/\/www.audox.cl\/moodle\/wp-content\/uploads\/sites\/23\/2020\/05\/Moodle-min-1-100x63.png 100w, https:\/\/www.audox.cl\/moodle\/wp-content\/uploads\/sites\/23\/2020\/05\/Moodle-min-1-150x94.png 150w, https:\/\/www.audox.cl\/moodle\/wp-content\/uploads\/sites\/23\/2020\/05\/Moodle-min-1-200x126.png 200w, https:\/\/www.audox.cl\/moodle\/wp-content\/uploads\/sites\/23\/2020\/05\/Moodle-min-1-450x283.png 450w, https:\/\/www.audox.cl\/moodle\/wp-content\/uploads\/sites\/23\/2020\/05\/Moodle-min-1-600x378.png 600w, https:\/\/www.audox.cl\/moodle\/wp-content\/uploads\/sites\/23\/2020\/05\/Moodle-min-1-900x566.png 900w\" sizes=\"auto, (max-width: 1024px) 100vw, 1024px\" \/><\/figure>\n\n\n\n<h3 class=\"wp-block-heading\">Plataforma Moodle<\/h3>\n\n\n\n<p>Para docentes y cualquier persona interesada en aprender a usar, administrar recursos b\u00e1sicos de&nbsp;<strong>Moodle<\/strong>&nbsp;para dise\u00f1ar y publicar su curso esta la plataforma educativa.<\/p>\n\n\n\n<h3 class=\"wp-block-heading\">P\u00fablico objetivo<\/h3>\n\n\n\n<ul class=\"wp-block-list\"><li>Los docentes que deseen aumentar la interacci\u00f3n y la fidelidad de los estudiantes, a trav\u00e9s de una experiencia de usuario m\u00e1s atractiva.<\/li><li>Los profesores que posean cursos web actualmente (y est\u00e1n tratando de cambiar las plataformas).<\/li><li>Los educadores que se inician en los cursos virtuales y est\u00e1n buscando para impulsar su aprendizaje y evitar errores comunes.<\/li><\/ul>\n\n\n\n<h3 class=\"wp-block-heading\">Informaci\u00f3n general del curso<\/h3>\n\n\n\n<p>Este curso est\u00e1 orientado a familiarizar al docente con las diferentes opciones que tiene su panel de docente. <\/p>\n\n\n\n<p>Adem\u00e1s, el curso pretende que el docente pueda aprender a usar los diferentes recursos. Y as\u00ed, usarlos cuando sea necesario. <\/p>\n\n\n\n<p>Pero tambi\u00e9n ayuda a crear un ambiente centrado en el estudiante, porque permite construir el conocimiento (con base en sus habilidades y experiencias). Y no solo en publicar y transmitir la informaci\u00f3n que se considera que los estudiantes deben conocer.<\/p>\n\n\n\n<h3 class=\"wp-block-heading\">Esquema del curso<\/h3>\n\n\n\n<ul class=\"wp-block-list\"><li>Ambientes Virtuales de Aprendizaje.<\/li><li>Espacio de prueba y configuraci\u00f3n de un curso.<\/li><li>Recursos para publicar informaci\u00f3n.<\/li><li>Recursos para proponer actividades: tarea, foro, cuestionario.<\/li><li>Administraci\u00f3n de un curso.<\/li><li>Dise\u00f1o y publicaci\u00f3n de un curso.<\/li><\/ul>\n\n\n\n<h3 class=\"wp-block-heading\">Objetivos de aprendizaje<\/h3>\n\n\n\n<ul class=\"wp-block-list\"><li>Configurar los par\u00e1metros generales de un curso en la plataforma Moodle.<\/li><li>Publicar la presentaci\u00f3n general de un curso.<\/li><li>Identificar las diferentes opciones que ofrece el bloque administraci\u00f3n para gestionar un curso en la plataforma Moodle.<\/li><\/ul>\n\n\n\n<h2 class=\"wp-block-heading\">Servicios para Moodle &#8211; Soporte<\/h2>\n\n\n\n<h3 class=\"wp-block-heading\">Equipo de Apoyo T\u00e9cnico de Expertos de Moodle<\/h3>\n\n\n\n<p>Mantener tu plataforma de&nbsp;<strong>Moodle<\/strong>&nbsp;en funcionamiento es fundamental para el \u00e9xito de tu instituci\u00f3n.<\/p>\n\n\n\n<p>Dentro de nuestros servicios, nuestro equipo de soporte te puede ayudar con:<\/p>\n\n\n\n<ul class=\"wp-block-list\"><li>Instalaci\u00f3n y personalizaci\u00f3n.<\/li><li>Configuraci\u00f3n.<\/li><li>Dise\u00f1o de reportes.<\/li><li>Integraci\u00f3n con otras aplicaciones.<\/li><li>Dise\u00f1o de plantillas (themes o templates).<\/li><li>Integraci\u00f3n de Moodle con redes sociales (Facebook, twitter, linkedin, Google+).<\/li><li>Configuraci\u00f3n de sistemas de calificaciones en Moodle.<\/li><li>Migraciones.<\/li><li>Gesti\u00f3n de alumnos.<\/li><li>Gesti\u00f3n de cursos.<\/li><li>Creaci\u00f3n de cursos.<\/li><li>Consultor\u00edas elearning.<\/li><li>Incidencias t\u00e9cnicas.<\/li><\/ul>\n\n\n\n<h2 class=\"wp-block-heading\">Mitos de Moodle (que debes desmitificar)<\/h2>\n\n\n\n<p><strong>\u00abMoodle no es compatible con nuestro Software\u00bb:<\/strong> Moodle se ejecutar\u00e1 en FreeBSD, Linux, Mac OS X, Solaris, Windows y muchos otros. <\/p>\n\n\n\n<p>Es compatible con una gran variedad de bases de datos a trav\u00e9s de la integraci\u00f3n ADODB. Existe una gran cantidad de mecanismos de autenticaci\u00f3n e inscripci\u00f3n, que incluyen LDAP y bases de datos externas arbitrarias. <\/p>\n\n\n\n<p>Moodle permitir\u00e1 a los maestros integrar contenido en una amplia gama de formatos diferentes, incluidos SCORM, Flash, MP3 y RSS. En el Roadmap para futuras versiones hay una API web que permitir\u00e1 una f\u00e1cil integraci\u00f3n con otras aplicaciones basadas en la web.<\/p>\n\n\n\n<p><strong>\u00abMoodle no es una de las mejores herramientas educativas en el mercado\u00bb:<\/strong> Moodle est\u00e1 siendo utilizado en todo el mundo por clientes corporativos para capacitaci\u00f3n interna, incluidas escuelas de vuelo, certificaci\u00f3n de pilotos y mec\u00e1nicos, profesionales de la salud y todas las dem\u00e1s variedades de desarrollo profesional. Recuerde, Moodle es una herramienta (una aplicaci\u00f3n). Es usada incluso por el Palacio de Buckingham.<\/p>\n\n\n\n<h2 class=\"wp-block-heading\">Servicios para Moodle con Audox<\/h2>\n\n\n\n<p>En Audox<a href=\"https:\/\/www.youtube.com\/watch?v=fCnHr0wm9gU&amp;t=689s\"> <\/a><a href=\"https:\/\/www.youtube.com\/feed\/my_videos\">somos expertos<\/a> en la implementaci\u00f3n, soporte, capacitaci\u00f3n y otros servicios para Moodle para empresas peque\u00f1as, medianas y grandes. <\/p>\n\n\n\n<p>Nuestra amplia experiencia (de m\u00e1s de una d\u00e9cada) en el \u00e1rea de la tecnolog\u00eda e ingenier\u00eda ser\u00e1 vital para tu negocio. Nuestro equipo de especialistas est\u00e1 listo para ayudarte a solventar tus problemas, y dar respuesta a tus necesidades.<\/p>\n\n\n\n<p><a href=\"https:\/\/www.audox.cl\/moodle\/contacto\/\">\u00a1Cont\u00e1ctanos!<\/a><\/p>\n","protected":false},"excerpt":{"rendered":"<p>Audox cuenta con los siguientes servicios para Moodle: Servicios para Moodle &#8211; Capacitaci\u00f3n: Plataforma Moodle Para docentes y cualquier persona interesada en aprender a usar, administrar recursos b\u00e1sicos de&nbsp;Moodle&nbsp;para dise\u00f1ar y publicar su curso esta la plataforma educativa. P\u00fablico objetivo &hellip;<\/p>\n<p class=\"read-more\"> <a class=\"more-link\" href=\"https:\/\/www.audox.cl\/moodle\/servicios-para-moodle\/\"> <span class=\"screen-reader-text\">Servicios para Moodle<\/span> Leer m\u00e1s \u00bb<\/a><\/p>\n","protected":false},"author":1,"featured_media":0,"parent":0,"menu_order":2,"comment_status":"closed","ping_status":"closed","template":"","meta":{"om_disable_all_campaigns":false,"inline_featured_image":false,"_monsterinsights_skip_tracking":false,"_monsterinsights_sitenote_active":false,"_monsterinsights_sitenote_note":"","_monsterinsights_sitenote_category":0,"footnotes":""},"class_list":["post-2","page","type-page","status-publish","hentry"],"yoast_head":"<!-- This site is optimized with the Yoast SEO plugin v27.3 - https:\/\/yoast.com\/product\/yoast-seo-wordpress\/ -->\n<title>Servicios para Moodle - Expertos Especializados en Moodle<\/title>\n<meta name=\"description\" content=\"Implementaci\u00f3n, Capacitaci\u00f3n, Soporte Especializado y otros Servicios para Moodle. Todo lo que necesitas para potenciar Moodle lo tienes con Audox.\" \/>\n<meta name=\"robots\" content=\"index, follow, max-snippet:-1, max-image-preview:large, max-video-preview:-1\" \/>\n<link rel=\"canonical\" href=\"https:\/\/www.audox.cl\/moodle\/servicios-para-moodle\/\" \/>\n<meta property=\"og:locale\" content=\"es_ES\" \/>\n<meta property=\"og:type\" content=\"article\" \/>\n<meta property=\"og:title\" content=\"Servicios para Moodle - Expertos Especializados en Moodle\" \/>\n<meta property=\"og:description\" content=\"Implementaci\u00f3n, Capacitaci\u00f3n, Soporte Especializado y otros Servicios para Moodle. Todo lo que necesitas para potenciar Moodle lo tienes con Audox.\" \/>\n<meta property=\"og:url\" content=\"https:\/\/www.audox.cl\/moodle\/servicios-para-moodle\/\" \/>\n<meta property=\"og:site_name\" content=\"Moodle Expertos\" \/>\n<meta property=\"article:modified_time\" content=\"2020-05-11T21:07:57+00:00\" \/>\n<meta property=\"og:image\" content=\"https:\/\/www.audox.cl\/moodle\/wp-content\/uploads\/sites\/23\/2020\/05\/Moodle-min-1-1024x645.png\" \/>\n<meta name=\"twitter:card\" content=\"summary_large_image\" \/>\n<meta name=\"twitter:label1\" content=\"Tiempo de lectura\" \/>\n\t<meta name=\"twitter:data1\" content=\"3 minutos\" \/>\n<script type=\"application\/ld+json\" class=\"yoast-schema-graph\">{\"@context\":\"https:\\\/\\\/schema.org\",\"@graph\":[{\"@type\":\"WebPage\",\"@id\":\"https:\\\/\\\/www.audox.cl\\\/moodle\\\/servicios-para-moodle\\\/\",\"url\":\"https:\\\/\\\/www.audox.cl\\\/moodle\\\/servicios-para-moodle\\\/\",\"name\":\"Servicios para Moodle - Expertos Especializados en Moodle\",\"isPartOf\":{\"@id\":\"https:\\\/\\\/www.audox.cl\\\/moodle\\\/#website\"},\"primaryImageOfPage\":{\"@id\":\"https:\\\/\\\/www.audox.cl\\\/moodle\\\/servicios-para-moodle\\\/#primaryimage\"},\"image\":{\"@id\":\"https:\\\/\\\/www.audox.cl\\\/moodle\\\/servicios-para-moodle\\\/#primaryimage\"},\"thumbnailUrl\":\"https:\\\/\\\/www.audox.cl\\\/moodle\\\/wp-content\\\/uploads\\\/sites\\\/23\\\/2020\\\/05\\\/Moodle-min-1-1024x645.png\",\"datePublished\":\"2020-04-27T18:29:35+00:00\",\"dateModified\":\"2020-05-11T21:07:57+00:00\",\"description\":\"Implementaci\u00f3n, Capacitaci\u00f3n, Soporte Especializado y otros Servicios para Moodle. Todo lo que necesitas para potenciar Moodle lo tienes con Audox.\",\"breadcrumb\":{\"@id\":\"https:\\\/\\\/www.audox.cl\\\/moodle\\\/servicios-para-moodle\\\/#breadcrumb\"},\"inLanguage\":\"es\",\"potentialAction\":[{\"@type\":\"ReadAction\",\"target\":[\"https:\\\/\\\/www.audox.cl\\\/moodle\\\/servicios-para-moodle\\\/\"]}]},{\"@type\":\"ImageObject\",\"inLanguage\":\"es\",\"@id\":\"https:\\\/\\\/www.audox.cl\\\/moodle\\\/servicios-para-moodle\\\/#primaryimage\",\"url\":\"https:\\\/\\\/www.audox.cl\\\/moodle\\\/wp-content\\\/uploads\\\/sites\\\/23\\\/2020\\\/05\\\/Moodle-min-1-1024x645.png\",\"contentUrl\":\"https:\\\/\\\/www.audox.cl\\\/moodle\\\/wp-content\\\/uploads\\\/sites\\\/23\\\/2020\\\/05\\\/Moodle-min-1-1024x645.png\"},{\"@type\":\"BreadcrumbList\",\"@id\":\"https:\\\/\\\/www.audox.cl\\\/moodle\\\/servicios-para-moodle\\\/#breadcrumb\",\"itemListElement\":[{\"@type\":\"ListItem\",\"position\":1,\"name\":\"Portada\",\"item\":\"https:\\\/\\\/www.audox.cl\\\/moodle\\\/inicio\\\/\"},{\"@type\":\"ListItem\",\"position\":2,\"name\":\"Servicios para Moodle\"}]},{\"@type\":\"WebSite\",\"@id\":\"https:\\\/\\\/www.audox.cl\\\/moodle\\\/#website\",\"url\":\"https:\\\/\\\/www.audox.cl\\\/moodle\\\/\",\"name\":\"Moodle Expertos\",\"description\":\"Implementaci\u00f3n, Capacitaci\u00f3n y Soporte para Moodle en Chile\",\"potentialAction\":[{\"@type\":\"SearchAction\",\"target\":{\"@type\":\"EntryPoint\",\"urlTemplate\":\"https:\\\/\\\/www.audox.cl\\\/moodle\\\/?s={search_term_string}\"},\"query-input\":{\"@type\":\"PropertyValueSpecification\",\"valueRequired\":true,\"valueName\":\"search_term_string\"}}],\"inLanguage\":\"es\"}]}<\/script>\n<!-- \/ Yoast SEO plugin. -->","yoast_head_json":{"title":"Servicios para Moodle - Expertos Especializados en Moodle","description":"Implementaci\u00f3n, Capacitaci\u00f3n, Soporte Especializado y otros Servicios para Moodle. Todo lo que necesitas para potenciar Moodle lo tienes con Audox.","robots":{"index":"index","follow":"follow","max-snippet":"max-snippet:-1","max-image-preview":"max-image-preview:large","max-video-preview":"max-video-preview:-1"},"canonical":"https:\/\/www.audox.cl\/moodle\/servicios-para-moodle\/","og_locale":"es_ES","og_type":"article","og_title":"Servicios para Moodle - Expertos Especializados en Moodle","og_description":"Implementaci\u00f3n, Capacitaci\u00f3n, Soporte Especializado y otros Servicios para Moodle. Todo lo que necesitas para potenciar Moodle lo tienes con Audox.","og_url":"https:\/\/www.audox.cl\/moodle\/servicios-para-moodle\/","og_site_name":"Moodle Expertos","article_modified_time":"2020-05-11T21:07:57+00:00","og_image":[{"url":"https:\/\/www.audox.cl\/moodle\/wp-content\/uploads\/sites\/23\/2020\/05\/Moodle-min-1-1024x645.png","type":"","width":"","height":""}],"twitter_card":"summary_large_image","twitter_misc":{"Tiempo de lectura":"3 minutos"},"schema":{"@context":"https:\/\/schema.org","@graph":[{"@type":"WebPage","@id":"https:\/\/www.audox.cl\/moodle\/servicios-para-moodle\/","url":"https:\/\/www.audox.cl\/moodle\/servicios-para-moodle\/","name":"Servicios para Moodle - Expertos Especializados en Moodle","isPartOf":{"@id":"https:\/\/www.audox.cl\/moodle\/#website"},"primaryImageOfPage":{"@id":"https:\/\/www.audox.cl\/moodle\/servicios-para-moodle\/#primaryimage"},"image":{"@id":"https:\/\/www.audox.cl\/moodle\/servicios-para-moodle\/#primaryimage"},"thumbnailUrl":"https:\/\/www.audox.cl\/moodle\/wp-content\/uploads\/sites\/23\/2020\/05\/Moodle-min-1-1024x645.png","datePublished":"2020-04-27T18:29:35+00:00","dateModified":"2020-05-11T21:07:57+00:00","description":"Implementaci\u00f3n, Capacitaci\u00f3n, Soporte Especializado y otros Servicios para Moodle. Todo lo que necesitas para potenciar Moodle lo tienes con Audox.","breadcrumb":{"@id":"https:\/\/www.audox.cl\/moodle\/servicios-para-moodle\/#breadcrumb"},"inLanguage":"es","potentialAction":[{"@type":"ReadAction","target":["https:\/\/www.audox.cl\/moodle\/servicios-para-moodle\/"]}]},{"@type":"ImageObject","inLanguage":"es","@id":"https:\/\/www.audox.cl\/moodle\/servicios-para-moodle\/#primaryimage","url":"https:\/\/www.audox.cl\/moodle\/wp-content\/uploads\/sites\/23\/2020\/05\/Moodle-min-1-1024x645.png","contentUrl":"https:\/\/www.audox.cl\/moodle\/wp-content\/uploads\/sites\/23\/2020\/05\/Moodle-min-1-1024x645.png"},{"@type":"BreadcrumbList","@id":"https:\/\/www.audox.cl\/moodle\/servicios-para-moodle\/#breadcrumb","itemListElement":[{"@type":"ListItem","position":1,"name":"Portada","item":"https:\/\/www.audox.cl\/moodle\/inicio\/"},{"@type":"ListItem","position":2,"name":"Servicios para Moodle"}]},{"@type":"WebSite","@id":"https:\/\/www.audox.cl\/moodle\/#website","url":"https:\/\/www.audox.cl\/moodle\/","name":"Moodle Expertos","description":"Implementaci\u00f3n, Capacitaci\u00f3n y Soporte para Moodle en Chile","potentialAction":[{"@type":"SearchAction","target":{"@type":"EntryPoint","urlTemplate":"https:\/\/www.audox.cl\/moodle\/?s={search_term_string}"},"query-input":{"@type":"PropertyValueSpecification","valueRequired":true,"valueName":"search_term_string"}}],"inLanguage":"es"}]}},"_links":{"self":[{"href":"https:\/\/www.audox.cl\/moodle\/wp-json\/wp\/v2\/pages\/2","targetHints":{"allow":["GET"]}}],"collection":[{"href":"https:\/\/www.audox.cl\/moodle\/wp-json\/wp\/v2\/pages"}],"about":[{"href":"https:\/\/www.audox.cl\/moodle\/wp-json\/wp\/v2\/types\/page"}],"author":[{"embeddable":true,"href":"https:\/\/www.audox.cl\/moodle\/wp-json\/wp\/v2\/users\/1"}],"replies":[{"embeddable":true,"href":"https:\/\/www.audox.cl\/moodle\/wp-json\/wp\/v2\/comments?post=2"}],"version-history":[{"count":5,"href":"https:\/\/www.audox.cl\/moodle\/wp-json\/wp\/v2\/pages\/2\/revisions"}],"predecessor-version":[{"id":48,"href":"https:\/\/www.audox.cl\/moodle\/wp-json\/wp\/v2\/pages\/2\/revisions\/48"}],"wp:attachment":[{"href":"https:\/\/www.audox.cl\/moodle\/wp-json\/wp\/v2\/media?parent=2"}],"curies":[{"name":"wp","href":"https:\/\/api.w.org\/{rel}","templated":true}]}}