{"id":102,"date":"2024-06-09T17:19:50","date_gmt":"2024-06-09T15:19:50","guid":{"rendered":"https:\/\/www.audox.cl\/pipedrive\/?page_id=102"},"modified":"2024-06-09T17:19:51","modified_gmt":"2024-06-09T15:19:51","slug":"inicio","status":"publish","type":"page","link":"https:\/\/www.audox.cl\/pipedrive\/","title":{"rendered":"Inicio"},"content":{"rendered":"","protected":false},"excerpt":{"rendered":"","protected":false},"author":1,"featured_media":0,"parent":0,"menu_order":0,"comment_status":"closed","ping_status":"closed","template":"","meta":{"om_disable_all_campaigns":false,"inline_featured_image":false,"_monsterinsights_skip_tracking":false,"_monsterinsights_sitenote_active":false,"_monsterinsights_sitenote_note":"","_monsterinsights_sitenote_category":0,"footnotes":""},"class_list":["post-102","page","type-page","status-publish","hentry"],"yoast_head":"<!-- This site is optimized with the Yoast SEO plugin v27.6 - https:\/\/yoast.com\/product\/yoast-seo-wordpress\/ -->\n<title>Inicio - Pipedrive Expertos<\/title>\n<meta name=\"description\" content=\"Implementaci\u00f3n, Capacitaci\u00f3n y Soporte Especializado para Pipedrive en Chile. Potencia Pipedrive con nuestros Expertos. Ll\u00e1manos!\" \/>\n<meta name=\"robots\" content=\"index, follow, max-snippet:-1, max-image-preview:large, max-video-preview:-1\" \/>\n<link rel=\"canonical\" href=\"https:\/\/www.audox.cl\/pipedrive\/\" \/>\n<meta property=\"og:locale\" content=\"es_ES\" \/>\n<meta property=\"og:type\" content=\"article\" \/>\n<meta property=\"og:title\" content=\"Inicio - Pipedrive Expertos\" \/>\n<meta property=\"og:description\" content=\"Implementaci\u00f3n, Capacitaci\u00f3n y Soporte Especializado para Pipedrive en Chile. Potencia Pipedrive con nuestros Expertos. Ll\u00e1manos!\" \/>\n<meta property=\"og:url\" content=\"https:\/\/www.audox.cl\/pipedrive\/\" \/>\n<meta property=\"og:site_name\" content=\"Pipedrive Expertos\" \/>\n<meta property=\"article:modified_time\" content=\"2024-06-09T15:19:51+00:00\" \/>\n<meta name=\"twitter:card\" content=\"summary_large_image\" \/>\n<script type=\"application\/ld+json\" class=\"yoast-schema-graph\">{\"@context\":\"https:\\\/\\\/schema.org\",\"@graph\":[{\"@type\":\"WebPage\",\"@id\":\"https:\\\/\\\/www.audox.cl\\\/pipedrive\\\/\",\"url\":\"https:\\\/\\\/www.audox.cl\\\/pipedrive\\\/\",\"name\":\"Inicio - Pipedrive Expertos\",\"isPartOf\":{\"@id\":\"https:\\\/\\\/www.audox.cl\\\/pipedrive\\\/#website\"},\"datePublished\":\"2024-06-09T15:19:50+00:00\",\"dateModified\":\"2024-06-09T15:19:51+00:00\",\"description\":\"Implementaci\u00f3n, Capacitaci\u00f3n y Soporte Especializado para Pipedrive en Chile. Potencia Pipedrive con nuestros Expertos. Ll\u00e1manos!\",\"breadcrumb\":{\"@id\":\"https:\\\/\\\/www.audox.cl\\\/pipedrive\\\/#breadcrumb\"},\"inLanguage\":\"es\",\"potentialAction\":[{\"@type\":\"ReadAction\",\"target\":[\"https:\\\/\\\/www.audox.cl\\\/pipedrive\\\/\"]}]},{\"@type\":\"BreadcrumbList\",\"@id\":\"https:\\\/\\\/www.audox.cl\\\/pipedrive\\\/#breadcrumb\",\"itemListElement\":[{\"@type\":\"ListItem\",\"position\":1,\"name\":\"Portada\",\"item\":\"https:\\\/\\\/www.audox.cl\\\/pipedrive\\\/\"},{\"@type\":\"ListItem\",\"position\":2,\"name\":\"Inicio\"}]},{\"@type\":\"WebSite\",\"@id\":\"https:\\\/\\\/www.audox.cl\\\/pipedrive\\\/#website\",\"url\":\"https:\\\/\\\/www.audox.cl\\\/pipedrive\\\/\",\"name\":\"Pipedrive Expertos\",\"description\":\"Implementaci\u00f3n, Capacitaci\u00f3n y Soporte para Pipedrive en Chile\",\"publisher\":{\"@id\":\"https:\\\/\\\/www.audox.cl\\\/pipedrive\\\/#organization\"},\"potentialAction\":[{\"@type\":\"SearchAction\",\"target\":{\"@type\":\"EntryPoint\",\"urlTemplate\":\"https:\\\/\\\/www.audox.cl\\\/pipedrive\\\/?s={search_term_string}\"},\"query-input\":{\"@type\":\"PropertyValueSpecification\",\"valueRequired\":true,\"valueName\":\"search_term_string\"}}],\"inLanguage\":\"es\"},{\"@type\":\"Organization\",\"@id\":\"https:\\\/\\\/www.audox.cl\\\/pipedrive\\\/#organization\",\"name\":\"Audox Ingenier\u00eda SpA.\",\"url\":\"https:\\\/\\\/www.audox.cl\\\/pipedrive\\\/\",\"logo\":{\"@type\":\"ImageObject\",\"inLanguage\":\"es\",\"@id\":\"https:\\\/\\\/www.audox.cl\\\/pipedrive\\\/#\\\/schema\\\/logo\\\/image\\\/\",\"url\":\"https:\\\/\\\/www.audox.cl\\\/pipedrive\\\/wp-content\\\/uploads\\\/sites\\\/16\\\/2020\\\/04\\\/logo.png\",\"contentUrl\":\"https:\\\/\\\/www.audox.cl\\\/pipedrive\\\/wp-content\\\/uploads\\\/sites\\\/16\\\/2020\\\/04\\\/logo.png\",\"width\":195,\"height\":81,\"caption\":\"Audox Ingenier\u00eda SpA.\"},\"image\":{\"@id\":\"https:\\\/\\\/www.audox.cl\\\/pipedrive\\\/#\\\/schema\\\/logo\\\/image\\\/\"}}]}<\/script>\n<!-- \/ Yoast SEO plugin. -->","yoast_head_json":{"title":"Inicio - Pipedrive Expertos","description":"Implementaci\u00f3n, Capacitaci\u00f3n y Soporte Especializado para Pipedrive en Chile. Potencia Pipedrive con nuestros Expertos. Ll\u00e1manos!","robots":{"index":"index","follow":"follow","max-snippet":"max-snippet:-1","max-image-preview":"max-image-preview:large","max-video-preview":"max-video-preview:-1"},"canonical":"https:\/\/www.audox.cl\/pipedrive\/","og_locale":"es_ES","og_type":"article","og_title":"Inicio - Pipedrive Expertos","og_description":"Implementaci\u00f3n, Capacitaci\u00f3n y Soporte Especializado para Pipedrive en Chile. Potencia Pipedrive con nuestros Expertos. Ll\u00e1manos!","og_url":"https:\/\/www.audox.cl\/pipedrive\/","og_site_name":"Pipedrive Expertos","article_modified_time":"2024-06-09T15:19:51+00:00","twitter_card":"summary_large_image","schema":{"@context":"https:\/\/schema.org","@graph":[{"@type":"WebPage","@id":"https:\/\/www.audox.cl\/pipedrive\/","url":"https:\/\/www.audox.cl\/pipedrive\/","name":"Inicio - Pipedrive Expertos","isPartOf":{"@id":"https:\/\/www.audox.cl\/pipedrive\/#website"},"datePublished":"2024-06-09T15:19:50+00:00","dateModified":"2024-06-09T15:19:51+00:00","description":"Implementaci\u00f3n, Capacitaci\u00f3n y Soporte Especializado para Pipedrive en Chile. Potencia Pipedrive con nuestros Expertos. Ll\u00e1manos!","breadcrumb":{"@id":"https:\/\/www.audox.cl\/pipedrive\/#breadcrumb"},"inLanguage":"es","potentialAction":[{"@type":"ReadAction","target":["https:\/\/www.audox.cl\/pipedrive\/"]}]},{"@type":"BreadcrumbList","@id":"https:\/\/www.audox.cl\/pipedrive\/#breadcrumb","itemListElement":[{"@type":"ListItem","position":1,"name":"Portada","item":"https:\/\/www.audox.cl\/pipedrive\/"},{"@type":"ListItem","position":2,"name":"Inicio"}]},{"@type":"WebSite","@id":"https:\/\/www.audox.cl\/pipedrive\/#website","url":"https:\/\/www.audox.cl\/pipedrive\/","name":"Pipedrive Expertos","description":"Implementaci\u00f3n, Capacitaci\u00f3n y Soporte para Pipedrive en Chile","publisher":{"@id":"https:\/\/www.audox.cl\/pipedrive\/#organization"},"potentialAction":[{"@type":"SearchAction","target":{"@type":"EntryPoint","urlTemplate":"https:\/\/www.audox.cl\/pipedrive\/?s={search_term_string}"},"query-input":{"@type":"PropertyValueSpecification","valueRequired":true,"valueName":"search_term_string"}}],"inLanguage":"es"},{"@type":"Organization","@id":"https:\/\/www.audox.cl\/pipedrive\/#organization","name":"Audox Ingenier\u00eda SpA.","url":"https:\/\/www.audox.cl\/pipedrive\/","logo":{"@type":"ImageObject","inLanguage":"es","@id":"https:\/\/www.audox.cl\/pipedrive\/#\/schema\/logo\/image\/","url":"https:\/\/www.audox.cl\/pipedrive\/wp-content\/uploads\/sites\/16\/2020\/04\/logo.png","contentUrl":"https:\/\/www.audox.cl\/pipedrive\/wp-content\/uploads\/sites\/16\/2020\/04\/logo.png","width":195,"height":81,"caption":"Audox Ingenier\u00eda SpA."},"image":{"@id":"https:\/\/www.audox.cl\/pipedrive\/#\/schema\/logo\/image\/"}}]}},"_links":{"self":[{"href":"https:\/\/www.audox.cl\/pipedrive\/wp-json\/wp\/v2\/pages\/102","targetHints":{"allow":["GET"]}}],"collection":[{"href":"https:\/\/www.audox.cl\/pipedrive\/wp-json\/wp\/v2\/pages"}],"about":[{"href":"https:\/\/www.audox.cl\/pipedrive\/wp-json\/wp\/v2\/types\/page"}],"author":[{"embeddable":true,"href":"https:\/\/www.audox.cl\/pipedrive\/wp-json\/wp\/v2\/users\/1"}],"replies":[{"embeddable":true,"href":"https:\/\/www.audox.cl\/pipedrive\/wp-json\/wp\/v2\/comments?post=102"}],"version-history":[{"count":1,"href":"https:\/\/www.audox.cl\/pipedrive\/wp-json\/wp\/v2\/pages\/102\/revisions"}],"predecessor-version":[{"id":103,"href":"https:\/\/www.audox.cl\/pipedrive\/wp-json\/wp\/v2\/pages\/102\/revisions\/103"}],"wp:attachment":[{"href":"https:\/\/www.audox.cl\/pipedrive\/wp-json\/wp\/v2\/media?parent=102"}],"curies":[{"name":"wp","href":"https:\/\/api.w.org\/{rel}","templated":true}]}}