{"id":65,"date":"2020-05-20T19:20:04","date_gmt":"2020-05-20T19:20:04","guid":{"rendered":"http:\/\/www.audox.cl\/power-bi\/?page_id=65"},"modified":"2020-05-20T19:20:05","modified_gmt":"2020-05-20T19:20:05","slug":"curso-power-bi","status":"publish","type":"page","link":"https:\/\/www.audox.cl\/power-bi\/curso-power-bi\/","title":{"rendered":"Cursos de Power BI"},"content":{"rendered":"\n<p>En Audox ofrecemos Curso Power BI y capacitaciones especializadas en <strong>Microsoft Power BI<\/strong>:<\/p>\n\n\n\n<figure class=\"wp-block-image size-large\"><img fetchpriority=\"high\" decoding=\"async\" width=\"1024\" height=\"643\" src=\"http:\/\/www.audox.cl\/power-bi\/wp-content\/uploads\/sites\/21\/2020\/05\/Power-BI-min-2-1024x643.png\" alt=\"Curso de Power BI\" class=\"wp-image-53\" srcset=\"https:\/\/www.audox.cl\/power-bi\/wp-content\/uploads\/sites\/21\/2020\/05\/Power-BI-min-2-1024x643.png 1024w, https:\/\/www.audox.cl\/power-bi\/wp-content\/uploads\/sites\/21\/2020\/05\/Power-BI-min-2-300x188.png 300w, https:\/\/www.audox.cl\/power-bi\/wp-content\/uploads\/sites\/21\/2020\/05\/Power-BI-min-2-768x482.png 768w, https:\/\/www.audox.cl\/power-bi\/wp-content\/uploads\/sites\/21\/2020\/05\/Power-BI-min-2-1536x964.png 1536w, https:\/\/www.audox.cl\/power-bi\/wp-content\/uploads\/sites\/21\/2020\/05\/Power-BI-min-2-2048x1285.png 2048w, https:\/\/www.audox.cl\/power-bi\/wp-content\/uploads\/sites\/21\/2020\/05\/Power-BI-min-2-100x63.png 100w, https:\/\/www.audox.cl\/power-bi\/wp-content\/uploads\/sites\/21\/2020\/05\/Power-BI-min-2-150x94.png 150w, https:\/\/www.audox.cl\/power-bi\/wp-content\/uploads\/sites\/21\/2020\/05\/Power-BI-min-2-200x125.png 200w, https:\/\/www.audox.cl\/power-bi\/wp-content\/uploads\/sites\/21\/2020\/05\/Power-BI-min-2-450x282.png 450w, https:\/\/www.audox.cl\/power-bi\/wp-content\/uploads\/sites\/21\/2020\/05\/Power-BI-min-2-600x376.png 600w, https:\/\/www.audox.cl\/power-bi\/wp-content\/uploads\/sites\/21\/2020\/05\/Power-BI-min-2-900x565.png 900w\" sizes=\"(max-width: 1024px) 100vw, 1024px\" \/><\/figure>\n\n\n\n<h2 class=\"wp-block-heading\">Aprender a manejar BI no tiene porqu\u00e9 ser dif\u00edcil<\/h2>\n\n\n\n<p>Particularmente, si aprendes con Microsoft Power BI. <\/p>\n\n\n\n<p>La primera fase en el desarrollo de Power BI es el Editor de consultas, donde transformar\u00e1s los datos a una forma m\u00e1s estructurada para facilitar el an\u00e1lisis. Lo t\u00e9cnico que aprender aqu\u00ed se mantiene al m\u00ednimo, porque hay botones listos para usar que te ayudar\u00e1n a hacer las transformaciones.<\/p>\n\n\n\n<p>La segunda fase es la parte de Modelado donde se crea una relaci\u00f3n entre los datos exportados en diferentes tablas. Aqu\u00ed, el \u00fanico aspecto t\u00e9cnico que necesita aprender es el Lenguaje de expresi\u00f3n de datos (DAX) para crear medidas para varios c\u00e1lculos. Puede usar los videos Curbal o cualquier otro video DAX en YouTube para aprenderlo.<\/p>\n\n\n\n<p>Luego puede usar las im\u00e1genes apropiadas del Panel de visualizaci\u00f3n, donde hay muchas im\u00e1genes incorporadas disponibles. Tambi\u00e9n puede descargar im\u00e1genes personalizadas de Power Bi Market place si es necesario.<\/p>\n\n\n\n<h2 class=\"wp-block-heading\">\u00bfPor qu\u00e9 un Curso Power BI?<\/h2>\n\n\n\n<ul class=\"wp-block-list\"><li>Tener informaci\u00f3n r\u00e1pida (disponible en el servicio en la nube de Power BI): una vez que cargues tu conjunto de datos en Power BI (no en el escritorio sino en el servicio en la nube), puedes ejecutar un conjunto de algoritmos sofisticados en su conjunto de datos. <\/li><li>Creaci\u00f3n r\u00e1pida de prototipos: es tan f\u00e1cil construir los paneles en Power BI, porque se puede construir un panel en menos de 10 minutos. Una vez que haya compartido su tablero, puede incorporar los comentarios y desarrollarlo r\u00e1pidamente. El modelado de datos a\u00fan requerir\u00e1 una gran parte del esfuerzo y ese esfuerzo no se puede reducir. Sin embargo, ayuda a desarrollar pruebas de conceptos m\u00e1s r\u00e1pido. <\/li><li>Consulta en lenguaje natural (disponible en el servicio en la nube de Power BI): esta es una de las caracter\u00edsticas m\u00e1s sorprendentes disponibles en Power BI y una de las razones para aprender Power BI. Piensa en esto como una sesi\u00f3n de preguntas y respuestas. <\/li><\/ul>\n\n\n\n<h2 class=\"wp-block-heading\">Servicios para Power BI con Audox<\/h2>\n\n\n\n<p>En Audox<a href=\"https:\/\/www.youtube.com\/feed\/my_videos\"> somos expertos<\/a>\u00a0en implementaci\u00f3n, soporte y capacitaci\u00f3n de Power BI para empresas peque\u00f1as, medianas y grandes gracias a nuestra amplia experiencia de m\u00e1s de una d\u00e9cada en el \u00e1rea de la tecnolog\u00eda e ingenier\u00eda.<\/p>\n\n\n\n<p>Nuestro equipo de especialistas est\u00e1 listo para ayudarte en solventar tus problemas y dar respuesta a tus necesidades.<\/p>\n\n\n\n<p><a href=\"https:\/\/www.audox.cl\/power-bi\/contacto\/\">\u00a1Cont\u00e1ctanos!<\/a><\/p>\n","protected":false},"excerpt":{"rendered":"<p>En Audox ofrecemos Curso Power BI y capacitaciones especializadas en Microsoft Power BI: Aprender a manejar BI no tiene porqu\u00e9 ser dif\u00edcil Particularmente, si aprendes con Microsoft Power BI. La primera fase en el desarrollo de Power BI es el &hellip;<\/p>\n<p class=\"read-more\"> <a class=\"more-link\" href=\"https:\/\/www.audox.cl\/power-bi\/curso-power-bi\/\"> <span class=\"screen-reader-text\">Cursos de Power BI<\/span> Leer m\u00e1s \u00bb<\/a><\/p>\n","protected":false},"author":3,"featured_media":0,"parent":0,"menu_order":0,"comment_status":"closed","ping_status":"closed","template":"","meta":{"om_disable_all_campaigns":false,"inline_featured_image":false,"_monsterinsights_skip_tracking":false,"_monsterinsights_sitenote_active":false,"_monsterinsights_sitenote_note":"","_monsterinsights_sitenote_category":0,"footnotes":""},"class_list":["post-65","page","type-page","status-publish","hentry"],"yoast_head":"<!-- This site is optimized with the Yoast SEO plugin v27.5 - https:\/\/yoast.com\/product\/yoast-seo-wordpress\/ -->\n<title>Curso Power BI - Expertos Especializados en Power BI<\/title>\n<meta name=\"description\" content=\"Curso Power BI en Implementaci\u00f3n, Capacitaci\u00f3n, Soporte Especializado y otros Servicios de Power BI. Todo lo que necesitas para potenciarte en Power BI.\" \/>\n<meta name=\"robots\" content=\"index, follow, max-snippet:-1, max-image-preview:large, max-video-preview:-1\" \/>\n<link rel=\"canonical\" href=\"https:\/\/www.audox.cl\/power-bi\/curso-power-bi\/\" \/>\n<meta property=\"og:locale\" content=\"es_ES\" \/>\n<meta property=\"og:type\" content=\"article\" \/>\n<meta property=\"og:title\" content=\"Curso Power BI - Expertos Especializados en Power BI\" \/>\n<meta property=\"og:description\" content=\"Curso Power BI en Implementaci\u00f3n, Capacitaci\u00f3n, Soporte Especializado y otros Servicios de Power BI. Todo lo que necesitas para potenciarte en Power BI.\" \/>\n<meta property=\"og:url\" content=\"https:\/\/www.audox.cl\/power-bi\/curso-power-bi\/\" \/>\n<meta property=\"og:site_name\" content=\"Power BI Expertos\" \/>\n<meta property=\"article:modified_time\" content=\"2020-05-20T19:20:05+00:00\" \/>\n<meta property=\"og:image\" content=\"http:\/\/www.audox.cl\/power-bi\/wp-content\/uploads\/sites\/21\/2020\/05\/Power-BI-min-2-1024x643.png\" \/>\n<meta name=\"twitter:card\" content=\"summary_large_image\" \/>\n<meta name=\"twitter:label1\" content=\"Tiempo de lectura\" \/>\n\t<meta name=\"twitter:data1\" content=\"2 minutos\" \/>\n<script type=\"application\/ld+json\" class=\"yoast-schema-graph\">{\"@context\":\"https:\\\/\\\/schema.org\",\"@graph\":[{\"@type\":\"WebPage\",\"@id\":\"https:\\\/\\\/www.audox.cl\\\/power-bi\\\/curso-power-bi\\\/\",\"url\":\"https:\\\/\\\/www.audox.cl\\\/power-bi\\\/curso-power-bi\\\/\",\"name\":\"Curso Power BI - Expertos Especializados en Power BI\",\"isPartOf\":{\"@id\":\"https:\\\/\\\/www.audox.cl\\\/power-bi\\\/#website\"},\"primaryImageOfPage\":{\"@id\":\"https:\\\/\\\/www.audox.cl\\\/power-bi\\\/curso-power-bi\\\/#primaryimage\"},\"image\":{\"@id\":\"https:\\\/\\\/www.audox.cl\\\/power-bi\\\/curso-power-bi\\\/#primaryimage\"},\"thumbnailUrl\":\"http:\\\/\\\/www.audox.cl\\\/power-bi\\\/wp-content\\\/uploads\\\/sites\\\/21\\\/2020\\\/05\\\/Power-BI-min-2-1024x643.png\",\"datePublished\":\"2020-05-20T19:20:04+00:00\",\"dateModified\":\"2020-05-20T19:20:05+00:00\",\"description\":\"Curso Power BI en Implementaci\u00f3n, Capacitaci\u00f3n, Soporte Especializado y otros Servicios de Power BI. Todo lo que necesitas para potenciarte en Power BI.\",\"breadcrumb\":{\"@id\":\"https:\\\/\\\/www.audox.cl\\\/power-bi\\\/curso-power-bi\\\/#breadcrumb\"},\"inLanguage\":\"es\",\"potentialAction\":[{\"@type\":\"ReadAction\",\"target\":[\"https:\\\/\\\/www.audox.cl\\\/power-bi\\\/curso-power-bi\\\/\"]}]},{\"@type\":\"ImageObject\",\"inLanguage\":\"es\",\"@id\":\"https:\\\/\\\/www.audox.cl\\\/power-bi\\\/curso-power-bi\\\/#primaryimage\",\"url\":\"https:\\\/\\\/www.audox.cl\\\/power-bi\\\/wp-content\\\/uploads\\\/sites\\\/21\\\/2020\\\/05\\\/Power-BI-min-2.png\",\"contentUrl\":\"https:\\\/\\\/www.audox.cl\\\/power-bi\\\/wp-content\\\/uploads\\\/sites\\\/21\\\/2020\\\/05\\\/Power-BI-min-2.png\",\"width\":2550,\"height\":1600},{\"@type\":\"BreadcrumbList\",\"@id\":\"https:\\\/\\\/www.audox.cl\\\/power-bi\\\/curso-power-bi\\\/#breadcrumb\",\"itemListElement\":[{\"@type\":\"ListItem\",\"position\":1,\"name\":\"Portada\",\"item\":\"https:\\\/\\\/www.audox.cl\\\/power-bi\\\/\"},{\"@type\":\"ListItem\",\"position\":2,\"name\":\"Cursos de Power BI\"}]},{\"@type\":\"WebSite\",\"@id\":\"https:\\\/\\\/www.audox.cl\\\/power-bi\\\/#website\",\"url\":\"https:\\\/\\\/www.audox.cl\\\/power-bi\\\/\",\"name\":\"Power BI Expertos\",\"description\":\"Implementaci\u00f3n, Capacitaci\u00f3n y Soporte para Power BI en Chile\",\"potentialAction\":[{\"@type\":\"SearchAction\",\"target\":{\"@type\":\"EntryPoint\",\"urlTemplate\":\"https:\\\/\\\/www.audox.cl\\\/power-bi\\\/?s={search_term_string}\"},\"query-input\":{\"@type\":\"PropertyValueSpecification\",\"valueRequired\":true,\"valueName\":\"search_term_string\"}}],\"inLanguage\":\"es\"}]}<\/script>\n<!-- \/ Yoast SEO plugin. -->","yoast_head_json":{"title":"Curso Power BI - Expertos Especializados en Power BI","description":"Curso Power BI en Implementaci\u00f3n, Capacitaci\u00f3n, Soporte Especializado y otros Servicios de Power BI. Todo lo que necesitas para potenciarte en Power BI.","robots":{"index":"index","follow":"follow","max-snippet":"max-snippet:-1","max-image-preview":"max-image-preview:large","max-video-preview":"max-video-preview:-1"},"canonical":"https:\/\/www.audox.cl\/power-bi\/curso-power-bi\/","og_locale":"es_ES","og_type":"article","og_title":"Curso Power BI - Expertos Especializados en Power BI","og_description":"Curso Power BI en Implementaci\u00f3n, Capacitaci\u00f3n, Soporte Especializado y otros Servicios de Power BI. Todo lo que necesitas para potenciarte en Power BI.","og_url":"https:\/\/www.audox.cl\/power-bi\/curso-power-bi\/","og_site_name":"Power BI Expertos","article_modified_time":"2020-05-20T19:20:05+00:00","og_image":[{"url":"http:\/\/www.audox.cl\/power-bi\/wp-content\/uploads\/sites\/21\/2020\/05\/Power-BI-min-2-1024x643.png","type":"","width":"","height":""}],"twitter_card":"summary_large_image","twitter_misc":{"Tiempo de lectura":"2 minutos"},"schema":{"@context":"https:\/\/schema.org","@graph":[{"@type":"WebPage","@id":"https:\/\/www.audox.cl\/power-bi\/curso-power-bi\/","url":"https:\/\/www.audox.cl\/power-bi\/curso-power-bi\/","name":"Curso Power BI - Expertos Especializados en Power BI","isPartOf":{"@id":"https:\/\/www.audox.cl\/power-bi\/#website"},"primaryImageOfPage":{"@id":"https:\/\/www.audox.cl\/power-bi\/curso-power-bi\/#primaryimage"},"image":{"@id":"https:\/\/www.audox.cl\/power-bi\/curso-power-bi\/#primaryimage"},"thumbnailUrl":"http:\/\/www.audox.cl\/power-bi\/wp-content\/uploads\/sites\/21\/2020\/05\/Power-BI-min-2-1024x643.png","datePublished":"2020-05-20T19:20:04+00:00","dateModified":"2020-05-20T19:20:05+00:00","description":"Curso Power BI en Implementaci\u00f3n, Capacitaci\u00f3n, Soporte Especializado y otros Servicios de Power BI. Todo lo que necesitas para potenciarte en Power BI.","breadcrumb":{"@id":"https:\/\/www.audox.cl\/power-bi\/curso-power-bi\/#breadcrumb"},"inLanguage":"es","potentialAction":[{"@type":"ReadAction","target":["https:\/\/www.audox.cl\/power-bi\/curso-power-bi\/"]}]},{"@type":"ImageObject","inLanguage":"es","@id":"https:\/\/www.audox.cl\/power-bi\/curso-power-bi\/#primaryimage","url":"https:\/\/www.audox.cl\/power-bi\/wp-content\/uploads\/sites\/21\/2020\/05\/Power-BI-min-2.png","contentUrl":"https:\/\/www.audox.cl\/power-bi\/wp-content\/uploads\/sites\/21\/2020\/05\/Power-BI-min-2.png","width":2550,"height":1600},{"@type":"BreadcrumbList","@id":"https:\/\/www.audox.cl\/power-bi\/curso-power-bi\/#breadcrumb","itemListElement":[{"@type":"ListItem","position":1,"name":"Portada","item":"https:\/\/www.audox.cl\/power-bi\/"},{"@type":"ListItem","position":2,"name":"Cursos de Power BI"}]},{"@type":"WebSite","@id":"https:\/\/www.audox.cl\/power-bi\/#website","url":"https:\/\/www.audox.cl\/power-bi\/","name":"Power BI Expertos","description":"Implementaci\u00f3n, Capacitaci\u00f3n y Soporte para Power BI en Chile","potentialAction":[{"@type":"SearchAction","target":{"@type":"EntryPoint","urlTemplate":"https:\/\/www.audox.cl\/power-bi\/?s={search_term_string}"},"query-input":{"@type":"PropertyValueSpecification","valueRequired":true,"valueName":"search_term_string"}}],"inLanguage":"es"}]}},"_links":{"self":[{"href":"https:\/\/www.audox.cl\/power-bi\/wp-json\/wp\/v2\/pages\/65","targetHints":{"allow":["GET"]}}],"collection":[{"href":"https:\/\/www.audox.cl\/power-bi\/wp-json\/wp\/v2\/pages"}],"about":[{"href":"https:\/\/www.audox.cl\/power-bi\/wp-json\/wp\/v2\/types\/page"}],"author":[{"embeddable":true,"href":"https:\/\/www.audox.cl\/power-bi\/wp-json\/wp\/v2\/users\/3"}],"replies":[{"embeddable":true,"href":"https:\/\/www.audox.cl\/power-bi\/wp-json\/wp\/v2\/comments?post=65"}],"version-history":[{"count":1,"href":"https:\/\/www.audox.cl\/power-bi\/wp-json\/wp\/v2\/pages\/65\/revisions"}],"predecessor-version":[{"id":66,"href":"https:\/\/www.audox.cl\/power-bi\/wp-json\/wp\/v2\/pages\/65\/revisions\/66"}],"wp:attachment":[{"href":"https:\/\/www.audox.cl\/power-bi\/wp-json\/wp\/v2\/media?parent=65"}],"curies":[{"name":"wp","href":"https:\/\/api.w.org\/{rel}","templated":true}]}}