{"id":16,"date":"2021-03-06T02:53:34","date_gmt":"2021-03-06T02:53:34","guid":{"rendered":"https:\/\/www.audox.cl\/sales-gamification-software\/servicios\/"},"modified":"2021-03-12T17:35:46","modified_gmt":"2021-03-12T17:35:46","slug":"sales-gamification-software-servicios","status":"publish","type":"page","link":"https:\/\/www.audox.cl\/sales-gamification-software\/sales-gamification-software-servicios\/","title":{"rendered":"Servicios"},"content":{"rendered":"\n<p>\u00bfPor qu\u00e9 usar el Sales Gamification Software? La gamificaci\u00f3n es una forma muy animada de involucrar y motivar a los empleados. Para ser claros, est\u00e1 lejos de ser un nuevo tema candente o una moda pasajera. <\/p>\n\n\n\n<p>Ha existido durante mucho tiempo y existe una gran posibilidad de que lo haya utilizado. Piense en el concurso de ventas que realiz\u00f3 o en las bonificaciones y premios que ofreci\u00f3 a las personas de su equipo de ventas. Es probable que haya m\u00e1s casos que pueda recordar. Cada uno es un momento en el que incorpor\u00f3 elementos del juego en las actividades diarias que supervisa.<\/p>\n\n\n\n<p>La gamificaci\u00f3n se trata de utilizar la mec\u00e1nica, la din\u00e1mica y la est\u00e9tica del juego para impulsar los comportamientos y el rendimiento deseados. Cuando se hace bien, realmente funciona. M\u00e1s del 70% de las empresas que utilizan herramientas de gamificaci\u00f3n de ventas informan entre un 11% y un 50% de aumentos en el rendimiento medido de las ventas.<\/p>\n\n\n\n<p>Si est\u00e1 utilizando gamificaci\u00f3n, genial. \u00bfPero est\u00e1s aprovechando al m\u00e1ximo? \u00a1Sigue leyendo! A continuaci\u00f3n, se muestran algunos elementos clave de la gamificaci\u00f3n de ventas y algunas cosas que se deben y no deben<\/p>\n\n\n\n<figure class=\"wp-block-image size-large\"><img loading=\"lazy\" decoding=\"async\" width=\"750\" height=\"505\" src=\"https:\/\/www.audox.cl\/sales-gamification-software\/wp-content\/uploads\/sites\/119\/2021\/03\/sales-leaderboard-light.png\" alt=\"sales famification software\" class=\"wp-image-24\" srcset=\"https:\/\/www.audox.cl\/sales-gamification-software\/wp-content\/uploads\/sites\/119\/2021\/03\/sales-leaderboard-light.png 750w, https:\/\/www.audox.cl\/sales-gamification-software\/wp-content\/uploads\/sites\/119\/2021\/03\/sales-leaderboard-light-300x202.png 300w, https:\/\/www.audox.cl\/sales-gamification-software\/wp-content\/uploads\/sites\/119\/2021\/03\/sales-leaderboard-light-100x67.png 100w, https:\/\/www.audox.cl\/sales-gamification-software\/wp-content\/uploads\/sites\/119\/2021\/03\/sales-leaderboard-light-150x101.png 150w, https:\/\/www.audox.cl\/sales-gamification-software\/wp-content\/uploads\/sites\/119\/2021\/03\/sales-leaderboard-light-200x135.png 200w, https:\/\/www.audox.cl\/sales-gamification-software\/wp-content\/uploads\/sites\/119\/2021\/03\/sales-leaderboard-light-450x303.png 450w, https:\/\/www.audox.cl\/sales-gamification-software\/wp-content\/uploads\/sites\/119\/2021\/03\/sales-leaderboard-light-600x404.png 600w\" sizes=\"auto, (max-width: 750px) 100vw, 750px\" \/><\/figure>\n\n\n\n<h2 class=\"wp-block-heading\">Concursos y tablas de clasificaci\u00f3n<\/h2>\n\n\n\n<p>La mayor\u00eda de las iniciativas de ventas ludificadas comienzan con concursos y tablas de clasificaci\u00f3n. La gente los recibe de inmediato y eso es parte de su atractivo. Pueden tener un impacto profundo en el rendimiento. Tenga en cuenta que, al utilizar la gamificaci\u00f3n, el juego es una herramienta, no un objetivo. Para aprovechar al m\u00e1ximo las competiciones y las tablas de clasificaci\u00f3n, tenga en cuenta que:<\/p>\n\n\n\n<p>Las competencias motivar\u00e1n a los empleados solo si creen que tienen la oportunidad de ganar.<br>Establezca desaf\u00edos entre empleados con perspectivas de \u00e9xito similares (por ejemplo, experiencia, geograf\u00eda, l\u00edneas de productos)<\/p>\n\n\n\n<p>Las tablas de clasificaci\u00f3n son m\u00e1s \u00fatiles cuando fomentan los comportamientos deseados que simplemente llevar la puntuaci\u00f3n. No solo tienen que ser una competencia sobre qui\u00e9n realiz\u00f3 la mayor cantidad de ventas. Por ejemplo, una tabla de clasificaci\u00f3n que muestre qu\u00e9 agentes asistieron en la mayor\u00eda de las ventas puede servir para fomentar la colaboraci\u00f3n, en lugar de la desconexi\u00f3n y la hostilidad innecesaria.<\/p>\n\n\n\n<figure class=\"wp-block-image size-large\"><img loading=\"lazy\" decoding=\"async\" width=\"840\" height=\"447\" src=\"https:\/\/www.audox.cl\/sales-gamification-software\/wp-content\/uploads\/sites\/119\/2021\/03\/11-best-sales-gamification-software-tools1.jpg\" alt=\"sales gamification software\" class=\"wp-image-22\" srcset=\"https:\/\/www.audox.cl\/sales-gamification-software\/wp-content\/uploads\/sites\/119\/2021\/03\/11-best-sales-gamification-software-tools1.jpg 840w, https:\/\/www.audox.cl\/sales-gamification-software\/wp-content\/uploads\/sites\/119\/2021\/03\/11-best-sales-gamification-software-tools1-300x160.jpg 300w, https:\/\/www.audox.cl\/sales-gamification-software\/wp-content\/uploads\/sites\/119\/2021\/03\/11-best-sales-gamification-software-tools1-768x409.jpg 768w, https:\/\/www.audox.cl\/sales-gamification-software\/wp-content\/uploads\/sites\/119\/2021\/03\/11-best-sales-gamification-software-tools1-100x53.jpg 100w, https:\/\/www.audox.cl\/sales-gamification-software\/wp-content\/uploads\/sites\/119\/2021\/03\/11-best-sales-gamification-software-tools1-150x80.jpg 150w, https:\/\/www.audox.cl\/sales-gamification-software\/wp-content\/uploads\/sites\/119\/2021\/03\/11-best-sales-gamification-software-tools1-200x106.jpg 200w, https:\/\/www.audox.cl\/sales-gamification-software\/wp-content\/uploads\/sites\/119\/2021\/03\/11-best-sales-gamification-software-tools1-450x239.jpg 450w, https:\/\/www.audox.cl\/sales-gamification-software\/wp-content\/uploads\/sites\/119\/2021\/03\/11-best-sales-gamification-software-tools1-600x319.jpg 600w\" sizes=\"auto, (max-width: 840px) 100vw, 840px\" \/><\/figure>\n\n\n\n<h2 class=\"wp-block-heading\">Puntos e insignias<\/h2>\n\n\n\n<p>Dos de los impulsos m\u00e1s fuertes de la psique humana son la escasez y la sensaci\u00f3n de logro. Utilizar puntos e insignias en la gamificaci\u00f3n de ventas le permite simularlos para motivar el desempe\u00f1o y fomentar los comportamientos deseados. Al elegir usar puntos e insignias en una situaci\u00f3n de ventas, tenga en cuenta que:<\/p>\n\n\n\n<p>Los puntos deben otorgar actividades que generen \u00e9xito, no el \u00e9xito en s\u00ed. Los puntos de recompensa por cerrar acuerdos no ense\u00f1ar\u00e1n a los vendedores c\u00f3mo mejorar en su trabajo. La asignaci\u00f3n de puntos para exhibir comportamientos de ventas deseados producir\u00e1 vendedores m\u00e1s efectivos.<\/p>\n\n\n\n<p>Un jugador deber\u00eda poder perder puntos, no solo ganarlos. La prevenci\u00f3n de p\u00e9rdidas es una gran motivaci\u00f3n; vinculado al impulso de mejorar. Ayuda a que los vendedores sean m\u00e1s cuidadosos.<\/p>\n\n\n\n<p>Las insignias deben ser un signo de honor o un indicador de que el poseedor de la credencial tiene experiencia sustancial con el tema relacionado con la insignia. Es similar a la insignia de m\u00e9rito de un Boy Scout por tocar la trompeta; una se\u00f1al de que el explorador tiene un dominio de ese instrumento. Sin embargo, no entregue insignias como un maestro de jard\u00edn de infantes. Use insignias para el progreso real o la competencia en un determinado aspecto del trabajo, como demostrar habilidad con Salesforce.<\/p>\n\n\n\n<h2 class=\"wp-block-heading\">Servicios Para Sales Gamification Software<\/h2>\n\n\n<p>Nuestros servicios para <strong>Sales Gamification Software<\/strong> consisten en:<\/p>\n<ul>\n<li>Implementaci\u00f3n<\/li>\n<li>Capacitaci\u00f3n<\/li>\n<li>Soporte<\/li>\n<\/ul>\n\n\n<h2 class=\"wp-block-heading\">Sales Gamification Software con Audox<\/h2>\n\n\n\n<p>En Audox <a href=\"https:\/\/www.youtube.com\/user\/tecnologiafacil\">somos expertos<\/a>\u00a0en implementaci\u00f3n, soporte y capacitaci\u00f3n de Sales Gamification Software para empresas peque\u00f1as, medianas y grandes gracias a nuestra amplia experiencia de m\u00e1s de una d\u00e9cada en el \u00e1rea de la tecnolog\u00eda e ingenier\u00eda. <\/p>\n\n\n\n<p>Nuestro equipo de especialistas est\u00e1 listo para ayudarte en solventar tus problemas y dar respuesta a tus necesidades.<\/p>\n\n\n\n<p><a href=\"https:\/\/www.audox.cl\/mailchimp\/contacto\/\">\u00a1Cont\u00e1ctanos!<\/a><\/p>\n","protected":false},"excerpt":{"rendered":"<p>\u00bfPor qu\u00e9 usar el Sales Gamification Software? La gamificaci\u00f3n es una forma muy animada de involucrar y motivar a los empleados. Para ser claros, est\u00e1 lejos de ser un nuevo tema candente o una moda pasajera. Ha existido durante mucho &hellip;<\/p>\n<p class=\"read-more\"> <a class=\"more-link\" href=\"https:\/\/www.audox.cl\/sales-gamification-software\/sales-gamification-software-servicios\/\"> <span class=\"screen-reader-text\">Servicios<\/span> Leer m\u00e1s \u00bb<\/a><\/p>\n","protected":false},"author":1,"featured_media":0,"parent":0,"menu_order":1,"comment_status":"closed","ping_status":"closed","template":"","meta":{"om_disable_all_campaigns":false,"inline_featured_image":false,"_monsterinsights_skip_tracking":false,"_monsterinsights_sitenote_active":false,"_monsterinsights_sitenote_note":"","_monsterinsights_sitenote_category":0,"footnotes":""},"class_list":["post-16","page","type-page","status-publish","hentry"],"yoast_head":"<!-- This site is optimized with the Yoast SEO plugin v27.3 - https:\/\/yoast.com\/product\/yoast-seo-wordpress\/ -->\n<title>Sales Gamification Software - Servicios Especializados - Audox Tecnolog\u00eda<\/title>\n<meta name=\"description\" content=\"Capacitacion y Soporte Especializado para Sales Gamification Software. Todo lo que necesitas para potenciar tus sistemas lo tienes con Audox.\" \/>\n<meta name=\"robots\" content=\"index, follow, max-snippet:-1, max-image-preview:large, max-video-preview:-1\" \/>\n<link rel=\"canonical\" href=\"https:\/\/www.audox.cl\/sales-gamification-software\/sales-gamification-software-servicios\/\" \/>\n<meta property=\"og:locale\" content=\"es_ES\" \/>\n<meta property=\"og:type\" content=\"article\" \/>\n<meta property=\"og:title\" content=\"Sales Gamification Software - Servicios Especializados - Audox Tecnolog\u00eda\" \/>\n<meta property=\"og:description\" content=\"Capacitacion y Soporte Especializado para Sales Gamification Software. Todo lo que necesitas para potenciar tus sistemas lo tienes con Audox.\" \/>\n<meta property=\"og:url\" content=\"https:\/\/www.audox.cl\/sales-gamification-software\/sales-gamification-software-servicios\/\" \/>\n<meta property=\"og:site_name\" content=\"Expertos\" \/>\n<meta property=\"article:modified_time\" content=\"2021-03-12T17:35:46+00:00\" \/>\n<meta property=\"og:image\" content=\"https:\/\/www.audox.cl\/sales-gamification-software\/wp-content\/uploads\/sites\/119\/2021\/03\/sales-leaderboard-light.png\" \/>\n<meta name=\"twitter:card\" content=\"summary_large_image\" \/>\n<meta name=\"twitter:label1\" content=\"Tiempo de lectura\" \/>\n\t<meta name=\"twitter:data1\" content=\"4 minutos\" \/>\n<script type=\"application\/ld+json\" class=\"yoast-schema-graph\">{\"@context\":\"https:\\\/\\\/schema.org\",\"@graph\":[{\"@type\":\"WebPage\",\"@id\":\"https:\\\/\\\/www.audox.cl\\\/sales-gamification-software\\\/sales-gamification-software-servicios\\\/\",\"url\":\"https:\\\/\\\/www.audox.cl\\\/sales-gamification-software\\\/sales-gamification-software-servicios\\\/\",\"name\":\"Sales Gamification Software - Servicios Especializados - Audox Tecnolog\u00eda\",\"isPartOf\":{\"@id\":\"https:\\\/\\\/www.audox.cl\\\/sales-gamification-software\\\/#website\"},\"primaryImageOfPage\":{\"@id\":\"https:\\\/\\\/www.audox.cl\\\/sales-gamification-software\\\/sales-gamification-software-servicios\\\/#primaryimage\"},\"image\":{\"@id\":\"https:\\\/\\\/www.audox.cl\\\/sales-gamification-software\\\/sales-gamification-software-servicios\\\/#primaryimage\"},\"thumbnailUrl\":\"https:\\\/\\\/www.audox.cl\\\/sales-gamification-software\\\/wp-content\\\/uploads\\\/sites\\\/119\\\/2021\\\/03\\\/sales-leaderboard-light.png\",\"datePublished\":\"2021-03-06T02:53:34+00:00\",\"dateModified\":\"2021-03-12T17:35:46+00:00\",\"description\":\"Capacitacion y Soporte Especializado para Sales Gamification Software. Todo lo que necesitas para potenciar tus sistemas lo tienes con Audox.\",\"breadcrumb\":{\"@id\":\"https:\\\/\\\/www.audox.cl\\\/sales-gamification-software\\\/sales-gamification-software-servicios\\\/#breadcrumb\"},\"inLanguage\":\"es\",\"potentialAction\":[{\"@type\":\"ReadAction\",\"target\":[\"https:\\\/\\\/www.audox.cl\\\/sales-gamification-software\\\/sales-gamification-software-servicios\\\/\"]}]},{\"@type\":\"ImageObject\",\"inLanguage\":\"es\",\"@id\":\"https:\\\/\\\/www.audox.cl\\\/sales-gamification-software\\\/sales-gamification-software-servicios\\\/#primaryimage\",\"url\":\"https:\\\/\\\/www.audox.cl\\\/sales-gamification-software\\\/wp-content\\\/uploads\\\/sites\\\/119\\\/2021\\\/03\\\/sales-leaderboard-light.png\",\"contentUrl\":\"https:\\\/\\\/www.audox.cl\\\/sales-gamification-software\\\/wp-content\\\/uploads\\\/sites\\\/119\\\/2021\\\/03\\\/sales-leaderboard-light.png\"},{\"@type\":\"BreadcrumbList\",\"@id\":\"https:\\\/\\\/www.audox.cl\\\/sales-gamification-software\\\/sales-gamification-software-servicios\\\/#breadcrumb\",\"itemListElement\":[{\"@type\":\"ListItem\",\"position\":1,\"name\":\"Portada\",\"item\":\"https:\\\/\\\/www.audox.cl\\\/sales-gamification-software\\\/inicio\\\/\"},{\"@type\":\"ListItem\",\"position\":2,\"name\":\"Servicios\"}]},{\"@type\":\"WebSite\",\"@id\":\"https:\\\/\\\/www.audox.cl\\\/sales-gamification-software\\\/#website\",\"url\":\"https:\\\/\\\/www.audox.cl\\\/sales-gamification-software\\\/\",\"name\":\"Expertos\",\"description\":\"Implementaci\u00f3n, Capacitaci\u00f3n y Soporte para Sales Gamification Software en Chile\",\"potentialAction\":[{\"@type\":\"SearchAction\",\"target\":{\"@type\":\"EntryPoint\",\"urlTemplate\":\"https:\\\/\\\/www.audox.cl\\\/sales-gamification-software\\\/?s={search_term_string}\"},\"query-input\":{\"@type\":\"PropertyValueSpecification\",\"valueRequired\":true,\"valueName\":\"search_term_string\"}}],\"inLanguage\":\"es\"}]}<\/script>\n<!-- \/ Yoast SEO plugin. -->","yoast_head_json":{"title":"Sales Gamification Software - Servicios Especializados - Audox Tecnolog\u00eda","description":"Capacitacion y Soporte Especializado para Sales Gamification Software. Todo lo que necesitas para potenciar tus sistemas lo tienes con Audox.","robots":{"index":"index","follow":"follow","max-snippet":"max-snippet:-1","max-image-preview":"max-image-preview:large","max-video-preview":"max-video-preview:-1"},"canonical":"https:\/\/www.audox.cl\/sales-gamification-software\/sales-gamification-software-servicios\/","og_locale":"es_ES","og_type":"article","og_title":"Sales Gamification Software - Servicios Especializados - Audox Tecnolog\u00eda","og_description":"Capacitacion y Soporte Especializado para Sales Gamification Software. Todo lo que necesitas para potenciar tus sistemas lo tienes con Audox.","og_url":"https:\/\/www.audox.cl\/sales-gamification-software\/sales-gamification-software-servicios\/","og_site_name":"Expertos","article_modified_time":"2021-03-12T17:35:46+00:00","og_image":[{"url":"https:\/\/www.audox.cl\/sales-gamification-software\/wp-content\/uploads\/sites\/119\/2021\/03\/sales-leaderboard-light.png","type":"","width":"","height":""}],"twitter_card":"summary_large_image","twitter_misc":{"Tiempo de lectura":"4 minutos"},"schema":{"@context":"https:\/\/schema.org","@graph":[{"@type":"WebPage","@id":"https:\/\/www.audox.cl\/sales-gamification-software\/sales-gamification-software-servicios\/","url":"https:\/\/www.audox.cl\/sales-gamification-software\/sales-gamification-software-servicios\/","name":"Sales Gamification Software - Servicios Especializados - Audox Tecnolog\u00eda","isPartOf":{"@id":"https:\/\/www.audox.cl\/sales-gamification-software\/#website"},"primaryImageOfPage":{"@id":"https:\/\/www.audox.cl\/sales-gamification-software\/sales-gamification-software-servicios\/#primaryimage"},"image":{"@id":"https:\/\/www.audox.cl\/sales-gamification-software\/sales-gamification-software-servicios\/#primaryimage"},"thumbnailUrl":"https:\/\/www.audox.cl\/sales-gamification-software\/wp-content\/uploads\/sites\/119\/2021\/03\/sales-leaderboard-light.png","datePublished":"2021-03-06T02:53:34+00:00","dateModified":"2021-03-12T17:35:46+00:00","description":"Capacitacion y Soporte Especializado para Sales Gamification Software. Todo lo que necesitas para potenciar tus sistemas lo tienes con Audox.","breadcrumb":{"@id":"https:\/\/www.audox.cl\/sales-gamification-software\/sales-gamification-software-servicios\/#breadcrumb"},"inLanguage":"es","potentialAction":[{"@type":"ReadAction","target":["https:\/\/www.audox.cl\/sales-gamification-software\/sales-gamification-software-servicios\/"]}]},{"@type":"ImageObject","inLanguage":"es","@id":"https:\/\/www.audox.cl\/sales-gamification-software\/sales-gamification-software-servicios\/#primaryimage","url":"https:\/\/www.audox.cl\/sales-gamification-software\/wp-content\/uploads\/sites\/119\/2021\/03\/sales-leaderboard-light.png","contentUrl":"https:\/\/www.audox.cl\/sales-gamification-software\/wp-content\/uploads\/sites\/119\/2021\/03\/sales-leaderboard-light.png"},{"@type":"BreadcrumbList","@id":"https:\/\/www.audox.cl\/sales-gamification-software\/sales-gamification-software-servicios\/#breadcrumb","itemListElement":[{"@type":"ListItem","position":1,"name":"Portada","item":"https:\/\/www.audox.cl\/sales-gamification-software\/inicio\/"},{"@type":"ListItem","position":2,"name":"Servicios"}]},{"@type":"WebSite","@id":"https:\/\/www.audox.cl\/sales-gamification-software\/#website","url":"https:\/\/www.audox.cl\/sales-gamification-software\/","name":"Expertos","description":"Implementaci\u00f3n, Capacitaci\u00f3n y Soporte para Sales Gamification Software en Chile","potentialAction":[{"@type":"SearchAction","target":{"@type":"EntryPoint","urlTemplate":"https:\/\/www.audox.cl\/sales-gamification-software\/?s={search_term_string}"},"query-input":{"@type":"PropertyValueSpecification","valueRequired":true,"valueName":"search_term_string"}}],"inLanguage":"es"}]}},"_links":{"self":[{"href":"https:\/\/www.audox.cl\/sales-gamification-software\/wp-json\/wp\/v2\/pages\/16","targetHints":{"allow":["GET"]}}],"collection":[{"href":"https:\/\/www.audox.cl\/sales-gamification-software\/wp-json\/wp\/v2\/pages"}],"about":[{"href":"https:\/\/www.audox.cl\/sales-gamification-software\/wp-json\/wp\/v2\/types\/page"}],"author":[{"embeddable":true,"href":"https:\/\/www.audox.cl\/sales-gamification-software\/wp-json\/wp\/v2\/users\/1"}],"replies":[{"embeddable":true,"href":"https:\/\/www.audox.cl\/sales-gamification-software\/wp-json\/wp\/v2\/comments?post=16"}],"version-history":[{"count":2,"href":"https:\/\/www.audox.cl\/sales-gamification-software\/wp-json\/wp\/v2\/pages\/16\/revisions"}],"predecessor-version":[{"id":25,"href":"https:\/\/www.audox.cl\/sales-gamification-software\/wp-json\/wp\/v2\/pages\/16\/revisions\/25"}],"wp:attachment":[{"href":"https:\/\/www.audox.cl\/sales-gamification-software\/wp-json\/wp\/v2\/media?parent=16"}],"curies":[{"name":"wp","href":"https:\/\/api.w.org\/{rel}","templated":true}]}}