{"id":17,"date":"2023-02-01T03:53:54","date_gmt":"2023-02-01T03:53:54","guid":{"rendered":"https:\/\/www.audox.cl\/software-crm\/contacto\/"},"modified":"2025-11-05T15:57:45","modified_gmt":"2025-11-05T15:57:45","slug":"contacto","status":"publish","type":"page","link":"https:\/\/www.audox.cl\/software-crm\/contacto\/","title":{"rendered":"Contacto"},"content":{"rendered":"<h2>Software CRM Expertos<\/h2>\n<p>Agustinas 853 Of. 439. Santiago 8320199. Regi\u00f3n Metropolitana. Chile<br \/><a href=\"mailto:info@audox.cl\">info@audox.cl<\/a><br \/><a href=\"tel:+56 2 2583 2331\">+56 2 2583 2331<\/a><\/p>\n<p><a href=\"tel:+56 2 2583 2331\"><img decoding=\"async\" loading=\"lazy\" src=\"https:\/\/www.audox.cl\/wp-content\/uploads\/2025\/09\/boton-llamanos.png\" alt=\"Ll\u00e1manos\"><\/a><\/p>\n<p><a href=\"https:\/\/www.audox.mx\">Audox M\u00e9xico<\/a> &#8211; <a href=\"https:\/\/www.audox.es\">Audox Espa\u00f1a<\/a> &#8211; <a href=\"https:\/\/www.audox.com\">Audox English<\/a><\/p>\n<p><a href=\"https:\/\/github.com\/audoxcl\">GitHub<\/a><br \/><a href=\"https:\/\/www.youtube.com\/@audox.com_es\">YouTube Spanish<\/a><br \/><a href=\"https:\/\/www.youtube.com\/@audox.com_en\">YouTube English<\/a><\/p>\n<h3>\u00bfNecesitas un CRM?<\/h3>\n<p>Te recomendamos <mark><a href=\"https:\/\/www.audox.cl\/go\/pipedrive\">Pipedrive<\/a><\/mark> o <mark><a href=\"https:\/\/www.audox.cl\/go\/hubspot\">HubSpot<\/a><\/mark>.<\/p>\n","protected":false},"excerpt":{"rendered":"<p>Software CRM Expertos Agustinas 853 Of. 439. Santiago 8320199. Regi\u00f3n Metropolitana. Chileinfo@audox.cl+56 2 2583 2331 Audox M\u00e9xico &#8211; Audox Espa\u00f1a &#8211; Audox English GitHubYouTube SpanishYouTube English \u00bfNecesitas un CRM? Te recomendamos Pipedrive o HubSpot.<\/p>\n","protected":false},"author":1,"featured_media":0,"parent":0,"menu_order":7,"comment_status":"closed","ping_status":"closed","template":"","meta":{"om_disable_all_campaigns":false,"inline_featured_image":false,"_monsterinsights_skip_tracking":false,"_monsterinsights_sitenote_active":false,"_monsterinsights_sitenote_note":"","_monsterinsights_sitenote_category":0,"footnotes":""},"class_list":["post-17","page","type-page","status-publish","hentry"],"yoast_head":"<!-- This site is optimized with the Yoast SEO plugin v27.3 - https:\/\/yoast.com\/product\/yoast-seo-wordpress\/ -->\n<title>Contacto - Software CRM Expertos<\/title>\n<meta name=\"description\" content=\"\u00bfNecesitas Ayuda? Fono: +56 2 2581 3799 - Celular: +56 9 9675 0572 - Email: info@audox.cl. Audox Ingenier\u00eda SpA. Agustinas 853 Of. 439 - Santiago 8320199 - Regi\u00f3n Metropolitana - Chile.\" \/>\n<meta name=\"robots\" content=\"index, follow, max-snippet:-1, max-image-preview:large, max-video-preview:-1\" \/>\n<link rel=\"canonical\" href=\"https:\/\/www.audox.cl\/software-crm\/contacto\/\" \/>\n<meta property=\"og:locale\" content=\"es_ES\" \/>\n<meta property=\"og:type\" content=\"article\" \/>\n<meta property=\"og:title\" content=\"Contacto - Software CRM Expertos\" \/>\n<meta property=\"og:description\" content=\"\u00bfNecesitas Ayuda? Fono: +56 2 2581 3799 - Celular: +56 9 9675 0572 - Email: info@audox.cl. Audox Ingenier\u00eda SpA. Agustinas 853 Of. 439 - Santiago 8320199 - Regi\u00f3n Metropolitana - Chile.\" \/>\n<meta property=\"og:url\" content=\"https:\/\/www.audox.cl\/software-crm\/contacto\/\" \/>\n<meta property=\"og:site_name\" content=\"Software CRM Expertos\" \/>\n<meta property=\"article:modified_time\" content=\"2025-11-05T15:57:45+00:00\" \/>\n<meta property=\"og:image\" content=\"https:\/\/www.audox.cl\/wp-content\/uploads\/2025\/09\/boton-llamanos.png\" \/>\n<meta name=\"twitter:card\" content=\"summary_large_image\" \/>\n<script type=\"application\/ld+json\" class=\"yoast-schema-graph\">{\"@context\":\"https:\\\/\\\/schema.org\",\"@graph\":[{\"@type\":\"WebPage\",\"@id\":\"https:\\\/\\\/www.audox.cl\\\/software-crm\\\/contacto\\\/\",\"url\":\"https:\\\/\\\/www.audox.cl\\\/software-crm\\\/contacto\\\/\",\"name\":\"Contacto - Software CRM Expertos\",\"isPartOf\":{\"@id\":\"https:\\\/\\\/www.audox.cl\\\/software-crm\\\/#website\"},\"primaryImageOfPage\":{\"@id\":\"https:\\\/\\\/www.audox.cl\\\/software-crm\\\/contacto\\\/#primaryimage\"},\"image\":{\"@id\":\"https:\\\/\\\/www.audox.cl\\\/software-crm\\\/contacto\\\/#primaryimage\"},\"thumbnailUrl\":\"https:\\\/\\\/www.audox.cl\\\/wp-content\\\/uploads\\\/2025\\\/09\\\/boton-llamanos.png\",\"datePublished\":\"2023-02-01T03:53:54+00:00\",\"dateModified\":\"2025-11-05T15:57:45+00:00\",\"description\":\"\u00bfNecesitas Ayuda? Fono: +56 2 2581 3799 - Celular: +56 9 9675 0572 - Email: info@audox.cl. Audox Ingenier\u00eda SpA. Agustinas 853 Of. 439 - Santiago 8320199 - Regi\u00f3n Metropolitana - Chile.\",\"breadcrumb\":{\"@id\":\"https:\\\/\\\/www.audox.cl\\\/software-crm\\\/contacto\\\/#breadcrumb\"},\"inLanguage\":\"es\",\"potentialAction\":[{\"@type\":\"ReadAction\",\"target\":[\"https:\\\/\\\/www.audox.cl\\\/software-crm\\\/contacto\\\/\"]}]},{\"@type\":\"ImageObject\",\"inLanguage\":\"es\",\"@id\":\"https:\\\/\\\/www.audox.cl\\\/software-crm\\\/contacto\\\/#primaryimage\",\"url\":\"https:\\\/\\\/www.audox.cl\\\/wp-content\\\/uploads\\\/2025\\\/09\\\/boton-llamanos.png\",\"contentUrl\":\"https:\\\/\\\/www.audox.cl\\\/wp-content\\\/uploads\\\/2025\\\/09\\\/boton-llamanos.png\"},{\"@type\":\"BreadcrumbList\",\"@id\":\"https:\\\/\\\/www.audox.cl\\\/software-crm\\\/contacto\\\/#breadcrumb\",\"itemListElement\":[{\"@type\":\"ListItem\",\"position\":1,\"name\":\"Portada\",\"item\":\"https:\\\/\\\/www.audox.cl\\\/software-crm\\\/inicio\\\/\"},{\"@type\":\"ListItem\",\"position\":2,\"name\":\"Contacto\"}]},{\"@type\":\"WebSite\",\"@id\":\"https:\\\/\\\/www.audox.cl\\\/software-crm\\\/#website\",\"url\":\"https:\\\/\\\/www.audox.cl\\\/software-crm\\\/\",\"name\":\"Software CRM Expertos\",\"description\":\"Implementaci\u00f3n, Capacitaci\u00f3n y Soporte para Software CRM en Chile\",\"potentialAction\":[{\"@type\":\"SearchAction\",\"target\":{\"@type\":\"EntryPoint\",\"urlTemplate\":\"https:\\\/\\\/www.audox.cl\\\/software-crm\\\/?s={search_term_string}\"},\"query-input\":{\"@type\":\"PropertyValueSpecification\",\"valueRequired\":true,\"valueName\":\"search_term_string\"}}],\"inLanguage\":\"es\"}]}<\/script>\n<!-- \/ Yoast SEO plugin. -->","yoast_head_json":{"title":"Contacto - Software CRM Expertos","description":"\u00bfNecesitas Ayuda? Fono: +56 2 2581 3799 - Celular: +56 9 9675 0572 - Email: info@audox.cl. Audox Ingenier\u00eda SpA. Agustinas 853 Of. 439 - Santiago 8320199 - Regi\u00f3n Metropolitana - Chile.","robots":{"index":"index","follow":"follow","max-snippet":"max-snippet:-1","max-image-preview":"max-image-preview:large","max-video-preview":"max-video-preview:-1"},"canonical":"https:\/\/www.audox.cl\/software-crm\/contacto\/","og_locale":"es_ES","og_type":"article","og_title":"Contacto - Software CRM Expertos","og_description":"\u00bfNecesitas Ayuda? Fono: +56 2 2581 3799 - Celular: +56 9 9675 0572 - Email: info@audox.cl. Audox Ingenier\u00eda SpA. Agustinas 853 Of. 439 - Santiago 8320199 - Regi\u00f3n Metropolitana - Chile.","og_url":"https:\/\/www.audox.cl\/software-crm\/contacto\/","og_site_name":"Software CRM Expertos","article_modified_time":"2025-11-05T15:57:45+00:00","og_image":[{"url":"https:\/\/www.audox.cl\/wp-content\/uploads\/2025\/09\/boton-llamanos.png","type":"","width":"","height":""}],"twitter_card":"summary_large_image","schema":{"@context":"https:\/\/schema.org","@graph":[{"@type":"WebPage","@id":"https:\/\/www.audox.cl\/software-crm\/contacto\/","url":"https:\/\/www.audox.cl\/software-crm\/contacto\/","name":"Contacto - Software CRM Expertos","isPartOf":{"@id":"https:\/\/www.audox.cl\/software-crm\/#website"},"primaryImageOfPage":{"@id":"https:\/\/www.audox.cl\/software-crm\/contacto\/#primaryimage"},"image":{"@id":"https:\/\/www.audox.cl\/software-crm\/contacto\/#primaryimage"},"thumbnailUrl":"https:\/\/www.audox.cl\/wp-content\/uploads\/2025\/09\/boton-llamanos.png","datePublished":"2023-02-01T03:53:54+00:00","dateModified":"2025-11-05T15:57:45+00:00","description":"\u00bfNecesitas Ayuda? Fono: +56 2 2581 3799 - Celular: +56 9 9675 0572 - Email: info@audox.cl. Audox Ingenier\u00eda SpA. Agustinas 853 Of. 439 - Santiago 8320199 - Regi\u00f3n Metropolitana - Chile.","breadcrumb":{"@id":"https:\/\/www.audox.cl\/software-crm\/contacto\/#breadcrumb"},"inLanguage":"es","potentialAction":[{"@type":"ReadAction","target":["https:\/\/www.audox.cl\/software-crm\/contacto\/"]}]},{"@type":"ImageObject","inLanguage":"es","@id":"https:\/\/www.audox.cl\/software-crm\/contacto\/#primaryimage","url":"https:\/\/www.audox.cl\/wp-content\/uploads\/2025\/09\/boton-llamanos.png","contentUrl":"https:\/\/www.audox.cl\/wp-content\/uploads\/2025\/09\/boton-llamanos.png"},{"@type":"BreadcrumbList","@id":"https:\/\/www.audox.cl\/software-crm\/contacto\/#breadcrumb","itemListElement":[{"@type":"ListItem","position":1,"name":"Portada","item":"https:\/\/www.audox.cl\/software-crm\/inicio\/"},{"@type":"ListItem","position":2,"name":"Contacto"}]},{"@type":"WebSite","@id":"https:\/\/www.audox.cl\/software-crm\/#website","url":"https:\/\/www.audox.cl\/software-crm\/","name":"Software CRM Expertos","description":"Implementaci\u00f3n, Capacitaci\u00f3n y Soporte para Software CRM en Chile","potentialAction":[{"@type":"SearchAction","target":{"@type":"EntryPoint","urlTemplate":"https:\/\/www.audox.cl\/software-crm\/?s={search_term_string}"},"query-input":{"@type":"PropertyValueSpecification","valueRequired":true,"valueName":"search_term_string"}}],"inLanguage":"es"}]}},"_links":{"self":[{"href":"https:\/\/www.audox.cl\/software-crm\/wp-json\/wp\/v2\/pages\/17","targetHints":{"allow":["GET"]}}],"collection":[{"href":"https:\/\/www.audox.cl\/software-crm\/wp-json\/wp\/v2\/pages"}],"about":[{"href":"https:\/\/www.audox.cl\/software-crm\/wp-json\/wp\/v2\/types\/page"}],"author":[{"embeddable":true,"href":"https:\/\/www.audox.cl\/software-crm\/wp-json\/wp\/v2\/users\/1"}],"replies":[{"embeddable":true,"href":"https:\/\/www.audox.cl\/software-crm\/wp-json\/wp\/v2\/comments?post=17"}],"version-history":[{"count":6,"href":"https:\/\/www.audox.cl\/software-crm\/wp-json\/wp\/v2\/pages\/17\/revisions"}],"predecessor-version":[{"id":63,"href":"https:\/\/www.audox.cl\/software-crm\/wp-json\/wp\/v2\/pages\/17\/revisions\/63"}],"wp:attachment":[{"href":"https:\/\/www.audox.cl\/software-crm\/wp-json\/wp\/v2\/media?parent=17"}],"curies":[{"name":"wp","href":"https:\/\/api.w.org\/{rel}","templated":true}]}}