{"id":64,"date":"2025-10-18T20:41:13","date_gmt":"2025-10-18T20:41:13","guid":{"rendered":"https:\/\/www.audox.cl\/software-crm\/inicio\/"},"modified":"2025-10-18T20:41:13","modified_gmt":"2025-10-18T20:41:13","slug":"inicio","status":"publish","type":"page","link":"https:\/\/www.audox.cl\/software-crm\/","title":{"rendered":"Inicio"},"content":{"rendered":"","protected":false},"excerpt":{"rendered":"","protected":false},"author":1,"featured_media":0,"parent":0,"menu_order":0,"comment_status":"closed","ping_status":"closed","template":"","meta":{"om_disable_all_campaigns":false,"inline_featured_image":false,"_monsterinsights_skip_tracking":false,"_monsterinsights_sitenote_active":false,"_monsterinsights_sitenote_note":"","_monsterinsights_sitenote_category":0,"footnotes":""},"class_list":["post-64","page","type-page","status-publish","hentry"],"yoast_head":"<!-- This site is optimized with the Yoast SEO plugin v27.3 - https:\/\/yoast.com\/product\/yoast-seo-wordpress\/ -->\n<title>Inicio - Software CRM Expertos<\/title>\n<meta name=\"description\" content=\"Implementaci\u00f3n, Capacitaci\u00f3n y Soporte Especializado para Software CRM en Chile. Potencia Software CRM con nuestros Expertos. Ll\u00e1manos!\" \/>\n<meta name=\"robots\" content=\"index, follow, max-snippet:-1, max-image-preview:large, max-video-preview:-1\" \/>\n<link rel=\"canonical\" href=\"https:\/\/www.audox.cl\/software-crm\/inicio\/\" \/>\n<meta property=\"og:locale\" content=\"es_ES\" \/>\n<meta property=\"og:type\" content=\"article\" \/>\n<meta property=\"og:title\" content=\"Inicio - Software CRM Expertos\" \/>\n<meta property=\"og:description\" content=\"Implementaci\u00f3n, Capacitaci\u00f3n y Soporte Especializado para Software CRM en Chile. Potencia Software CRM con nuestros Expertos. Ll\u00e1manos!\" \/>\n<meta property=\"og:url\" content=\"https:\/\/www.audox.cl\/software-crm\/inicio\/\" \/>\n<meta property=\"og:site_name\" content=\"Software CRM Expertos\" \/>\n<meta name=\"twitter:card\" content=\"summary_large_image\" \/>\n<script type=\"application\/ld+json\" class=\"yoast-schema-graph\">{\"@context\":\"https:\\\/\\\/schema.org\",\"@graph\":[{\"@type\":\"WebPage\",\"@id\":\"https:\\\/\\\/www.audox.cl\\\/software-crm\\\/inicio\\\/\",\"url\":\"https:\\\/\\\/www.audox.cl\\\/software-crm\\\/inicio\\\/\",\"name\":\"Inicio - Software CRM Expertos\",\"isPartOf\":{\"@id\":\"https:\\\/\\\/www.audox.cl\\\/software-crm\\\/#website\"},\"datePublished\":\"2025-10-18T20:41:13+00:00\",\"description\":\"Implementaci\u00f3n, Capacitaci\u00f3n y Soporte Especializado para Software CRM en Chile. Potencia Software CRM con nuestros Expertos. Ll\u00e1manos!\",\"breadcrumb\":{\"@id\":\"https:\\\/\\\/www.audox.cl\\\/software-crm\\\/inicio\\\/#breadcrumb\"},\"inLanguage\":\"es\",\"potentialAction\":[{\"@type\":\"ReadAction\",\"target\":[\"https:\\\/\\\/www.audox.cl\\\/software-crm\\\/inicio\\\/\"]}]},{\"@type\":\"BreadcrumbList\",\"@id\":\"https:\\\/\\\/www.audox.cl\\\/software-crm\\\/inicio\\\/#breadcrumb\",\"itemListElement\":[{\"@type\":\"ListItem\",\"position\":1,\"name\":\"Portada\",\"item\":\"https:\\\/\\\/www.audox.cl\\\/software-crm\\\/inicio\\\/\"},{\"@type\":\"ListItem\",\"position\":2,\"name\":\"Inicio\"}]},{\"@type\":\"WebSite\",\"@id\":\"https:\\\/\\\/www.audox.cl\\\/software-crm\\\/#website\",\"url\":\"https:\\\/\\\/www.audox.cl\\\/software-crm\\\/\",\"name\":\"Software CRM Expertos\",\"description\":\"Implementaci\u00f3n, Capacitaci\u00f3n y Soporte para Software CRM en Chile\",\"potentialAction\":[{\"@type\":\"SearchAction\",\"target\":{\"@type\":\"EntryPoint\",\"urlTemplate\":\"https:\\\/\\\/www.audox.cl\\\/software-crm\\\/?s={search_term_string}\"},\"query-input\":{\"@type\":\"PropertyValueSpecification\",\"valueRequired\":true,\"valueName\":\"search_term_string\"}}],\"inLanguage\":\"es\"}]}<\/script>\n<!-- \/ Yoast SEO plugin. -->","yoast_head_json":{"title":"Inicio - Software CRM Expertos","description":"Implementaci\u00f3n, Capacitaci\u00f3n y Soporte Especializado para Software CRM en Chile. Potencia Software CRM con nuestros Expertos. Ll\u00e1manos!","robots":{"index":"index","follow":"follow","max-snippet":"max-snippet:-1","max-image-preview":"max-image-preview:large","max-video-preview":"max-video-preview:-1"},"canonical":"https:\/\/www.audox.cl\/software-crm\/inicio\/","og_locale":"es_ES","og_type":"article","og_title":"Inicio - Software CRM Expertos","og_description":"Implementaci\u00f3n, Capacitaci\u00f3n y Soporte Especializado para Software CRM en Chile. Potencia Software CRM con nuestros Expertos. Ll\u00e1manos!","og_url":"https:\/\/www.audox.cl\/software-crm\/inicio\/","og_site_name":"Software CRM Expertos","twitter_card":"summary_large_image","schema":{"@context":"https:\/\/schema.org","@graph":[{"@type":"WebPage","@id":"https:\/\/www.audox.cl\/software-crm\/inicio\/","url":"https:\/\/www.audox.cl\/software-crm\/inicio\/","name":"Inicio - Software CRM Expertos","isPartOf":{"@id":"https:\/\/www.audox.cl\/software-crm\/#website"},"datePublished":"2025-10-18T20:41:13+00:00","description":"Implementaci\u00f3n, Capacitaci\u00f3n y Soporte Especializado para Software CRM en Chile. Potencia Software CRM con nuestros Expertos. Ll\u00e1manos!","breadcrumb":{"@id":"https:\/\/www.audox.cl\/software-crm\/inicio\/#breadcrumb"},"inLanguage":"es","potentialAction":[{"@type":"ReadAction","target":["https:\/\/www.audox.cl\/software-crm\/inicio\/"]}]},{"@type":"BreadcrumbList","@id":"https:\/\/www.audox.cl\/software-crm\/inicio\/#breadcrumb","itemListElement":[{"@type":"ListItem","position":1,"name":"Portada","item":"https:\/\/www.audox.cl\/software-crm\/inicio\/"},{"@type":"ListItem","position":2,"name":"Inicio"}]},{"@type":"WebSite","@id":"https:\/\/www.audox.cl\/software-crm\/#website","url":"https:\/\/www.audox.cl\/software-crm\/","name":"Software CRM Expertos","description":"Implementaci\u00f3n, Capacitaci\u00f3n y Soporte para Software CRM en Chile","potentialAction":[{"@type":"SearchAction","target":{"@type":"EntryPoint","urlTemplate":"https:\/\/www.audox.cl\/software-crm\/?s={search_term_string}"},"query-input":{"@type":"PropertyValueSpecification","valueRequired":true,"valueName":"search_term_string"}}],"inLanguage":"es"}]}},"_links":{"self":[{"href":"https:\/\/www.audox.cl\/software-crm\/wp-json\/wp\/v2\/pages\/64","targetHints":{"allow":["GET"]}}],"collection":[{"href":"https:\/\/www.audox.cl\/software-crm\/wp-json\/wp\/v2\/pages"}],"about":[{"href":"https:\/\/www.audox.cl\/software-crm\/wp-json\/wp\/v2\/types\/page"}],"author":[{"embeddable":true,"href":"https:\/\/www.audox.cl\/software-crm\/wp-json\/wp\/v2\/users\/1"}],"replies":[{"embeddable":true,"href":"https:\/\/www.audox.cl\/software-crm\/wp-json\/wp\/v2\/comments?post=64"}],"version-history":[{"count":0,"href":"https:\/\/www.audox.cl\/software-crm\/wp-json\/wp\/v2\/pages\/64\/revisions"}],"wp:attachment":[{"href":"https:\/\/www.audox.cl\/software-crm\/wp-json\/wp\/v2\/media?parent=64"}],"curies":[{"name":"wp","href":"https:\/\/api.w.org\/{rel}","templated":true}]}}