{"id":22,"date":"2020-05-14T04:33:00","date_gmt":"2020-05-14T04:33:00","guid":{"rendered":"https:\/\/www.audox.cl\/software-de-fidelizacion-de-clientes\/?page_id=22"},"modified":"2020-05-21T01:27:30","modified_gmt":"2020-05-21T01:27:30","slug":"software-fidelizacion-clientes","status":"publish","type":"page","link":"https:\/\/www.audox.cl\/software-de-fidelizacion-de-clientes\/software-fidelizacion-clientes\/","title":{"rendered":"Software de Fidelizacion de Clientes"},"content":{"rendered":"\n<h2 class=\"wp-block-heading\">Acerca de las aplicaciones<\/h2>\n\n\n\n<p>En Audox trabajamos con los siguientes Softwares de Fidelizacion de Clientes:<\/p>\n\n\n\n<ul class=\"wp-block-list\"><li><a rel=\"noreferrer noopener\" href=\"https:\/\/zinrelo.com\/\" target=\"_blank\">Zinrelo<\/a><\/li><li><a rel=\"noreferrer noopener\" href=\"https:\/\/smile.io\/\" target=\"_blank\">Smile.io<\/a><\/li><li><a rel=\"noreferrer noopener\" href=\"https:\/\/goodyhq.com\/\" target=\"_blank\">Goody<\/a><\/li><li><a rel=\"noreferrer noopener\" href=\"https:\/\/www.tapmango.com\/\" target=\"_blank\">TapMango<\/a><\/li><li><a rel=\"noreferrer noopener\" href=\"https:\/\/www.yotpo.com\/\" target=\"_blank\">Yotpo<\/a><\/li><li><a rel=\"noreferrer noopener\" href=\"https:\/\/www.kangaroorewards.com\/\" target=\"_blank\">Kangaroo<\/a><\/li><li><a rel=\"noreferrer noopener\" href=\"https:\/\/www.loyaltygator.com\/\" target=\"_blank\">Loyalty Gator<\/a><\/li><li>O desarrollamos la soluci\u00f3n que tu necesites<\/li><\/ul>\n\n\n\n<p>Los Software de Fidelizacion de Clientes son una plataforma moderna de recompensas de lealtad que maximiza las ventas repetidas y los ingresos por cliente a trav\u00e9s de una participaci\u00f3n del cliente de 360 \u200b\u200bgrados, ciencias de datos y aprendizaje autom\u00e1tico. Con estas aplicaciones es posible desbloquear la lealtad del cliente en m\u00faltiples dimensiones, incluidas la lealtad transaccional, social, de referencia, compromiso, conductual y emocional.<\/p>\n\n\n\n<figure class=\"wp-block-image size-large\"><img loading=\"lazy\" decoding=\"async\" width=\"945\" height=\"600\" src=\"https:\/\/www.audox.cl\/software-de-fidelizacion-de-clientes\/wp-content\/uploads\/sites\/35\/2020\/05\/image.png\" alt=\"software fidelizacion clientes\" class=\"wp-image-35\" srcset=\"https:\/\/www.audox.cl\/software-de-fidelizacion-de-clientes\/wp-content\/uploads\/sites\/35\/2020\/05\/image.png 945w, https:\/\/www.audox.cl\/software-de-fidelizacion-de-clientes\/wp-content\/uploads\/sites\/35\/2020\/05\/image-300x190.png 300w, https:\/\/www.audox.cl\/software-de-fidelizacion-de-clientes\/wp-content\/uploads\/sites\/35\/2020\/05\/image-768x488.png 768w, https:\/\/www.audox.cl\/software-de-fidelizacion-de-clientes\/wp-content\/uploads\/sites\/35\/2020\/05\/image-100x63.png 100w, https:\/\/www.audox.cl\/software-de-fidelizacion-de-clientes\/wp-content\/uploads\/sites\/35\/2020\/05\/image-150x95.png 150w, https:\/\/www.audox.cl\/software-de-fidelizacion-de-clientes\/wp-content\/uploads\/sites\/35\/2020\/05\/image-200x127.png 200w, https:\/\/www.audox.cl\/software-de-fidelizacion-de-clientes\/wp-content\/uploads\/sites\/35\/2020\/05\/image-450x286.png 450w, https:\/\/www.audox.cl\/software-de-fidelizacion-de-clientes\/wp-content\/uploads\/sites\/35\/2020\/05\/image-600x381.png 600w, https:\/\/www.audox.cl\/software-de-fidelizacion-de-clientes\/wp-content\/uploads\/sites\/35\/2020\/05\/image-900x571.png 900w\" sizes=\"auto, (max-width: 945px) 100vw, 945px\" \/><\/figure>\n\n\n\n<p>Los clientes de estas aplicaciones suelen ver un aumento del 80% en las ventas repetidas, una mejora del 50% en la rentabilidad y 2.4X ingresos por cliente. Por lo general se pueden integrar perfectamente con plataformas e-commerce. Adem\u00e1s, permite a las empresas lanzar f\u00e1cilmente un programa de recompensas altamente personalizado.<\/p>\n\n\n\n<h2 class=\"wp-block-heading\">Diferenciadores clave<\/h2>\n\n\n\n<p>Los Software de Fidelizaci\u00f3n de Clientes se basan en la idea de que los datos son la clave para un programa de recompensas exitoso. Se usan los datos de una manera que ninguna otra compa\u00f1\u00eda de lealtad lo hace. <\/p>\n\n\n\n<ol class=\"wp-block-list\"><li><strong>Enfoque de ciencias de datos: <\/strong>Nuestro equipo de ciencias de datos analiza los datos de compras anteriores para ofrecer un programa de recompensas de ajuste perfecto optimizado para su negocio.<\/li><li><strong>Aprendizaje autom\u00e1tico para segmentaci\u00f3n y orientaci\u00f3n de usuarios<\/strong>: Las t\u00e9cnicas de aprendizaje autom\u00e1tico se utilizan para segmentar a los miembros de lealtad en grupos accionables. Las campa\u00f1as de fidelizaci\u00f3n dirigidas, como las actualizaciones de nivel, los puntos de bonificaci\u00f3n, los puntos dobles y otros incentivos de puntos, se pueden ejecutar contra segmentos accionables para obtener ingresos.<\/li><li><strong>Servicio de guantes blancos:<\/strong> Nuestro servicio de guantes blancos retiene a nuestros clientes durante el proceso de lanzamiento. Las revisiones comerciales trimestrales se realizan para analizar el desempe\u00f1o y revisar los planes de \u00e9xito.<br>Los clientes aman el apoyo de estos softwares. <\/li><li><strong>Plataforma de grado empresarial incre\u00edblemente r\u00e1pida<\/strong>: trabajamos con las plataformas m\u00e1s r\u00e1pidas que existen. Atienden a miles de empresas y a m\u00e1s de 100 millones de miembros y clientes.<\/li><li><strong>Programa de recompensas m\u00e1s seguro del mundo: <\/strong>Con evaluaciones de vulnerabilidad realizadas regularmente, deleite a sus clientes con un atractivo programa de recompensas.<\/li><\/ol>\n\n\n\n<h2 class=\"wp-block-heading\">Servicios para Software de Fidelizaci\u00f3n de Clientes con Audox<\/h2>\n\n\n\n<p>En Audox&nbsp;<a href=\"https:\/\/www.youtube.com\/watch?v=fCnHr0wm9gU\">somos expertos<\/a>&nbsp;en implementaci\u00f3n, soporte y capacitaci\u00f3n de Software de Fidelizaci\u00f3n de Clientes para empresas peque\u00f1as, medianas y grandes gracias a nuestra amplia experiencia de m\u00e1s de una d\u00e9cada en el \u00e1rea de la tecnolog\u00eda e ingenier\u00eda.<\/p>\n\n\n\n<p>Nuestro equipo de especialistas est\u00e1 listo para ayudarte en solventar tus problemas y dar respuesta a tus necesidades.<\/p>\n\n\n\n<p><a href=\"https:\/\/www.audox.cl\/software-de-fidelizacion-de-clientes\/contacto\/\">\u00a1Cont\u00e1ctanos!<\/a><\/p>\n","protected":false},"excerpt":{"rendered":"<p>Acerca de las aplicaciones En Audox trabajamos con los siguientes Softwares de Fidelizacion de Clientes: Zinrelo Smile.io Goody TapMango Yotpo Kangaroo Loyalty Gator O desarrollamos la soluci\u00f3n que tu necesites Los Software de Fidelizacion de Clientes son una plataforma moderna &hellip;<\/p>\n<p class=\"read-more\"> <a class=\"more-link\" href=\"https:\/\/www.audox.cl\/software-de-fidelizacion-de-clientes\/software-fidelizacion-clientes\/\"> <span class=\"screen-reader-text\">Software de Fidelizacion de Clientes<\/span> Leer m\u00e1s \u00bb<\/a><\/p>\n","protected":false},"author":1,"featured_media":0,"parent":0,"menu_order":1,"comment_status":"closed","ping_status":"closed","template":"","meta":{"om_disable_all_campaigns":false,"inline_featured_image":false,"_monsterinsights_skip_tracking":false,"_monsterinsights_sitenote_active":false,"_monsterinsights_sitenote_note":"","_monsterinsights_sitenote_category":0,"footnotes":""},"class_list":["post-22","page","type-page","status-publish","hentry"],"yoast_head":"<!-- This site is optimized with the Yoast SEO plugin v27.3 - https:\/\/yoast.com\/product\/yoast-seo-wordpress\/ -->\n<title>Software de Fidelizacion de Clientes - Audox Ingenier\u00eda<\/title>\n<meta name=\"description\" content=\"Los software de fidelizacion de clientes maximizan sus ventas repetidas y los ingresos por cliente a trav\u00e9s de la ciencia de datos.\" \/>\n<meta name=\"robots\" content=\"index, follow, max-snippet:-1, max-image-preview:large, max-video-preview:-1\" \/>\n<link rel=\"canonical\" href=\"https:\/\/www.audox.cl\/software-de-fidelizacion-de-clientes\/software-fidelizacion-clientes\/\" \/>\n<meta property=\"og:locale\" content=\"es_ES\" \/>\n<meta property=\"og:type\" content=\"article\" \/>\n<meta property=\"og:title\" content=\"Software de Fidelizacion de Clientes - Audox Ingenier\u00eda\" \/>\n<meta property=\"og:description\" content=\"Los software de fidelizacion de clientes maximizan sus ventas repetidas y los ingresos por cliente a trav\u00e9s de la ciencia de datos.\" \/>\n<meta property=\"og:url\" content=\"https:\/\/www.audox.cl\/software-de-fidelizacion-de-clientes\/software-fidelizacion-clientes\/\" \/>\n<meta property=\"og:site_name\" content=\"Expertos\" \/>\n<meta property=\"article:modified_time\" content=\"2020-05-21T01:27:30+00:00\" \/>\n<meta property=\"og:image\" content=\"https:\/\/www.audox.cl\/software-de-fidelizacion-de-clientes\/wp-content\/uploads\/sites\/35\/2020\/05\/image.png\" \/>\n<meta name=\"twitter:card\" content=\"summary_large_image\" \/>\n<meta name=\"twitter:label1\" content=\"Tiempo de lectura\" \/>\n\t<meta name=\"twitter:data1\" content=\"2 minutos\" \/>\n<script type=\"application\/ld+json\" class=\"yoast-schema-graph\">{\"@context\":\"https:\\\/\\\/schema.org\",\"@graph\":[{\"@type\":\"WebPage\",\"@id\":\"https:\\\/\\\/www.audox.cl\\\/software-de-fidelizacion-de-clientes\\\/software-fidelizacion-clientes\\\/\",\"url\":\"https:\\\/\\\/www.audox.cl\\\/software-de-fidelizacion-de-clientes\\\/software-fidelizacion-clientes\\\/\",\"name\":\"Software de Fidelizacion de Clientes - Audox Ingenier\u00eda\",\"isPartOf\":{\"@id\":\"https:\\\/\\\/www.audox.cl\\\/software-de-fidelizacion-de-clientes\\\/#website\"},\"primaryImageOfPage\":{\"@id\":\"https:\\\/\\\/www.audox.cl\\\/software-de-fidelizacion-de-clientes\\\/software-fidelizacion-clientes\\\/#primaryimage\"},\"image\":{\"@id\":\"https:\\\/\\\/www.audox.cl\\\/software-de-fidelizacion-de-clientes\\\/software-fidelizacion-clientes\\\/#primaryimage\"},\"thumbnailUrl\":\"https:\\\/\\\/www.audox.cl\\\/software-de-fidelizacion-de-clientes\\\/wp-content\\\/uploads\\\/sites\\\/35\\\/2020\\\/05\\\/image.png\",\"datePublished\":\"2020-05-14T04:33:00+00:00\",\"dateModified\":\"2020-05-21T01:27:30+00:00\",\"description\":\"Los software de fidelizacion de clientes maximizan sus ventas repetidas y los ingresos por cliente a trav\u00e9s de la ciencia de datos.\",\"breadcrumb\":{\"@id\":\"https:\\\/\\\/www.audox.cl\\\/software-de-fidelizacion-de-clientes\\\/software-fidelizacion-clientes\\\/#breadcrumb\"},\"inLanguage\":\"es\",\"potentialAction\":[{\"@type\":\"ReadAction\",\"target\":[\"https:\\\/\\\/www.audox.cl\\\/software-de-fidelizacion-de-clientes\\\/software-fidelizacion-clientes\\\/\"]}]},{\"@type\":\"ImageObject\",\"inLanguage\":\"es\",\"@id\":\"https:\\\/\\\/www.audox.cl\\\/software-de-fidelizacion-de-clientes\\\/software-fidelizacion-clientes\\\/#primaryimage\",\"url\":\"https:\\\/\\\/www.audox.cl\\\/software-de-fidelizacion-de-clientes\\\/wp-content\\\/uploads\\\/sites\\\/35\\\/2020\\\/05\\\/image.png\",\"contentUrl\":\"https:\\\/\\\/www.audox.cl\\\/software-de-fidelizacion-de-clientes\\\/wp-content\\\/uploads\\\/sites\\\/35\\\/2020\\\/05\\\/image.png\"},{\"@type\":\"BreadcrumbList\",\"@id\":\"https:\\\/\\\/www.audox.cl\\\/software-de-fidelizacion-de-clientes\\\/software-fidelizacion-clientes\\\/#breadcrumb\",\"itemListElement\":[{\"@type\":\"ListItem\",\"position\":1,\"name\":\"Portada\",\"item\":\"https:\\\/\\\/www.audox.cl\\\/software-de-fidelizacion-de-clientes\\\/inicio\\\/\"},{\"@type\":\"ListItem\",\"position\":2,\"name\":\"Software de Fidelizacion de Clientes\"}]},{\"@type\":\"WebSite\",\"@id\":\"https:\\\/\\\/www.audox.cl\\\/software-de-fidelizacion-de-clientes\\\/#website\",\"url\":\"https:\\\/\\\/www.audox.cl\\\/software-de-fidelizacion-de-clientes\\\/\",\"name\":\"Expertos\",\"description\":\"Software de Fidelizaci\u00f3n de Clientes en Chile\",\"potentialAction\":[{\"@type\":\"SearchAction\",\"target\":{\"@type\":\"EntryPoint\",\"urlTemplate\":\"https:\\\/\\\/www.audox.cl\\\/software-de-fidelizacion-de-clientes\\\/?s={search_term_string}\"},\"query-input\":{\"@type\":\"PropertyValueSpecification\",\"valueRequired\":true,\"valueName\":\"search_term_string\"}}],\"inLanguage\":\"es\"}]}<\/script>\n<!-- \/ Yoast SEO plugin. -->","yoast_head_json":{"title":"Software de Fidelizacion de Clientes - Audox Ingenier\u00eda","description":"Los software de fidelizacion de clientes maximizan sus ventas repetidas y los ingresos por cliente a trav\u00e9s de la ciencia de datos.","robots":{"index":"index","follow":"follow","max-snippet":"max-snippet:-1","max-image-preview":"max-image-preview:large","max-video-preview":"max-video-preview:-1"},"canonical":"https:\/\/www.audox.cl\/software-de-fidelizacion-de-clientes\/software-fidelizacion-clientes\/","og_locale":"es_ES","og_type":"article","og_title":"Software de Fidelizacion de Clientes - Audox Ingenier\u00eda","og_description":"Los software de fidelizacion de clientes maximizan sus ventas repetidas y los ingresos por cliente a trav\u00e9s de la ciencia de datos.","og_url":"https:\/\/www.audox.cl\/software-de-fidelizacion-de-clientes\/software-fidelizacion-clientes\/","og_site_name":"Expertos","article_modified_time":"2020-05-21T01:27:30+00:00","og_image":[{"url":"https:\/\/www.audox.cl\/software-de-fidelizacion-de-clientes\/wp-content\/uploads\/sites\/35\/2020\/05\/image.png","type":"","width":"","height":""}],"twitter_card":"summary_large_image","twitter_misc":{"Tiempo de lectura":"2 minutos"},"schema":{"@context":"https:\/\/schema.org","@graph":[{"@type":"WebPage","@id":"https:\/\/www.audox.cl\/software-de-fidelizacion-de-clientes\/software-fidelizacion-clientes\/","url":"https:\/\/www.audox.cl\/software-de-fidelizacion-de-clientes\/software-fidelizacion-clientes\/","name":"Software de Fidelizacion de Clientes - Audox Ingenier\u00eda","isPartOf":{"@id":"https:\/\/www.audox.cl\/software-de-fidelizacion-de-clientes\/#website"},"primaryImageOfPage":{"@id":"https:\/\/www.audox.cl\/software-de-fidelizacion-de-clientes\/software-fidelizacion-clientes\/#primaryimage"},"image":{"@id":"https:\/\/www.audox.cl\/software-de-fidelizacion-de-clientes\/software-fidelizacion-clientes\/#primaryimage"},"thumbnailUrl":"https:\/\/www.audox.cl\/software-de-fidelizacion-de-clientes\/wp-content\/uploads\/sites\/35\/2020\/05\/image.png","datePublished":"2020-05-14T04:33:00+00:00","dateModified":"2020-05-21T01:27:30+00:00","description":"Los software de fidelizacion de clientes maximizan sus ventas repetidas y los ingresos por cliente a trav\u00e9s de la ciencia de datos.","breadcrumb":{"@id":"https:\/\/www.audox.cl\/software-de-fidelizacion-de-clientes\/software-fidelizacion-clientes\/#breadcrumb"},"inLanguage":"es","potentialAction":[{"@type":"ReadAction","target":["https:\/\/www.audox.cl\/software-de-fidelizacion-de-clientes\/software-fidelizacion-clientes\/"]}]},{"@type":"ImageObject","inLanguage":"es","@id":"https:\/\/www.audox.cl\/software-de-fidelizacion-de-clientes\/software-fidelizacion-clientes\/#primaryimage","url":"https:\/\/www.audox.cl\/software-de-fidelizacion-de-clientes\/wp-content\/uploads\/sites\/35\/2020\/05\/image.png","contentUrl":"https:\/\/www.audox.cl\/software-de-fidelizacion-de-clientes\/wp-content\/uploads\/sites\/35\/2020\/05\/image.png"},{"@type":"BreadcrumbList","@id":"https:\/\/www.audox.cl\/software-de-fidelizacion-de-clientes\/software-fidelizacion-clientes\/#breadcrumb","itemListElement":[{"@type":"ListItem","position":1,"name":"Portada","item":"https:\/\/www.audox.cl\/software-de-fidelizacion-de-clientes\/inicio\/"},{"@type":"ListItem","position":2,"name":"Software de Fidelizacion de Clientes"}]},{"@type":"WebSite","@id":"https:\/\/www.audox.cl\/software-de-fidelizacion-de-clientes\/#website","url":"https:\/\/www.audox.cl\/software-de-fidelizacion-de-clientes\/","name":"Expertos","description":"Software de Fidelizaci\u00f3n de Clientes en Chile","potentialAction":[{"@type":"SearchAction","target":{"@type":"EntryPoint","urlTemplate":"https:\/\/www.audox.cl\/software-de-fidelizacion-de-clientes\/?s={search_term_string}"},"query-input":{"@type":"PropertyValueSpecification","valueRequired":true,"valueName":"search_term_string"}}],"inLanguage":"es"}]}},"_links":{"self":[{"href":"https:\/\/www.audox.cl\/software-de-fidelizacion-de-clientes\/wp-json\/wp\/v2\/pages\/22","targetHints":{"allow":["GET"]}}],"collection":[{"href":"https:\/\/www.audox.cl\/software-de-fidelizacion-de-clientes\/wp-json\/wp\/v2\/pages"}],"about":[{"href":"https:\/\/www.audox.cl\/software-de-fidelizacion-de-clientes\/wp-json\/wp\/v2\/types\/page"}],"author":[{"embeddable":true,"href":"https:\/\/www.audox.cl\/software-de-fidelizacion-de-clientes\/wp-json\/wp\/v2\/users\/1"}],"replies":[{"embeddable":true,"href":"https:\/\/www.audox.cl\/software-de-fidelizacion-de-clientes\/wp-json\/wp\/v2\/comments?post=22"}],"version-history":[{"count":7,"href":"https:\/\/www.audox.cl\/software-de-fidelizacion-de-clientes\/wp-json\/wp\/v2\/pages\/22\/revisions"}],"predecessor-version":[{"id":40,"href":"https:\/\/www.audox.cl\/software-de-fidelizacion-de-clientes\/wp-json\/wp\/v2\/pages\/22\/revisions\/40"}],"wp:attachment":[{"href":"https:\/\/www.audox.cl\/software-de-fidelizacion-de-clientes\/wp-json\/wp\/v2\/media?parent=22"}],"curies":[{"name":"wp","href":"https:\/\/api.w.org\/{rel}","templated":true}]}}