{"id":3,"date":"2024-01-27T22:14:37","date_gmt":"2024-01-27T21:14:37","guid":{"rendered":"https:\/\/www.audox.cl\/staffing-para-google-cloud-platform\/servicios\/"},"modified":"2024-01-28T23:18:13","modified_gmt":"2024-01-28T22:18:13","slug":"servicios","status":"publish","type":"page","link":"https:\/\/www.audox.cl\/staffing-para-google-cloud-platform\/servicios\/","title":{"rendered":"Servicios"},"content":{"rendered":"<h2>\u00bfQu\u00e9 es Staffing para Google Cloud Platform y c\u00f3mo puede ayudar al crecimiento de tu negocio?<\/h2>\n<p>En el panorama empresarial actual, la adopci\u00f3n de tecnolog\u00edas en la nube, especialmente Google Cloud Platform (GCP), es esencial para la innovaci\u00f3n y la escalabilidad. En Audox, ofrecemos Staffing para Google Cloud Platform, un servicio dise\u00f1ado para maximizar el potencial de tu empresa en la nube.<\/p>\n<h3>\u00bfQu\u00e9 es Staffing para Google Cloud Platform?<\/h3>\n<p>Staffing para Google Cloud Platform no es solo acerca de proporcionar personal. Es la clave para desbloquear todo el potencial de GCP. Nuestro servicio conecta tu empresa con profesionales altamente capacitados en GCP, desde arquitectos hasta ingenieros y especialistas en datos.<\/p>\n<h3>Beneficios de Nuestro Servicio<\/h3>\n<ol>\n<li><strong>Expertos Certificados:<\/strong> Trabajamos con profesionales certificados en Google Cloud Platform que comprenden a fondo todas las dimensiones de la plataforma, garantizando una implementaci\u00f3n y gesti\u00f3n efectivas.<\/li>\n<li><strong>Optimizaci\u00f3n del Rendimiento:<\/strong> No solo implementamos GCP, sino que tambi\u00e9n proporcionamos soporte continuo y nos adaptamos a las actualizaciones para garantizar un rendimiento excepcional de tus aplicaciones y servicios en la nube.<\/li>\n<li><strong>Escalabilidad Garantizada:<\/strong> GCP ofrece una escalabilidad incomparable. Nuestro servicio de Staffing asegura que tu empresa aproveche al m\u00e1ximo esta capacidad, adapt\u00e1ndose a tus necesidades cambiantes.<\/li>\n<\/ol>\n<h3>Transforma tu Negocio con Staffing para Google Cloud Platform<\/h3>\n<p>Al elegir nuestro servicio de Staffing para Google Cloud Platform, est\u00e1s dando un paso fundamental hacia la innovaci\u00f3n y la eficiencia en la nube. Cont\u00e1ctanos para explorar c\u00f3mo podemos fortalecer tu equipo y maximizar los beneficios de Google Cloud Platform.<\/p>\n<p>Estamos aqu\u00ed para impulsar el \u00e9xito de tu empresa en la era de la nube.<\/p>\n<h2>Servicios de Staffing para Google Cloud Platform<\/h2>\n<p>Nuestros servicios para <strong>Staffing para Google Cloud Platform<\/strong> consisten en:<\/p>\n<ul>\n<li>Implementaci\u00f3n<\/li>\n<li>Capacitaci\u00f3n<\/li>\n<li>Soporte<\/li>\n<\/ul>\n<h3>Servicios de Staffing para Google Cloud Platform con Audox<\/h3>\n<p>En Audox <a href=\"https:\/\/www.youtube.com\/@audox.com_es\">somos expertos<\/a> en implementaci\u00f3n, soporte y capacitaci\u00f3n de Staffing para Google Cloud Platform para empresas peque\u00f1as, medianas y grandes gracias a nuestra amplia experiencia de m\u00e1s de una d\u00e9cada en el \u00e1rea de la tecnolog\u00eda e ingenier\u00eda.<\/p>\n","protected":false},"excerpt":{"rendered":"<p>\u00bfQu\u00e9 es Staffing para Google Cloud Platform y c\u00f3mo puede ayudar al crecimiento de tu negocio? En el panorama empresarial actual, la adopci\u00f3n de tecnolog\u00edas en la nube, especialmente Google Cloud Platform (GCP), es esencial para la innovaci\u00f3n y la &hellip;<\/p>\n<p class=\"read-more\"> <a class=\"more-link\" href=\"https:\/\/www.audox.cl\/staffing-para-google-cloud-platform\/servicios\/\"> <span class=\"screen-reader-text\">Servicios<\/span> Leer m\u00e1s \u00bb<\/a><\/p>\n","protected":false},"author":1,"featured_media":0,"parent":0,"menu_order":1,"comment_status":"closed","ping_status":"closed","template":"","meta":{"om_disable_all_campaigns":false,"inline_featured_image":false,"_monsterinsights_skip_tracking":false,"_monsterinsights_sitenote_active":false,"_monsterinsights_sitenote_note":"","_monsterinsights_sitenote_category":0,"footnotes":""},"class_list":["post-3","page","type-page","status-publish","hentry"],"yoast_head":"<!-- This site is optimized with the Yoast SEO plugin v27.3 - https:\/\/yoast.com\/product\/yoast-seo-wordpress\/ -->\n<title>Servicios - Staffing para Google Cloud Platform Expertos<\/title>\n<meta name=\"description\" content=\"Descubre c\u00f3mo nuestro servicio de Staffing para Google Cloud Platform puede impulsar el crecimiento de tu empresa. Con profesionales certificados, optimizamos tu presencia en la nube para un rendimiento excepcional.\" \/>\n<meta name=\"robots\" content=\"index, follow, max-snippet:-1, max-image-preview:large, max-video-preview:-1\" \/>\n<link rel=\"canonical\" href=\"https:\/\/www.audox.cl\/staffing-para-google-cloud-platform\/servicios\/\" \/>\n<meta property=\"og:locale\" content=\"es_ES\" \/>\n<meta property=\"og:type\" content=\"article\" \/>\n<meta property=\"og:title\" content=\"Servicios - Staffing para Google Cloud Platform Expertos\" \/>\n<meta property=\"og:description\" content=\"Descubre c\u00f3mo nuestro servicio de Staffing para Google Cloud Platform puede impulsar el crecimiento de tu empresa. Con profesionales certificados, optimizamos tu presencia en la nube para un rendimiento excepcional.\" \/>\n<meta property=\"og:url\" content=\"https:\/\/www.audox.cl\/staffing-para-google-cloud-platform\/servicios\/\" \/>\n<meta property=\"og:site_name\" content=\"Staffing para Google Cloud Platform Expertos\" \/>\n<meta property=\"article:modified_time\" content=\"2024-01-28T22:18:13+00:00\" \/>\n<meta name=\"twitter:card\" content=\"summary_large_image\" \/>\n<meta name=\"twitter:label1\" content=\"Tiempo de lectura\" \/>\n\t<meta name=\"twitter:data1\" content=\"2 minutos\" \/>\n<script type=\"application\/ld+json\" class=\"yoast-schema-graph\">{\"@context\":\"https:\\\/\\\/schema.org\",\"@graph\":[{\"@type\":\"WebPage\",\"@id\":\"https:\\\/\\\/www.audox.cl\\\/staffing-para-google-cloud-platform\\\/servicios\\\/\",\"url\":\"https:\\\/\\\/www.audox.cl\\\/staffing-para-google-cloud-platform\\\/servicios\\\/\",\"name\":\"Servicios - Staffing para Google Cloud Platform Expertos\",\"isPartOf\":{\"@id\":\"https:\\\/\\\/www.audox.cl\\\/staffing-para-google-cloud-platform\\\/#website\"},\"datePublished\":\"2024-01-27T21:14:37+00:00\",\"dateModified\":\"2024-01-28T22:18:13+00:00\",\"description\":\"Descubre c\u00f3mo nuestro servicio de Staffing para Google Cloud Platform puede impulsar el crecimiento de tu empresa. Con profesionales certificados, optimizamos tu presencia en la nube para un rendimiento excepcional.\",\"breadcrumb\":{\"@id\":\"https:\\\/\\\/www.audox.cl\\\/staffing-para-google-cloud-platform\\\/servicios\\\/#breadcrumb\"},\"inLanguage\":\"es\",\"potentialAction\":[{\"@type\":\"ReadAction\",\"target\":[\"https:\\\/\\\/www.audox.cl\\\/staffing-para-google-cloud-platform\\\/servicios\\\/\"]}]},{\"@type\":\"BreadcrumbList\",\"@id\":\"https:\\\/\\\/www.audox.cl\\\/staffing-para-google-cloud-platform\\\/servicios\\\/#breadcrumb\",\"itemListElement\":[{\"@type\":\"ListItem\",\"position\":1,\"name\":\"Portada\",\"item\":\"https:\\\/\\\/www.audox.cl\\\/staffing-para-google-cloud-platform\\\/inicio\\\/\"},{\"@type\":\"ListItem\",\"position\":2,\"name\":\"Servicios\"}]},{\"@type\":\"WebSite\",\"@id\":\"https:\\\/\\\/www.audox.cl\\\/staffing-para-google-cloud-platform\\\/#website\",\"url\":\"https:\\\/\\\/www.audox.cl\\\/staffing-para-google-cloud-platform\\\/\",\"name\":\"Staffing para Google Cloud Platform Expertos\",\"description\":\"Servicios de Staffing para Google Cloud Platform en Chile\",\"potentialAction\":[{\"@type\":\"SearchAction\",\"target\":{\"@type\":\"EntryPoint\",\"urlTemplate\":\"https:\\\/\\\/www.audox.cl\\\/staffing-para-google-cloud-platform\\\/?s={search_term_string}\"},\"query-input\":{\"@type\":\"PropertyValueSpecification\",\"valueRequired\":true,\"valueName\":\"search_term_string\"}}],\"inLanguage\":\"es\"}]}<\/script>\n<!-- \/ Yoast SEO plugin. -->","yoast_head_json":{"title":"Servicios - Staffing para Google Cloud Platform Expertos","description":"Descubre c\u00f3mo nuestro servicio de Staffing para Google Cloud Platform puede impulsar el crecimiento de tu empresa. Con profesionales certificados, optimizamos tu presencia en la nube para un rendimiento excepcional.","robots":{"index":"index","follow":"follow","max-snippet":"max-snippet:-1","max-image-preview":"max-image-preview:large","max-video-preview":"max-video-preview:-1"},"canonical":"https:\/\/www.audox.cl\/staffing-para-google-cloud-platform\/servicios\/","og_locale":"es_ES","og_type":"article","og_title":"Servicios - Staffing para Google Cloud Platform Expertos","og_description":"Descubre c\u00f3mo nuestro servicio de Staffing para Google Cloud Platform puede impulsar el crecimiento de tu empresa. Con profesionales certificados, optimizamos tu presencia en la nube para un rendimiento excepcional.","og_url":"https:\/\/www.audox.cl\/staffing-para-google-cloud-platform\/servicios\/","og_site_name":"Staffing para Google Cloud Platform Expertos","article_modified_time":"2024-01-28T22:18:13+00:00","twitter_card":"summary_large_image","twitter_misc":{"Tiempo de lectura":"2 minutos"},"schema":{"@context":"https:\/\/schema.org","@graph":[{"@type":"WebPage","@id":"https:\/\/www.audox.cl\/staffing-para-google-cloud-platform\/servicios\/","url":"https:\/\/www.audox.cl\/staffing-para-google-cloud-platform\/servicios\/","name":"Servicios - Staffing para Google Cloud Platform Expertos","isPartOf":{"@id":"https:\/\/www.audox.cl\/staffing-para-google-cloud-platform\/#website"},"datePublished":"2024-01-27T21:14:37+00:00","dateModified":"2024-01-28T22:18:13+00:00","description":"Descubre c\u00f3mo nuestro servicio de Staffing para Google Cloud Platform puede impulsar el crecimiento de tu empresa. Con profesionales certificados, optimizamos tu presencia en la nube para un rendimiento excepcional.","breadcrumb":{"@id":"https:\/\/www.audox.cl\/staffing-para-google-cloud-platform\/servicios\/#breadcrumb"},"inLanguage":"es","potentialAction":[{"@type":"ReadAction","target":["https:\/\/www.audox.cl\/staffing-para-google-cloud-platform\/servicios\/"]}]},{"@type":"BreadcrumbList","@id":"https:\/\/www.audox.cl\/staffing-para-google-cloud-platform\/servicios\/#breadcrumb","itemListElement":[{"@type":"ListItem","position":1,"name":"Portada","item":"https:\/\/www.audox.cl\/staffing-para-google-cloud-platform\/inicio\/"},{"@type":"ListItem","position":2,"name":"Servicios"}]},{"@type":"WebSite","@id":"https:\/\/www.audox.cl\/staffing-para-google-cloud-platform\/#website","url":"https:\/\/www.audox.cl\/staffing-para-google-cloud-platform\/","name":"Staffing para Google Cloud Platform Expertos","description":"Servicios de Staffing para Google Cloud Platform en Chile","potentialAction":[{"@type":"SearchAction","target":{"@type":"EntryPoint","urlTemplate":"https:\/\/www.audox.cl\/staffing-para-google-cloud-platform\/?s={search_term_string}"},"query-input":{"@type":"PropertyValueSpecification","valueRequired":true,"valueName":"search_term_string"}}],"inLanguage":"es"}]}},"_links":{"self":[{"href":"https:\/\/www.audox.cl\/staffing-para-google-cloud-platform\/wp-json\/wp\/v2\/pages\/3","targetHints":{"allow":["GET"]}}],"collection":[{"href":"https:\/\/www.audox.cl\/staffing-para-google-cloud-platform\/wp-json\/wp\/v2\/pages"}],"about":[{"href":"https:\/\/www.audox.cl\/staffing-para-google-cloud-platform\/wp-json\/wp\/v2\/types\/page"}],"author":[{"embeddable":true,"href":"https:\/\/www.audox.cl\/staffing-para-google-cloud-platform\/wp-json\/wp\/v2\/users\/1"}],"replies":[{"embeddable":true,"href":"https:\/\/www.audox.cl\/staffing-para-google-cloud-platform\/wp-json\/wp\/v2\/comments?post=3"}],"version-history":[{"count":1,"href":"https:\/\/www.audox.cl\/staffing-para-google-cloud-platform\/wp-json\/wp\/v2\/pages\/3\/revisions"}],"predecessor-version":[{"id":19,"href":"https:\/\/www.audox.cl\/staffing-para-google-cloud-platform\/wp-json\/wp\/v2\/pages\/3\/revisions\/19"}],"wp:attachment":[{"href":"https:\/\/www.audox.cl\/staffing-para-google-cloud-platform\/wp-json\/wp\/v2\/media?parent=3"}],"curies":[{"name":"wp","href":"https:\/\/api.w.org\/{rel}","templated":true}]}}