{"id":25,"date":"2020-05-31T01:49:20","date_gmt":"2020-05-31T01:49:20","guid":{"rendered":"https:\/\/www.audox.cl\/sugarcrm\/?page_id=25"},"modified":"2020-05-31T01:49:20","modified_gmt":"2020-05-31T01:49:20","slug":"marketing","status":"publish","type":"page","link":"https:\/\/www.audox.cl\/sugarcrm\/marketing\/","title":{"rendered":"Marketing"},"content":{"rendered":"\n<h1 class=\"wp-block-heading\">Marketing<\/h1>\n\n\n\n<h2 class=\"wp-block-heading\">Automatizaci\u00f3n de Marketing<\/h2>\n\n\n\n<p>El correo electr\u00f3nico se integra con Microsoft Outlook, IBM Lotus Notes, Gmail, Yahoo! Mail, e IMAP. Los usuarios pueden archivar un correo electr\u00f3nico a&nbsp;<strong>SugarCRM<\/strong>, enviar correos electr\u00f3nicos directamente de&nbsp;<strong>SugarCRM<\/strong>, sincronizar sus calendarios de correo electr\u00f3nico y actividades de seguimiento y gesti\u00f3n de proyectos.<\/p>\n\n\n\n<p>La integraci\u00f3n de&nbsp;<strong>SugarCRM<\/strong>&nbsp;de correo electr\u00f3nico agiliza las tareas comunes y promueve una comunicaci\u00f3n m\u00e1s efectiva con los empleados y clientes.<\/p>\n\n\n\n<p><strong>Beneficios<\/strong><\/p>\n\n\n\n<ul class=\"wp-block-list\"><li>Crear y ejecutar campa\u00f1as a trav\u00e9s de los canales de comercializaci\u00f3n<\/li><li>Captura clientes potenciales directamente en el sistema de&nbsp;<strong>CRM<\/strong><\/li><li>Medidas de retorno de la inversi\u00f3n de las campa\u00f1as<\/li><\/ul>\n","protected":false},"excerpt":{"rendered":"<p>Marketing Automatizaci\u00f3n de Marketing El correo electr\u00f3nico se integra con Microsoft Outlook, IBM Lotus Notes, Gmail, Yahoo! Mail, e IMAP. Los usuarios pueden archivar un correo electr\u00f3nico a&nbsp;SugarCRM, enviar correos electr\u00f3nicos directamente de&nbsp;SugarCRM, sincronizar sus calendarios de correo electr\u00f3nico y &hellip;<\/p>\n<p class=\"read-more\"> <a class=\"more-link\" href=\"https:\/\/www.audox.cl\/sugarcrm\/marketing\/\"> <span class=\"screen-reader-text\">Marketing<\/span> Leer m\u00e1s \u00bb<\/a><\/p>\n","protected":false},"author":3,"featured_media":0,"parent":0,"menu_order":0,"comment_status":"closed","ping_status":"closed","template":"","meta":{"om_disable_all_campaigns":false,"inline_featured_image":false,"_monsterinsights_skip_tracking":false,"_monsterinsights_sitenote_active":false,"_monsterinsights_sitenote_note":"","_monsterinsights_sitenote_category":0,"footnotes":""},"class_list":["post-25","page","type-page","status-publish","hentry"],"yoast_head":"<!-- This site is optimized with the Yoast SEO plugin v27.6 - https:\/\/yoast.com\/product\/yoast-seo-wordpress\/ -->\n<title>Marketing - SugarCRM Expertos<\/title>\n<meta name=\"description\" content=\"Implementaci\u00f3n, Capacitaci\u00f3n y Soporte Especializado para SugarCRM en Chile. Potencia SugarCRM con nuestros Expertos. Ll\u00e1manos!\" \/>\n<meta name=\"robots\" content=\"index, follow, max-snippet:-1, max-image-preview:large, max-video-preview:-1\" \/>\n<link rel=\"canonical\" href=\"https:\/\/www.audox.cl\/sugarcrm\/marketing\/\" \/>\n<meta property=\"og:locale\" content=\"es_ES\" \/>\n<meta property=\"og:type\" content=\"article\" \/>\n<meta property=\"og:title\" content=\"Marketing - SugarCRM Expertos\" \/>\n<meta property=\"og:description\" content=\"Implementaci\u00f3n, Capacitaci\u00f3n y Soporte Especializado para SugarCRM en Chile. Potencia SugarCRM con nuestros Expertos. Ll\u00e1manos!\" \/>\n<meta property=\"og:url\" content=\"https:\/\/www.audox.cl\/sugarcrm\/marketing\/\" \/>\n<meta property=\"og:site_name\" content=\"SugarCRM Expertos\" \/>\n<meta name=\"twitter:card\" content=\"summary_large_image\" \/>\n<meta name=\"twitter:label1\" content=\"Tiempo de lectura\" \/>\n\t<meta name=\"twitter:data1\" content=\"1 minuto\" \/>\n<script type=\"application\/ld+json\" class=\"yoast-schema-graph\">{\"@context\":\"https:\\\/\\\/schema.org\",\"@graph\":[{\"@type\":\"WebPage\",\"@id\":\"https:\\\/\\\/www.audox.cl\\\/sugarcrm\\\/marketing\\\/\",\"url\":\"https:\\\/\\\/www.audox.cl\\\/sugarcrm\\\/marketing\\\/\",\"name\":\"Marketing - SugarCRM Expertos\",\"isPartOf\":{\"@id\":\"https:\\\/\\\/www.audox.cl\\\/sugarcrm\\\/#website\"},\"datePublished\":\"2020-05-31T01:49:20+00:00\",\"description\":\"Implementaci\u00f3n, Capacitaci\u00f3n y Soporte Especializado para SugarCRM en Chile. Potencia SugarCRM con nuestros Expertos. Ll\u00e1manos!\",\"breadcrumb\":{\"@id\":\"https:\\\/\\\/www.audox.cl\\\/sugarcrm\\\/marketing\\\/#breadcrumb\"},\"inLanguage\":\"es\",\"potentialAction\":[{\"@type\":\"ReadAction\",\"target\":[\"https:\\\/\\\/www.audox.cl\\\/sugarcrm\\\/marketing\\\/\"]}]},{\"@type\":\"BreadcrumbList\",\"@id\":\"https:\\\/\\\/www.audox.cl\\\/sugarcrm\\\/marketing\\\/#breadcrumb\",\"itemListElement\":[{\"@type\":\"ListItem\",\"position\":1,\"name\":\"Portada\",\"item\":\"https:\\\/\\\/www.audox.cl\\\/sugarcrm\\\/\"},{\"@type\":\"ListItem\",\"position\":2,\"name\":\"Marketing\"}]},{\"@type\":\"WebSite\",\"@id\":\"https:\\\/\\\/www.audox.cl\\\/sugarcrm\\\/#website\",\"url\":\"https:\\\/\\\/www.audox.cl\\\/sugarcrm\\\/\",\"name\":\"SugarCRM Expertos\",\"description\":\"Implementaci\u00f3n, Capacitaci\u00f3n y Soporte para SugarCRM en Chile\",\"potentialAction\":[{\"@type\":\"SearchAction\",\"target\":{\"@type\":\"EntryPoint\",\"urlTemplate\":\"https:\\\/\\\/www.audox.cl\\\/sugarcrm\\\/?s={search_term_string}\"},\"query-input\":{\"@type\":\"PropertyValueSpecification\",\"valueRequired\":true,\"valueName\":\"search_term_string\"}}],\"inLanguage\":\"es\"}]}<\/script>\n<!-- \/ Yoast SEO plugin. -->","yoast_head_json":{"title":"Marketing - SugarCRM Expertos","description":"Implementaci\u00f3n, Capacitaci\u00f3n y Soporte Especializado para SugarCRM en Chile. Potencia SugarCRM con nuestros Expertos. Ll\u00e1manos!","robots":{"index":"index","follow":"follow","max-snippet":"max-snippet:-1","max-image-preview":"max-image-preview:large","max-video-preview":"max-video-preview:-1"},"canonical":"https:\/\/www.audox.cl\/sugarcrm\/marketing\/","og_locale":"es_ES","og_type":"article","og_title":"Marketing - SugarCRM Expertos","og_description":"Implementaci\u00f3n, Capacitaci\u00f3n y Soporte Especializado para SugarCRM en Chile. Potencia SugarCRM con nuestros Expertos. Ll\u00e1manos!","og_url":"https:\/\/www.audox.cl\/sugarcrm\/marketing\/","og_site_name":"SugarCRM Expertos","twitter_card":"summary_large_image","twitter_misc":{"Tiempo de lectura":"1 minuto"},"schema":{"@context":"https:\/\/schema.org","@graph":[{"@type":"WebPage","@id":"https:\/\/www.audox.cl\/sugarcrm\/marketing\/","url":"https:\/\/www.audox.cl\/sugarcrm\/marketing\/","name":"Marketing - SugarCRM Expertos","isPartOf":{"@id":"https:\/\/www.audox.cl\/sugarcrm\/#website"},"datePublished":"2020-05-31T01:49:20+00:00","description":"Implementaci\u00f3n, Capacitaci\u00f3n y Soporte Especializado para SugarCRM en Chile. Potencia SugarCRM con nuestros Expertos. Ll\u00e1manos!","breadcrumb":{"@id":"https:\/\/www.audox.cl\/sugarcrm\/marketing\/#breadcrumb"},"inLanguage":"es","potentialAction":[{"@type":"ReadAction","target":["https:\/\/www.audox.cl\/sugarcrm\/marketing\/"]}]},{"@type":"BreadcrumbList","@id":"https:\/\/www.audox.cl\/sugarcrm\/marketing\/#breadcrumb","itemListElement":[{"@type":"ListItem","position":1,"name":"Portada","item":"https:\/\/www.audox.cl\/sugarcrm\/"},{"@type":"ListItem","position":2,"name":"Marketing"}]},{"@type":"WebSite","@id":"https:\/\/www.audox.cl\/sugarcrm\/#website","url":"https:\/\/www.audox.cl\/sugarcrm\/","name":"SugarCRM Expertos","description":"Implementaci\u00f3n, Capacitaci\u00f3n y Soporte para SugarCRM en Chile","potentialAction":[{"@type":"SearchAction","target":{"@type":"EntryPoint","urlTemplate":"https:\/\/www.audox.cl\/sugarcrm\/?s={search_term_string}"},"query-input":{"@type":"PropertyValueSpecification","valueRequired":true,"valueName":"search_term_string"}}],"inLanguage":"es"}]}},"_links":{"self":[{"href":"https:\/\/www.audox.cl\/sugarcrm\/wp-json\/wp\/v2\/pages\/25","targetHints":{"allow":["GET"]}}],"collection":[{"href":"https:\/\/www.audox.cl\/sugarcrm\/wp-json\/wp\/v2\/pages"}],"about":[{"href":"https:\/\/www.audox.cl\/sugarcrm\/wp-json\/wp\/v2\/types\/page"}],"author":[{"embeddable":true,"href":"https:\/\/www.audox.cl\/sugarcrm\/wp-json\/wp\/v2\/users\/3"}],"replies":[{"embeddable":true,"href":"https:\/\/www.audox.cl\/sugarcrm\/wp-json\/wp\/v2\/comments?post=25"}],"version-history":[{"count":1,"href":"https:\/\/www.audox.cl\/sugarcrm\/wp-json\/wp\/v2\/pages\/25\/revisions"}],"predecessor-version":[{"id":26,"href":"https:\/\/www.audox.cl\/sugarcrm\/wp-json\/wp\/v2\/pages\/25\/revisions\/26"}],"wp:attachment":[{"href":"https:\/\/www.audox.cl\/sugarcrm\/wp-json\/wp\/v2\/media?parent=25"}],"curies":[{"name":"wp","href":"https:\/\/api.w.org\/{rel}","templated":true}]}}