{"id":31,"date":"2020-05-31T01:51:48","date_gmt":"2020-05-31T01:51:48","guid":{"rendered":"https:\/\/www.audox.cl\/sugarcrm\/?page_id=31"},"modified":"2020-05-31T01:52:20","modified_gmt":"2020-05-31T01:52:20","slug":"soporte","status":"publish","type":"page","link":"https:\/\/www.audox.cl\/sugarcrm\/soporte\/","title":{"rendered":"Capacitaci\u00f3n"},"content":{"rendered":"\n<h1 class=\"wp-block-heading\">Capacitaci\u00f3n para SugarCRM<\/h1>\n\n\n\n<p>Todo lo que necesitas para ser un experto en SugaCRM.<\/p>\n\n\n\n<ul class=\"wp-block-list\"><li>Curso Nivel Usuario<\/li><li>Curso Nivel Administrador<\/li><\/ul>\n\n\n\n<p>Contamos con c\u00f3digo SENCE.<\/p>\n\n\n\n<h2 class=\"wp-block-heading\">Curso Nivel Usuario<\/h2>\n\n\n\n<ul class=\"wp-block-list\"><li>Introducci\u00f3n a SugarCRM<\/li><li>Cuentas<\/li><li>Contactos<\/li><li>Clientes potenciales<\/li><li>Actividades (Llamadas, reuniones, tareas, notas, correo electr\u00f3nico, documentos)<\/li><li>Oportunidades<\/li><li>Casos<\/li><\/ul>\n\n\n\n<h2 class=\"wp-block-heading\">Curso Nivel Administrador<\/h2>\n\n\n\n<ul class=\"wp-block-list\"><li>Introducci\u00f3n a la administraci\u00f3n<\/li><li>Usuarios, roles y equipos<\/li><li>Sugar Studio y Module Builder<\/li><li>Configuraci\u00f3n de correos electr\u00f3nicos<\/li><li>Configuraci\u00f3n de Workflows<\/li><li>Importaci\u00f3n y Exportaci\u00f3n<\/li><li>Reportes<\/li><\/ul>\n","protected":false},"excerpt":{"rendered":"<p>Capacitaci\u00f3n para SugarCRM Todo lo que necesitas para ser un experto en SugaCRM. Curso Nivel Usuario Curso Nivel Administrador Contamos con c\u00f3digo SENCE. Curso Nivel Usuario Introducci\u00f3n a SugarCRM Cuentas Contactos Clientes potenciales Actividades (Llamadas, reuniones, tareas, notas, correo electr\u00f3nico, &hellip;<\/p>\n<p class=\"read-more\"> <a class=\"more-link\" href=\"https:\/\/www.audox.cl\/sugarcrm\/soporte\/\"> <span class=\"screen-reader-text\">Capacitaci\u00f3n<\/span> Leer m\u00e1s \u00bb<\/a><\/p>\n","protected":false},"author":3,"featured_media":0,"parent":0,"menu_order":0,"comment_status":"closed","ping_status":"closed","template":"","meta":{"om_disable_all_campaigns":false,"inline_featured_image":false,"_monsterinsights_skip_tracking":false,"_monsterinsights_sitenote_active":false,"_monsterinsights_sitenote_note":"","_monsterinsights_sitenote_category":0,"footnotes":""},"class_list":["post-31","page","type-page","status-publish","hentry"],"yoast_head":"<!-- This site is optimized with the Yoast SEO plugin v27.6 - https:\/\/yoast.com\/product\/yoast-seo-wordpress\/ -->\n<title>Capacitaci\u00f3n - SugarCRM Expertos<\/title>\n<meta name=\"description\" content=\"Implementaci\u00f3n, Capacitaci\u00f3n y Soporte Especializado para SugarCRM en Chile. Potencia SugarCRM con nuestros Expertos. Ll\u00e1manos!\" \/>\n<meta name=\"robots\" content=\"index, follow, max-snippet:-1, max-image-preview:large, max-video-preview:-1\" \/>\n<link rel=\"canonical\" href=\"https:\/\/www.audox.cl\/sugarcrm\/soporte\/\" \/>\n<meta property=\"og:locale\" content=\"es_ES\" \/>\n<meta property=\"og:type\" content=\"article\" \/>\n<meta property=\"og:title\" content=\"Capacitaci\u00f3n - SugarCRM Expertos\" \/>\n<meta property=\"og:description\" content=\"Implementaci\u00f3n, Capacitaci\u00f3n y Soporte Especializado para SugarCRM en Chile. Potencia SugarCRM con nuestros Expertos. Ll\u00e1manos!\" \/>\n<meta property=\"og:url\" content=\"https:\/\/www.audox.cl\/sugarcrm\/soporte\/\" \/>\n<meta property=\"og:site_name\" content=\"SugarCRM Expertos\" \/>\n<meta property=\"article:modified_time\" content=\"2020-05-31T01:52:20+00:00\" \/>\n<meta name=\"twitter:card\" content=\"summary_large_image\" \/>\n<script type=\"application\/ld+json\" class=\"yoast-schema-graph\">{\"@context\":\"https:\\\/\\\/schema.org\",\"@graph\":[{\"@type\":\"WebPage\",\"@id\":\"https:\\\/\\\/www.audox.cl\\\/sugarcrm\\\/soporte\\\/\",\"url\":\"https:\\\/\\\/www.audox.cl\\\/sugarcrm\\\/soporte\\\/\",\"name\":\"Capacitaci\u00f3n - SugarCRM Expertos\",\"isPartOf\":{\"@id\":\"https:\\\/\\\/www.audox.cl\\\/sugarcrm\\\/#website\"},\"datePublished\":\"2020-05-31T01:51:48+00:00\",\"dateModified\":\"2020-05-31T01:52:20+00:00\",\"description\":\"Implementaci\u00f3n, Capacitaci\u00f3n y Soporte Especializado para SugarCRM en Chile. Potencia SugarCRM con nuestros Expertos. Ll\u00e1manos!\",\"breadcrumb\":{\"@id\":\"https:\\\/\\\/www.audox.cl\\\/sugarcrm\\\/soporte\\\/#breadcrumb\"},\"inLanguage\":\"es\",\"potentialAction\":[{\"@type\":\"ReadAction\",\"target\":[\"https:\\\/\\\/www.audox.cl\\\/sugarcrm\\\/soporte\\\/\"]}]},{\"@type\":\"BreadcrumbList\",\"@id\":\"https:\\\/\\\/www.audox.cl\\\/sugarcrm\\\/soporte\\\/#breadcrumb\",\"itemListElement\":[{\"@type\":\"ListItem\",\"position\":1,\"name\":\"Portada\",\"item\":\"https:\\\/\\\/www.audox.cl\\\/sugarcrm\\\/\"},{\"@type\":\"ListItem\",\"position\":2,\"name\":\"Capacitaci\u00f3n\"}]},{\"@type\":\"WebSite\",\"@id\":\"https:\\\/\\\/www.audox.cl\\\/sugarcrm\\\/#website\",\"url\":\"https:\\\/\\\/www.audox.cl\\\/sugarcrm\\\/\",\"name\":\"SugarCRM Expertos\",\"description\":\"Implementaci\u00f3n, Capacitaci\u00f3n y Soporte para SugarCRM en Chile\",\"potentialAction\":[{\"@type\":\"SearchAction\",\"target\":{\"@type\":\"EntryPoint\",\"urlTemplate\":\"https:\\\/\\\/www.audox.cl\\\/sugarcrm\\\/?s={search_term_string}\"},\"query-input\":{\"@type\":\"PropertyValueSpecification\",\"valueRequired\":true,\"valueName\":\"search_term_string\"}}],\"inLanguage\":\"es\"}]}<\/script>\n<!-- \/ Yoast SEO plugin. -->","yoast_head_json":{"title":"Capacitaci\u00f3n - SugarCRM Expertos","description":"Implementaci\u00f3n, Capacitaci\u00f3n y Soporte Especializado para SugarCRM en Chile. Potencia SugarCRM con nuestros Expertos. Ll\u00e1manos!","robots":{"index":"index","follow":"follow","max-snippet":"max-snippet:-1","max-image-preview":"max-image-preview:large","max-video-preview":"max-video-preview:-1"},"canonical":"https:\/\/www.audox.cl\/sugarcrm\/soporte\/","og_locale":"es_ES","og_type":"article","og_title":"Capacitaci\u00f3n - SugarCRM Expertos","og_description":"Implementaci\u00f3n, Capacitaci\u00f3n y Soporte Especializado para SugarCRM en Chile. Potencia SugarCRM con nuestros Expertos. Ll\u00e1manos!","og_url":"https:\/\/www.audox.cl\/sugarcrm\/soporte\/","og_site_name":"SugarCRM Expertos","article_modified_time":"2020-05-31T01:52:20+00:00","twitter_card":"summary_large_image","schema":{"@context":"https:\/\/schema.org","@graph":[{"@type":"WebPage","@id":"https:\/\/www.audox.cl\/sugarcrm\/soporte\/","url":"https:\/\/www.audox.cl\/sugarcrm\/soporte\/","name":"Capacitaci\u00f3n - SugarCRM Expertos","isPartOf":{"@id":"https:\/\/www.audox.cl\/sugarcrm\/#website"},"datePublished":"2020-05-31T01:51:48+00:00","dateModified":"2020-05-31T01:52:20+00:00","description":"Implementaci\u00f3n, Capacitaci\u00f3n y Soporte Especializado para SugarCRM en Chile. Potencia SugarCRM con nuestros Expertos. Ll\u00e1manos!","breadcrumb":{"@id":"https:\/\/www.audox.cl\/sugarcrm\/soporte\/#breadcrumb"},"inLanguage":"es","potentialAction":[{"@type":"ReadAction","target":["https:\/\/www.audox.cl\/sugarcrm\/soporte\/"]}]},{"@type":"BreadcrumbList","@id":"https:\/\/www.audox.cl\/sugarcrm\/soporte\/#breadcrumb","itemListElement":[{"@type":"ListItem","position":1,"name":"Portada","item":"https:\/\/www.audox.cl\/sugarcrm\/"},{"@type":"ListItem","position":2,"name":"Capacitaci\u00f3n"}]},{"@type":"WebSite","@id":"https:\/\/www.audox.cl\/sugarcrm\/#website","url":"https:\/\/www.audox.cl\/sugarcrm\/","name":"SugarCRM Expertos","description":"Implementaci\u00f3n, Capacitaci\u00f3n y Soporte para SugarCRM en Chile","potentialAction":[{"@type":"SearchAction","target":{"@type":"EntryPoint","urlTemplate":"https:\/\/www.audox.cl\/sugarcrm\/?s={search_term_string}"},"query-input":{"@type":"PropertyValueSpecification","valueRequired":true,"valueName":"search_term_string"}}],"inLanguage":"es"}]}},"_links":{"self":[{"href":"https:\/\/www.audox.cl\/sugarcrm\/wp-json\/wp\/v2\/pages\/31","targetHints":{"allow":["GET"]}}],"collection":[{"href":"https:\/\/www.audox.cl\/sugarcrm\/wp-json\/wp\/v2\/pages"}],"about":[{"href":"https:\/\/www.audox.cl\/sugarcrm\/wp-json\/wp\/v2\/types\/page"}],"author":[{"embeddable":true,"href":"https:\/\/www.audox.cl\/sugarcrm\/wp-json\/wp\/v2\/users\/3"}],"replies":[{"embeddable":true,"href":"https:\/\/www.audox.cl\/sugarcrm\/wp-json\/wp\/v2\/comments?post=31"}],"version-history":[{"count":2,"href":"https:\/\/www.audox.cl\/sugarcrm\/wp-json\/wp\/v2\/pages\/31\/revisions"}],"predecessor-version":[{"id":33,"href":"https:\/\/www.audox.cl\/sugarcrm\/wp-json\/wp\/v2\/pages\/31\/revisions\/33"}],"wp:attachment":[{"href":"https:\/\/www.audox.cl\/sugarcrm\/wp-json\/wp\/v2\/media?parent=31"}],"curies":[{"name":"wp","href":"https:\/\/api.w.org\/{rel}","templated":true}]}}