{"id":34,"date":"2020-05-31T01:52:51","date_gmt":"2020-05-31T01:52:51","guid":{"rendered":"https:\/\/www.audox.cl\/sugarcrm\/?page_id=34"},"modified":"2020-05-31T01:52:51","modified_gmt":"2020-05-31T01:52:51","slug":"soporte-2","status":"publish","type":"page","link":"https:\/\/www.audox.cl\/sugarcrm\/soporte-2\/","title":{"rendered":"Soporte"},"content":{"rendered":"\n<h1 class=\"wp-block-heading\">Soporte para SugarCRM<\/h1>\n\n\n\n<p>El \u00e9xito de tu negocio es muy importante para nosotros, por lo que contamos con ingenieros calificados para ayudarte a ti y a tus usuarios cuando nos necesiten.<\/p>\n\n\n\n<p>Nuestros servicios de soporte incluyen:<\/p>\n\n\n\n<ul class=\"wp-block-list\"><li>Creaci\u00f3n y Personalizaci\u00f3n de Reports y Dashboards<\/li><li>Integraci\u00f3n con otras aplicaciones (eCommerce, ERP\u2019s, etc)<\/li><li>Desarrollos<\/li><li>Capacitaci\u00f3n de nuevos usuarios<\/li><li>Consultas puntuales<\/li><li>\u2026 y cualquier otro tipo de requerimientos que tengas<\/li><\/ul>\n","protected":false},"excerpt":{"rendered":"<p>Soporte para SugarCRM El \u00e9xito de tu negocio es muy importante para nosotros, por lo que contamos con ingenieros calificados para ayudarte a ti y a tus usuarios cuando nos necesiten. Nuestros servicios de soporte incluyen: Creaci\u00f3n y Personalizaci\u00f3n de &hellip;<\/p>\n<p class=\"read-more\"> <a class=\"more-link\" href=\"https:\/\/www.audox.cl\/sugarcrm\/soporte-2\/\"> <span class=\"screen-reader-text\">Soporte<\/span> Leer m\u00e1s \u00bb<\/a><\/p>\n","protected":false},"author":3,"featured_media":0,"parent":0,"menu_order":0,"comment_status":"closed","ping_status":"closed","template":"","meta":{"om_disable_all_campaigns":false,"inline_featured_image":false,"_monsterinsights_skip_tracking":false,"_monsterinsights_sitenote_active":false,"_monsterinsights_sitenote_note":"","_monsterinsights_sitenote_category":0,"footnotes":""},"class_list":["post-34","page","type-page","status-publish","hentry"],"yoast_head":"<!-- This site is optimized with the Yoast SEO plugin v27.6 - https:\/\/yoast.com\/product\/yoast-seo-wordpress\/ -->\n<title>Soporte - SugarCRM Expertos<\/title>\n<meta name=\"description\" content=\"Implementaci\u00f3n, Capacitaci\u00f3n y Soporte Especializado para SugarCRM en Chile. Potencia SugarCRM con nuestros Expertos. Ll\u00e1manos!\" \/>\n<meta name=\"robots\" content=\"index, follow, max-snippet:-1, max-image-preview:large, max-video-preview:-1\" \/>\n<link rel=\"canonical\" href=\"https:\/\/www.audox.cl\/sugarcrm\/soporte-2\/\" \/>\n<meta property=\"og:locale\" content=\"es_ES\" \/>\n<meta property=\"og:type\" content=\"article\" \/>\n<meta property=\"og:title\" content=\"Soporte - SugarCRM Expertos\" \/>\n<meta property=\"og:description\" content=\"Implementaci\u00f3n, Capacitaci\u00f3n y Soporte Especializado para SugarCRM en Chile. Potencia SugarCRM con nuestros Expertos. Ll\u00e1manos!\" \/>\n<meta property=\"og:url\" content=\"https:\/\/www.audox.cl\/sugarcrm\/soporte-2\/\" \/>\n<meta property=\"og:site_name\" content=\"SugarCRM Expertos\" \/>\n<meta name=\"twitter:card\" content=\"summary_large_image\" \/>\n<script type=\"application\/ld+json\" class=\"yoast-schema-graph\">{\"@context\":\"https:\\\/\\\/schema.org\",\"@graph\":[{\"@type\":\"WebPage\",\"@id\":\"https:\\\/\\\/www.audox.cl\\\/sugarcrm\\\/soporte-2\\\/\",\"url\":\"https:\\\/\\\/www.audox.cl\\\/sugarcrm\\\/soporte-2\\\/\",\"name\":\"Soporte - SugarCRM Expertos\",\"isPartOf\":{\"@id\":\"https:\\\/\\\/www.audox.cl\\\/sugarcrm\\\/#website\"},\"datePublished\":\"2020-05-31T01:52:51+00:00\",\"description\":\"Implementaci\u00f3n, Capacitaci\u00f3n y Soporte Especializado para SugarCRM en Chile. Potencia SugarCRM con nuestros Expertos. Ll\u00e1manos!\",\"breadcrumb\":{\"@id\":\"https:\\\/\\\/www.audox.cl\\\/sugarcrm\\\/soporte-2\\\/#breadcrumb\"},\"inLanguage\":\"es\",\"potentialAction\":[{\"@type\":\"ReadAction\",\"target\":[\"https:\\\/\\\/www.audox.cl\\\/sugarcrm\\\/soporte-2\\\/\"]}]},{\"@type\":\"BreadcrumbList\",\"@id\":\"https:\\\/\\\/www.audox.cl\\\/sugarcrm\\\/soporte-2\\\/#breadcrumb\",\"itemListElement\":[{\"@type\":\"ListItem\",\"position\":1,\"name\":\"Portada\",\"item\":\"https:\\\/\\\/www.audox.cl\\\/sugarcrm\\\/\"},{\"@type\":\"ListItem\",\"position\":2,\"name\":\"Soporte\"}]},{\"@type\":\"WebSite\",\"@id\":\"https:\\\/\\\/www.audox.cl\\\/sugarcrm\\\/#website\",\"url\":\"https:\\\/\\\/www.audox.cl\\\/sugarcrm\\\/\",\"name\":\"SugarCRM Expertos\",\"description\":\"Implementaci\u00f3n, Capacitaci\u00f3n y Soporte para SugarCRM en Chile\",\"potentialAction\":[{\"@type\":\"SearchAction\",\"target\":{\"@type\":\"EntryPoint\",\"urlTemplate\":\"https:\\\/\\\/www.audox.cl\\\/sugarcrm\\\/?s={search_term_string}\"},\"query-input\":{\"@type\":\"PropertyValueSpecification\",\"valueRequired\":true,\"valueName\":\"search_term_string\"}}],\"inLanguage\":\"es\"}]}<\/script>\n<!-- \/ Yoast SEO plugin. -->","yoast_head_json":{"title":"Soporte - SugarCRM Expertos","description":"Implementaci\u00f3n, Capacitaci\u00f3n y Soporte Especializado para SugarCRM en Chile. Potencia SugarCRM con nuestros Expertos. Ll\u00e1manos!","robots":{"index":"index","follow":"follow","max-snippet":"max-snippet:-1","max-image-preview":"max-image-preview:large","max-video-preview":"max-video-preview:-1"},"canonical":"https:\/\/www.audox.cl\/sugarcrm\/soporte-2\/","og_locale":"es_ES","og_type":"article","og_title":"Soporte - SugarCRM Expertos","og_description":"Implementaci\u00f3n, Capacitaci\u00f3n y Soporte Especializado para SugarCRM en Chile. Potencia SugarCRM con nuestros Expertos. Ll\u00e1manos!","og_url":"https:\/\/www.audox.cl\/sugarcrm\/soporte-2\/","og_site_name":"SugarCRM Expertos","twitter_card":"summary_large_image","schema":{"@context":"https:\/\/schema.org","@graph":[{"@type":"WebPage","@id":"https:\/\/www.audox.cl\/sugarcrm\/soporte-2\/","url":"https:\/\/www.audox.cl\/sugarcrm\/soporte-2\/","name":"Soporte - SugarCRM Expertos","isPartOf":{"@id":"https:\/\/www.audox.cl\/sugarcrm\/#website"},"datePublished":"2020-05-31T01:52:51+00:00","description":"Implementaci\u00f3n, Capacitaci\u00f3n y Soporte Especializado para SugarCRM en Chile. Potencia SugarCRM con nuestros Expertos. Ll\u00e1manos!","breadcrumb":{"@id":"https:\/\/www.audox.cl\/sugarcrm\/soporte-2\/#breadcrumb"},"inLanguage":"es","potentialAction":[{"@type":"ReadAction","target":["https:\/\/www.audox.cl\/sugarcrm\/soporte-2\/"]}]},{"@type":"BreadcrumbList","@id":"https:\/\/www.audox.cl\/sugarcrm\/soporte-2\/#breadcrumb","itemListElement":[{"@type":"ListItem","position":1,"name":"Portada","item":"https:\/\/www.audox.cl\/sugarcrm\/"},{"@type":"ListItem","position":2,"name":"Soporte"}]},{"@type":"WebSite","@id":"https:\/\/www.audox.cl\/sugarcrm\/#website","url":"https:\/\/www.audox.cl\/sugarcrm\/","name":"SugarCRM Expertos","description":"Implementaci\u00f3n, Capacitaci\u00f3n y Soporte para SugarCRM en Chile","potentialAction":[{"@type":"SearchAction","target":{"@type":"EntryPoint","urlTemplate":"https:\/\/www.audox.cl\/sugarcrm\/?s={search_term_string}"},"query-input":{"@type":"PropertyValueSpecification","valueRequired":true,"valueName":"search_term_string"}}],"inLanguage":"es"}]}},"_links":{"self":[{"href":"https:\/\/www.audox.cl\/sugarcrm\/wp-json\/wp\/v2\/pages\/34","targetHints":{"allow":["GET"]}}],"collection":[{"href":"https:\/\/www.audox.cl\/sugarcrm\/wp-json\/wp\/v2\/pages"}],"about":[{"href":"https:\/\/www.audox.cl\/sugarcrm\/wp-json\/wp\/v2\/types\/page"}],"author":[{"embeddable":true,"href":"https:\/\/www.audox.cl\/sugarcrm\/wp-json\/wp\/v2\/users\/3"}],"replies":[{"embeddable":true,"href":"https:\/\/www.audox.cl\/sugarcrm\/wp-json\/wp\/v2\/comments?post=34"}],"version-history":[{"count":1,"href":"https:\/\/www.audox.cl\/sugarcrm\/wp-json\/wp\/v2\/pages\/34\/revisions"}],"predecessor-version":[{"id":35,"href":"https:\/\/www.audox.cl\/sugarcrm\/wp-json\/wp\/v2\/pages\/34\/revisions\/35"}],"wp:attachment":[{"href":"https:\/\/www.audox.cl\/sugarcrm\/wp-json\/wp\/v2\/media?parent=34"}],"curies":[{"name":"wp","href":"https:\/\/api.w.org\/{rel}","templated":true}]}}