{"id":19,"date":"2020-07-25T02:55:16","date_gmt":"2020-07-25T02:55:16","guid":{"rendered":"https:\/\/www.audox.cl\/surveymonkey\/?page_id=19"},"modified":"2020-07-27T21:51:46","modified_gmt":"2020-07-27T21:51:46","slug":"servicios-surveymonkey","status":"publish","type":"page","link":"https:\/\/www.audox.cl\/surveymonkey\/servicios-surveymonkey\/","title":{"rendered":"Servicios"},"content":{"rendered":"\n<p>Nuestros servicios para <strong>SurveyMonkey<\/strong> consisten en:<\/p>\n\n\n\n<ul class=\"wp-block-list\"><li>Implementaci\u00f3n<\/li><li>Capacitaci\u00f3n<\/li><li>Soporte<\/li><\/ul>\n\n\n\n<figure class=\"wp-block-image size-large\"><img loading=\"lazy\" decoding=\"async\" width=\"1024\" height=\"639\" src=\"https:\/\/www.audox.cl\/surveymonkey\/wp-content\/uploads\/sites\/65\/2020\/07\/image-1024x639.png\" alt=\"SurveyMonkey\" class=\"wp-image-24\" srcset=\"https:\/\/www.audox.cl\/surveymonkey\/wp-content\/uploads\/sites\/65\/2020\/07\/image-1024x639.png 1024w, https:\/\/www.audox.cl\/surveymonkey\/wp-content\/uploads\/sites\/65\/2020\/07\/image-300x187.png 300w, https:\/\/www.audox.cl\/surveymonkey\/wp-content\/uploads\/sites\/65\/2020\/07\/image-768x479.png 768w, https:\/\/www.audox.cl\/surveymonkey\/wp-content\/uploads\/sites\/65\/2020\/07\/image-100x62.png 100w, https:\/\/www.audox.cl\/surveymonkey\/wp-content\/uploads\/sites\/65\/2020\/07\/image-150x94.png 150w, https:\/\/www.audox.cl\/surveymonkey\/wp-content\/uploads\/sites\/65\/2020\/07\/image-200x125.png 200w, https:\/\/www.audox.cl\/surveymonkey\/wp-content\/uploads\/sites\/65\/2020\/07\/image-450x281.png 450w, https:\/\/www.audox.cl\/surveymonkey\/wp-content\/uploads\/sites\/65\/2020\/07\/image-600x374.png 600w, https:\/\/www.audox.cl\/surveymonkey\/wp-content\/uploads\/sites\/65\/2020\/07\/image-900x561.png 900w, https:\/\/www.audox.cl\/surveymonkey\/wp-content\/uploads\/sites\/65\/2020\/07\/image.png 1044w\" sizes=\"auto, (max-width: 1024px) 100vw, 1024px\" \/><\/figure>\n\n\n\n<h2 class=\"wp-block-heading\">\u00bfPor qu\u00e9 usar\u00edas SurveyMonkey?<\/h2>\n\n\n\n<p>Las encuestas son importantes para recopilar comentarios, opiniones, cr\u00edticas y sugerencias del p\u00fablico en general y de los clientes.<\/p>\n\n\n\n<p>En el pasado, las encuestas normalmente se imprim\u00edan y se pasaban a las personas para que las completaran. Con la introducci\u00f3n de encuestas en l\u00ednea, la recopilaci\u00f3n de comentarios se hizo muy f\u00e1cil ya que se elimin\u00f3 el elemento manual del proceso de recopilaci\u00f3n.<\/p>\n\n\n\n<p>Hay varios competidores en el espacio de encuestas en l\u00ednea, pero SurveyMonkey es quiz\u00e1s el m\u00e1s conocido y el m\u00e1s utilizado. SurveyMonkey est\u00e1 a la par con los est\u00e1ndares de la industria, pero agrega muchas otras caracter\u00edsticas que hacen que la recopilaci\u00f3n y el an\u00e1lisis de datos sean extremadamente simples.<\/p>\n\n\n\n<h2 class=\"wp-block-heading\">Caracteristicas<\/h2>\n\n\n\n<p>SurveyMonkey presenta todas las herramientas necesarias para que pueda crear encuestas s\u00f3lidas y profesionales f\u00e1cilmente.<\/p>\n\n\n\n<p>La funci\u00f3n exacta depende de cu\u00e1l de los cuatro planes de precios que elija. Sin embargo, si reci\u00e9n est\u00e1 comenzando con herramientas de encuestas en l\u00ednea y est\u00e1 tratando de descubrir cu\u00e1l es la mejor, puede optar por el plan de precios gratuito que le brinda acceso a las herramientas b\u00e1sicas necesarias para crear encuestas excelentes.<\/p>\n\n\n\n<h2 class=\"wp-block-heading\">Opciones de dise\u00f1o<\/h2>\n\n\n\n<p>El plan b\u00e1sico le permite tener solo 10 preguntas por encuesta con un m\u00e1ximo de 100 respuestas por encuesta (puede tener un n\u00famero ilimitado de preguntas y respuestas por encuesta en los planes premium).<\/p>\n\n\n\n<p>Usando la interfaz web, puede elegir entre 31 plantillas de encuesta (o 51 en premium) y 15 tipos de preguntas.<\/p>\n\n\n\n<p>Las preguntas que puede agregar a su encuesta abarcan tres categor\u00edas: cerrada, abierta y descriptiva.<\/p>\n\n\n\n<p>Puede tener una sola respuesta, opci\u00f3n m\u00faltiple con m\u00faltiples respuestas, escala de calificaci\u00f3n y 3 preguntas de tipo matriz en la categor\u00eda cerrada. Un cuadro de texto \u00fanico, varios cuadros de texto, cuadro de ensayo, cuadros de texto num\u00e9ricos, detalles demogr\u00e1ficos y opciones de cuadro de fecha \/ hora se pueden elegir entre las preguntas abiertas. Esto es m\u00e1s que suficiente para crear encuestas profesionales de alta calidad para sus usuarios.<\/p>\n\n\n\n<h2 class=\"wp-block-heading\">Servicios para SurveyMonkey con Audox<\/h2>\n\n\n\n<p>En Audox&nbsp;<a href=\"https:\/\/www.youtube.com\/watch?v=fCnHr0wm9gU&amp;t=689s\">somos expertos<\/a>&nbsp;en implementaci\u00f3n, soporte y capacitaci\u00f3n para empresas peque\u00f1as, medianas y grandes como resultado de nuestra amplia experiencia de m\u00e1s de una d\u00e9cada en el \u00e1rea de la tecnolog\u00eda e ingenier\u00eda.<\/p>\n\n\n\n<p>Es por ello que nuestro equipo de especialistas est\u00e1 listo para ayudarte a solventar tus problemas y dar respuesta a tus necesidades.<\/p>\n\n\n\n<p><a href=\"https:\/\/www.audox.cl\/surveymonkey\/contacto\/\">\u00a1Cont\u00e1ctanos!<\/a><\/p>\n","protected":false},"excerpt":{"rendered":"<p>Nuestros servicios para SurveyMonkey consisten en: Implementaci\u00f3n Capacitaci\u00f3n Soporte \u00bfPor qu\u00e9 usar\u00edas SurveyMonkey? Las encuestas son importantes para recopilar comentarios, opiniones, cr\u00edticas y sugerencias del p\u00fablico en general y de los clientes. En el pasado, las encuestas normalmente se imprim\u00edan &hellip;<\/p>\n<p class=\"read-more\"> <a class=\"more-link\" href=\"https:\/\/www.audox.cl\/surveymonkey\/servicios-surveymonkey\/\"> <span class=\"screen-reader-text\">Servicios<\/span> Leer m\u00e1s \u00bb<\/a><\/p>\n","protected":false},"author":1,"featured_media":0,"parent":0,"menu_order":1,"comment_status":"closed","ping_status":"closed","template":"","meta":{"om_disable_all_campaigns":false,"inline_featured_image":false,"_monsterinsights_skip_tracking":false,"_monsterinsights_sitenote_active":false,"_monsterinsights_sitenote_note":"","_monsterinsights_sitenote_category":0,"footnotes":""},"class_list":["post-19","page","type-page","status-publish","hentry"],"yoast_head":"<!-- This site is optimized with the Yoast SEO plugin v27.3 - https:\/\/yoast.com\/product\/yoast-seo-wordpress\/ -->\n<title>Servicios SurveyMonkey - Expertos Especializados en Audox<\/title>\n<meta name=\"description\" content=\"Implementaci\u00f3n, Capacitaci\u00f3n, Soporte Especializado y otros Servicios para SurveyMonkey. Todo lo que necesitas para potenciar tu empresa.\" \/>\n<meta name=\"robots\" content=\"index, follow, max-snippet:-1, max-image-preview:large, max-video-preview:-1\" \/>\n<link rel=\"canonical\" href=\"https:\/\/www.audox.cl\/surveymonkey\/servicios-surveymonkey\/\" \/>\n<meta property=\"og:locale\" content=\"es_ES\" \/>\n<meta property=\"og:type\" content=\"article\" \/>\n<meta property=\"og:title\" content=\"Servicios SurveyMonkey - Expertos Especializados en Audox\" \/>\n<meta property=\"og:description\" content=\"Implementaci\u00f3n, Capacitaci\u00f3n, Soporte Especializado y otros Servicios para SurveyMonkey. Todo lo que necesitas para potenciar tu empresa.\" \/>\n<meta property=\"og:url\" content=\"https:\/\/www.audox.cl\/surveymonkey\/servicios-surveymonkey\/\" \/>\n<meta property=\"og:site_name\" content=\"Survey Monkey Expertos\" \/>\n<meta property=\"article:modified_time\" content=\"2020-07-27T21:51:46+00:00\" \/>\n<meta property=\"og:image\" content=\"https:\/\/www.audox.cl\/surveymonkey\/wp-content\/uploads\/sites\/65\/2020\/07\/image-1024x639.png\" \/>\n<meta name=\"twitter:card\" content=\"summary_large_image\" \/>\n<meta name=\"twitter:label1\" content=\"Tiempo de lectura\" \/>\n\t<meta name=\"twitter:data1\" content=\"2 minutos\" \/>\n<script type=\"application\/ld+json\" class=\"yoast-schema-graph\">{\"@context\":\"https:\\\/\\\/schema.org\",\"@graph\":[{\"@type\":\"WebPage\",\"@id\":\"https:\\\/\\\/www.audox.cl\\\/surveymonkey\\\/servicios-surveymonkey\\\/\",\"url\":\"https:\\\/\\\/www.audox.cl\\\/surveymonkey\\\/servicios-surveymonkey\\\/\",\"name\":\"Servicios SurveyMonkey - Expertos Especializados en Audox\",\"isPartOf\":{\"@id\":\"https:\\\/\\\/www.audox.cl\\\/surveymonkey\\\/#website\"},\"primaryImageOfPage\":{\"@id\":\"https:\\\/\\\/www.audox.cl\\\/surveymonkey\\\/servicios-surveymonkey\\\/#primaryimage\"},\"image\":{\"@id\":\"https:\\\/\\\/www.audox.cl\\\/surveymonkey\\\/servicios-surveymonkey\\\/#primaryimage\"},\"thumbnailUrl\":\"https:\\\/\\\/www.audox.cl\\\/surveymonkey\\\/wp-content\\\/uploads\\\/sites\\\/65\\\/2020\\\/07\\\/image-1024x639.png\",\"datePublished\":\"2020-07-25T02:55:16+00:00\",\"dateModified\":\"2020-07-27T21:51:46+00:00\",\"description\":\"Implementaci\u00f3n, Capacitaci\u00f3n, Soporte Especializado y otros Servicios para SurveyMonkey. Todo lo que necesitas para potenciar tu empresa.\",\"breadcrumb\":{\"@id\":\"https:\\\/\\\/www.audox.cl\\\/surveymonkey\\\/servicios-surveymonkey\\\/#breadcrumb\"},\"inLanguage\":\"es\",\"potentialAction\":[{\"@type\":\"ReadAction\",\"target\":[\"https:\\\/\\\/www.audox.cl\\\/surveymonkey\\\/servicios-surveymonkey\\\/\"]}]},{\"@type\":\"ImageObject\",\"inLanguage\":\"es\",\"@id\":\"https:\\\/\\\/www.audox.cl\\\/surveymonkey\\\/servicios-surveymonkey\\\/#primaryimage\",\"url\":\"https:\\\/\\\/www.audox.cl\\\/surveymonkey\\\/wp-content\\\/uploads\\\/sites\\\/65\\\/2020\\\/07\\\/image-1024x639.png\",\"contentUrl\":\"https:\\\/\\\/www.audox.cl\\\/surveymonkey\\\/wp-content\\\/uploads\\\/sites\\\/65\\\/2020\\\/07\\\/image-1024x639.png\"},{\"@type\":\"BreadcrumbList\",\"@id\":\"https:\\\/\\\/www.audox.cl\\\/surveymonkey\\\/servicios-surveymonkey\\\/#breadcrumb\",\"itemListElement\":[{\"@type\":\"ListItem\",\"position\":1,\"name\":\"Portada\",\"item\":\"https:\\\/\\\/www.audox.cl\\\/surveymonkey\\\/inicio\\\/\"},{\"@type\":\"ListItem\",\"position\":2,\"name\":\"Servicios\"}]},{\"@type\":\"WebSite\",\"@id\":\"https:\\\/\\\/www.audox.cl\\\/surveymonkey\\\/#website\",\"url\":\"https:\\\/\\\/www.audox.cl\\\/surveymonkey\\\/\",\"name\":\"Survey Monkey Expertos\",\"description\":\"Implementaci\u00f3n, Capacitaci\u00f3n y Soporte para Survey Monkey en Chile\",\"potentialAction\":[{\"@type\":\"SearchAction\",\"target\":{\"@type\":\"EntryPoint\",\"urlTemplate\":\"https:\\\/\\\/www.audox.cl\\\/surveymonkey\\\/?s={search_term_string}\"},\"query-input\":{\"@type\":\"PropertyValueSpecification\",\"valueRequired\":true,\"valueName\":\"search_term_string\"}}],\"inLanguage\":\"es\"}]}<\/script>\n<!-- \/ Yoast SEO plugin. -->","yoast_head_json":{"title":"Servicios SurveyMonkey - Expertos Especializados en Audox","description":"Implementaci\u00f3n, Capacitaci\u00f3n, Soporte Especializado y otros Servicios para SurveyMonkey. Todo lo que necesitas para potenciar tu empresa.","robots":{"index":"index","follow":"follow","max-snippet":"max-snippet:-1","max-image-preview":"max-image-preview:large","max-video-preview":"max-video-preview:-1"},"canonical":"https:\/\/www.audox.cl\/surveymonkey\/servicios-surveymonkey\/","og_locale":"es_ES","og_type":"article","og_title":"Servicios SurveyMonkey - Expertos Especializados en Audox","og_description":"Implementaci\u00f3n, Capacitaci\u00f3n, Soporte Especializado y otros Servicios para SurveyMonkey. Todo lo que necesitas para potenciar tu empresa.","og_url":"https:\/\/www.audox.cl\/surveymonkey\/servicios-surveymonkey\/","og_site_name":"Survey Monkey Expertos","article_modified_time":"2020-07-27T21:51:46+00:00","og_image":[{"url":"https:\/\/www.audox.cl\/surveymonkey\/wp-content\/uploads\/sites\/65\/2020\/07\/image-1024x639.png","type":"","width":"","height":""}],"twitter_card":"summary_large_image","twitter_misc":{"Tiempo de lectura":"2 minutos"},"schema":{"@context":"https:\/\/schema.org","@graph":[{"@type":"WebPage","@id":"https:\/\/www.audox.cl\/surveymonkey\/servicios-surveymonkey\/","url":"https:\/\/www.audox.cl\/surveymonkey\/servicios-surveymonkey\/","name":"Servicios SurveyMonkey - Expertos Especializados en Audox","isPartOf":{"@id":"https:\/\/www.audox.cl\/surveymonkey\/#website"},"primaryImageOfPage":{"@id":"https:\/\/www.audox.cl\/surveymonkey\/servicios-surveymonkey\/#primaryimage"},"image":{"@id":"https:\/\/www.audox.cl\/surveymonkey\/servicios-surveymonkey\/#primaryimage"},"thumbnailUrl":"https:\/\/www.audox.cl\/surveymonkey\/wp-content\/uploads\/sites\/65\/2020\/07\/image-1024x639.png","datePublished":"2020-07-25T02:55:16+00:00","dateModified":"2020-07-27T21:51:46+00:00","description":"Implementaci\u00f3n, Capacitaci\u00f3n, Soporte Especializado y otros Servicios para SurveyMonkey. Todo lo que necesitas para potenciar tu empresa.","breadcrumb":{"@id":"https:\/\/www.audox.cl\/surveymonkey\/servicios-surveymonkey\/#breadcrumb"},"inLanguage":"es","potentialAction":[{"@type":"ReadAction","target":["https:\/\/www.audox.cl\/surveymonkey\/servicios-surveymonkey\/"]}]},{"@type":"ImageObject","inLanguage":"es","@id":"https:\/\/www.audox.cl\/surveymonkey\/servicios-surveymonkey\/#primaryimage","url":"https:\/\/www.audox.cl\/surveymonkey\/wp-content\/uploads\/sites\/65\/2020\/07\/image-1024x639.png","contentUrl":"https:\/\/www.audox.cl\/surveymonkey\/wp-content\/uploads\/sites\/65\/2020\/07\/image-1024x639.png"},{"@type":"BreadcrumbList","@id":"https:\/\/www.audox.cl\/surveymonkey\/servicios-surveymonkey\/#breadcrumb","itemListElement":[{"@type":"ListItem","position":1,"name":"Portada","item":"https:\/\/www.audox.cl\/surveymonkey\/inicio\/"},{"@type":"ListItem","position":2,"name":"Servicios"}]},{"@type":"WebSite","@id":"https:\/\/www.audox.cl\/surveymonkey\/#website","url":"https:\/\/www.audox.cl\/surveymonkey\/","name":"Survey Monkey Expertos","description":"Implementaci\u00f3n, Capacitaci\u00f3n y Soporte para Survey Monkey en Chile","potentialAction":[{"@type":"SearchAction","target":{"@type":"EntryPoint","urlTemplate":"https:\/\/www.audox.cl\/surveymonkey\/?s={search_term_string}"},"query-input":{"@type":"PropertyValueSpecification","valueRequired":true,"valueName":"search_term_string"}}],"inLanguage":"es"}]}},"_links":{"self":[{"href":"https:\/\/www.audox.cl\/surveymonkey\/wp-json\/wp\/v2\/pages\/19","targetHints":{"allow":["GET"]}}],"collection":[{"href":"https:\/\/www.audox.cl\/surveymonkey\/wp-json\/wp\/v2\/pages"}],"about":[{"href":"https:\/\/www.audox.cl\/surveymonkey\/wp-json\/wp\/v2\/types\/page"}],"author":[{"embeddable":true,"href":"https:\/\/www.audox.cl\/surveymonkey\/wp-json\/wp\/v2\/users\/1"}],"replies":[{"embeddable":true,"href":"https:\/\/www.audox.cl\/surveymonkey\/wp-json\/wp\/v2\/comments?post=19"}],"version-history":[{"count":3,"href":"https:\/\/www.audox.cl\/surveymonkey\/wp-json\/wp\/v2\/pages\/19\/revisions"}],"predecessor-version":[{"id":27,"href":"https:\/\/www.audox.cl\/surveymonkey\/wp-json\/wp\/v2\/pages\/19\/revisions\/27"}],"wp:attachment":[{"href":"https:\/\/www.audox.cl\/surveymonkey\/wp-json\/wp\/v2\/media?parent=19"}],"curies":[{"name":"wp","href":"https:\/\/api.w.org\/{rel}","templated":true}]}}