{"id":19,"date":"2020-05-07T14:07:07","date_gmt":"2020-05-07T14:07:07","guid":{"rendered":"https:\/\/www.audox.cl\/zoom\/?page_id=19"},"modified":"2020-05-17T19:48:50","modified_gmt":"2020-05-17T19:48:50","slug":"servicios-para-zoom","status":"publish","type":"page","link":"https:\/\/www.audox.cl\/zoom\/servicios-para-zoom\/","title":{"rendered":"Servicios"},"content":{"rendered":"\n<p>Nuestros servicios para <strong>Zoom<\/strong> incluyen:<\/p>\n\n\n\n<ul class=\"wp-block-list\"><li>Implementaci\u00f3n de Zoom en tu empresa para tus <strong>videoconferencias<\/strong>, <strong>reuniones<\/strong> y <strong>webinars<\/strong>.<\/li><li>Capacitaci\u00f3n de Zoom para sacar el m\u00e1ximo partido de la herramienta.<\/li><li>Integraci\u00f3n de Zoom con tus sistemas (CRM como Salesforce, SugarCRM, SuiteCRM;  LMS como Moodle, etc).<\/li><\/ul>\n\n\n\n<h2 class=\"wp-block-heading\">Caracter\u00edsticas principales de Zoom<\/h2>\n\n\n\n<p>Estas son las caracter\u00edsticas principales de Zoom:<\/p>\n\n\n\n<ul class=\"wp-block-list\"><li>Reuniones individuales: organice reuniones individuales ilimitadas incluso con el plan gratuito.<\/li><li>Videoconferencias grupales: organice hasta 500 participantes (si compra el complemento \u00abreuni\u00f3n grande\u00bb). Sin embargo, el plan gratuito le permite organizar videoconferencias de hasta 40 minutos y hasta 100 participantes.<\/li><li>Compartir pantalla: re\u00fanase uno a uno o con grupos grandes y comparta su pantalla con ellos para que puedan ver lo que usted ve.<\/li><\/ul>\n\n\n\n<h2 class=\"wp-block-heading\">\u00bfQu\u00e9 es Zoom?<\/h2>\n\n\n\n<p>Zoom es un servicio de videoconferencia basado en la nube que puedes usar para reunirte virtualmente con otros, ya sea por v\u00eddeo o solo audio o ambos, todo mientras realiza chats en vivo, y le permite grabar esas sesiones para verlas m\u00e1s tarde. Seg\u00fan los informes, m\u00e1s de la mitad de las compa\u00f1\u00edas de Fortune 500 usaron Zoom en 2019.<\/p>\n\n\n\n<p>Cuando la gente habla de Zoom, generalmente escuchar\u00e1 las siguientes frases: Zoom Meeting y Zoom Room. Una reuni\u00f3n de Zoom se refiere a una reuni\u00f3n de videoconferencia alojada con Zoom. Puede unirse a estas reuniones a trav\u00e9s de una c\u00e1mara web o tel\u00e9fono. Mientras tanto, un Zoom Room es la configuraci\u00f3n f\u00edsica del hardware que permite a las empresas programar y lanzar Zoom Meetings desde sus salas de conferencias.<\/p>\n\n\n\n<p>Las salas Zoom requieren una suscripci\u00f3n adicional adem\u00e1s de una suscripci\u00f3n Zoom y son una soluci\u00f3n ideal para empresas m\u00e1s grandes.<\/p>\n\n\n\n<figure class=\"wp-block-image size-large\"><img loading=\"lazy\" decoding=\"async\" width=\"1024\" height=\"576\" src=\"https:\/\/www.audox.cl\/zoom\/wp-content\/uploads\/sites\/28\/2020\/05\/zoom-logo-1280x720-1-1024x576.jpg\" alt=\"zoom\" class=\"wp-image-25\" srcset=\"https:\/\/www.audox.cl\/zoom\/wp-content\/uploads\/sites\/28\/2020\/05\/zoom-logo-1280x720-1-1024x576.jpg 1024w, https:\/\/www.audox.cl\/zoom\/wp-content\/uploads\/sites\/28\/2020\/05\/zoom-logo-1280x720-1-300x169.jpg 300w, https:\/\/www.audox.cl\/zoom\/wp-content\/uploads\/sites\/28\/2020\/05\/zoom-logo-1280x720-1-768x432.jpg 768w, https:\/\/www.audox.cl\/zoom\/wp-content\/uploads\/sites\/28\/2020\/05\/zoom-logo-1280x720-1-100x56.jpg 100w, https:\/\/www.audox.cl\/zoom\/wp-content\/uploads\/sites\/28\/2020\/05\/zoom-logo-1280x720-1-150x84.jpg 150w, https:\/\/www.audox.cl\/zoom\/wp-content\/uploads\/sites\/28\/2020\/05\/zoom-logo-1280x720-1-200x113.jpg 200w, https:\/\/www.audox.cl\/zoom\/wp-content\/uploads\/sites\/28\/2020\/05\/zoom-logo-1280x720-1-450x253.jpg 450w, https:\/\/www.audox.cl\/zoom\/wp-content\/uploads\/sites\/28\/2020\/05\/zoom-logo-1280x720-1-600x338.jpg 600w, https:\/\/www.audox.cl\/zoom\/wp-content\/uploads\/sites\/28\/2020\/05\/zoom-logo-1280x720-1-900x506.jpg 900w, https:\/\/www.audox.cl\/zoom\/wp-content\/uploads\/sites\/28\/2020\/05\/zoom-logo-1280x720-1.jpg 1280w\" sizes=\"auto, (max-width: 1024px) 100vw, 1024px\" \/><\/figure>\n\n\n\n<h2 class=\"wp-block-heading\">Servicios para Zoom con Audox<\/h2>\n\n\n\n<p>En Audox\u00a0<a href=\"https:\/\/www.youtube.com\/feed\/my_videos\">somos expertos<\/a>\u00a0en implementaci\u00f3n, soporte y capacitaci\u00f3n de Zoom para empresas peque\u00f1as, medianas y grandes gracias a nuestra amplia experiencia de m\u00e1s de una d\u00e9cada en el \u00e1rea de la tecnolog\u00eda e ingenier\u00eda.<\/p>\n\n\n\n<p>Nuestro equipo de especialistas est\u00e1 listo para ayudarte en solventar tus problemas y dar respuesta a tus necesidades.<\/p>\n\n\n\n<p><a href=\"https:\/\/www.audox.cl\/zoom\/contacto\/\">\u00a1Cont\u00e1ctanos!<\/a><\/p>\n","protected":false},"excerpt":{"rendered":"<p>Nuestros servicios para Zoom incluyen: Implementaci\u00f3n de Zoom en tu empresa para tus videoconferencias, reuniones y webinars. Capacitaci\u00f3n de Zoom para sacar el m\u00e1ximo partido de la herramienta. Integraci\u00f3n de Zoom con tus sistemas (CRM como Salesforce, SugarCRM, SuiteCRM; LMS &hellip;<\/p>\n<p class=\"read-more\"> <a class=\"more-link\" href=\"https:\/\/www.audox.cl\/zoom\/servicios-para-zoom\/\"> <span class=\"screen-reader-text\">Servicios<\/span> Leer m\u00e1s \u00bb<\/a><\/p>\n","protected":false},"author":1,"featured_media":0,"parent":0,"menu_order":1,"comment_status":"closed","ping_status":"closed","template":"","meta":{"om_disable_all_campaigns":false,"inline_featured_image":false,"_monsterinsights_skip_tracking":false,"_monsterinsights_sitenote_active":false,"_monsterinsights_sitenote_note":"","_monsterinsights_sitenote_category":0,"footnotes":""},"class_list":["post-19","page","type-page","status-publish","hentry"],"yoast_head":"<!-- This site is optimized with the Yoast SEO plugin v27.5 - https:\/\/yoast.com\/product\/yoast-seo-wordpress\/ -->\n<title>Servicios para Zoom - Expertos Especializados en Zoom<\/title>\n<meta name=\"description\" content=\"Todos los servicios que necesitas: Implementaci\u00f3n, Capacitaci\u00f3n, Soporte y otros Servicios para Zoom los puedes encontrar con Audox.\" \/>\n<meta name=\"robots\" content=\"index, follow, max-snippet:-1, max-image-preview:large, max-video-preview:-1\" \/>\n<link rel=\"canonical\" href=\"https:\/\/www.audox.cl\/zoom\/servicios-para-zoom\/\" \/>\n<meta property=\"og:locale\" content=\"es_ES\" \/>\n<meta property=\"og:type\" content=\"article\" \/>\n<meta property=\"og:title\" content=\"Servicios para Zoom - Expertos Especializados en Zoom\" \/>\n<meta property=\"og:description\" content=\"Todos los servicios que necesitas: Implementaci\u00f3n, Capacitaci\u00f3n, Soporte y otros Servicios para Zoom los puedes encontrar con Audox.\" \/>\n<meta property=\"og:url\" content=\"https:\/\/www.audox.cl\/zoom\/servicios-para-zoom\/\" \/>\n<meta property=\"og:site_name\" content=\"Expertos\" \/>\n<meta property=\"article:modified_time\" content=\"2020-05-17T19:48:50+00:00\" \/>\n<meta property=\"og:image\" content=\"https:\/\/www.audox.cl\/zoom\/wp-content\/uploads\/sites\/28\/2020\/05\/zoom-logo-1280x720-1.jpg\" \/>\n\t<meta property=\"og:image:width\" content=\"1280\" \/>\n\t<meta property=\"og:image:height\" content=\"720\" \/>\n\t<meta property=\"og:image:type\" content=\"image\/jpeg\" \/>\n<meta name=\"twitter:card\" content=\"summary_large_image\" \/>\n<meta name=\"twitter:label1\" content=\"Tiempo de lectura\" \/>\n\t<meta name=\"twitter:data1\" content=\"2 minutos\" \/>\n<script type=\"application\/ld+json\" class=\"yoast-schema-graph\">{\"@context\":\"https:\\\/\\\/schema.org\",\"@graph\":[{\"@type\":\"WebPage\",\"@id\":\"https:\\\/\\\/www.audox.cl\\\/zoom\\\/servicios-para-zoom\\\/\",\"url\":\"https:\\\/\\\/www.audox.cl\\\/zoom\\\/servicios-para-zoom\\\/\",\"name\":\"Servicios para Zoom - Expertos Especializados en Zoom\",\"isPartOf\":{\"@id\":\"https:\\\/\\\/www.audox.cl\\\/zoom\\\/#website\"},\"primaryImageOfPage\":{\"@id\":\"https:\\\/\\\/www.audox.cl\\\/zoom\\\/servicios-para-zoom\\\/#primaryimage\"},\"image\":{\"@id\":\"https:\\\/\\\/www.audox.cl\\\/zoom\\\/servicios-para-zoom\\\/#primaryimage\"},\"thumbnailUrl\":\"https:\\\/\\\/www.audox.cl\\\/zoom\\\/wp-content\\\/uploads\\\/sites\\\/28\\\/2020\\\/05\\\/zoom-logo-1280x720-1-1024x576.jpg\",\"datePublished\":\"2020-05-07T14:07:07+00:00\",\"dateModified\":\"2020-05-17T19:48:50+00:00\",\"description\":\"Todos los servicios que necesitas: Implementaci\u00f3n, Capacitaci\u00f3n, Soporte y otros Servicios para Zoom los puedes encontrar con Audox.\",\"breadcrumb\":{\"@id\":\"https:\\\/\\\/www.audox.cl\\\/zoom\\\/servicios-para-zoom\\\/#breadcrumb\"},\"inLanguage\":\"es\",\"potentialAction\":[{\"@type\":\"ReadAction\",\"target\":[\"https:\\\/\\\/www.audox.cl\\\/zoom\\\/servicios-para-zoom\\\/\"]}]},{\"@type\":\"ImageObject\",\"inLanguage\":\"es\",\"@id\":\"https:\\\/\\\/www.audox.cl\\\/zoom\\\/servicios-para-zoom\\\/#primaryimage\",\"url\":\"https:\\\/\\\/www.audox.cl\\\/zoom\\\/wp-content\\\/uploads\\\/sites\\\/28\\\/2020\\\/05\\\/zoom-logo-1280x720-1.jpg\",\"contentUrl\":\"https:\\\/\\\/www.audox.cl\\\/zoom\\\/wp-content\\\/uploads\\\/sites\\\/28\\\/2020\\\/05\\\/zoom-logo-1280x720-1.jpg\",\"width\":1280,\"height\":720},{\"@type\":\"BreadcrumbList\",\"@id\":\"https:\\\/\\\/www.audox.cl\\\/zoom\\\/servicios-para-zoom\\\/#breadcrumb\",\"itemListElement\":[{\"@type\":\"ListItem\",\"position\":1,\"name\":\"Portada\",\"item\":\"https:\\\/\\\/www.audox.cl\\\/zoom\\\/inicio\\\/\"},{\"@type\":\"ListItem\",\"position\":2,\"name\":\"Servicios\"}]},{\"@type\":\"WebSite\",\"@id\":\"https:\\\/\\\/www.audox.cl\\\/zoom\\\/#website\",\"url\":\"https:\\\/\\\/www.audox.cl\\\/zoom\\\/\",\"name\":\"Expertos\",\"description\":\"Soporte para Zoom en Chile\",\"publisher\":{\"@id\":\"https:\\\/\\\/www.audox.cl\\\/zoom\\\/#organization\"},\"potentialAction\":[{\"@type\":\"SearchAction\",\"target\":{\"@type\":\"EntryPoint\",\"urlTemplate\":\"https:\\\/\\\/www.audox.cl\\\/zoom\\\/?s={search_term_string}\"},\"query-input\":{\"@type\":\"PropertyValueSpecification\",\"valueRequired\":true,\"valueName\":\"search_term_string\"}}],\"inLanguage\":\"es\"},{\"@type\":\"Organization\",\"@id\":\"https:\\\/\\\/www.audox.cl\\\/zoom\\\/#organization\",\"name\":\"Audox Ingenier\u00eda SpA.\",\"url\":\"https:\\\/\\\/www.audox.cl\\\/zoom\\\/\",\"logo\":{\"@type\":\"ImageObject\",\"inLanguage\":\"es\",\"@id\":\"https:\\\/\\\/www.audox.cl\\\/zoom\\\/#\\\/schema\\\/logo\\\/image\\\/\",\"url\":\"https:\\\/\\\/www.audox.cl\\\/zoom\\\/wp-content\\\/uploads\\\/sites\\\/28\\\/2020\\\/05\\\/logo.png\",\"contentUrl\":\"https:\\\/\\\/www.audox.cl\\\/zoom\\\/wp-content\\\/uploads\\\/sites\\\/28\\\/2020\\\/05\\\/logo.png\",\"width\":195,\"height\":81,\"caption\":\"Audox Ingenier\u00eda SpA.\"},\"image\":{\"@id\":\"https:\\\/\\\/www.audox.cl\\\/zoom\\\/#\\\/schema\\\/logo\\\/image\\\/\"}}]}<\/script>\n<!-- \/ Yoast SEO plugin. -->","yoast_head_json":{"title":"Servicios para Zoom - Expertos Especializados en Zoom","description":"Todos los servicios que necesitas: Implementaci\u00f3n, Capacitaci\u00f3n, Soporte y otros Servicios para Zoom los puedes encontrar con Audox.","robots":{"index":"index","follow":"follow","max-snippet":"max-snippet:-1","max-image-preview":"max-image-preview:large","max-video-preview":"max-video-preview:-1"},"canonical":"https:\/\/www.audox.cl\/zoom\/servicios-para-zoom\/","og_locale":"es_ES","og_type":"article","og_title":"Servicios para Zoom - Expertos Especializados en Zoom","og_description":"Todos los servicios que necesitas: Implementaci\u00f3n, Capacitaci\u00f3n, Soporte y otros Servicios para Zoom los puedes encontrar con Audox.","og_url":"https:\/\/www.audox.cl\/zoom\/servicios-para-zoom\/","og_site_name":"Expertos","article_modified_time":"2020-05-17T19:48:50+00:00","og_image":[{"width":1280,"height":720,"url":"https:\/\/www.audox.cl\/zoom\/wp-content\/uploads\/sites\/28\/2020\/05\/zoom-logo-1280x720-1.jpg","type":"image\/jpeg"}],"twitter_card":"summary_large_image","twitter_misc":{"Tiempo de lectura":"2 minutos"},"schema":{"@context":"https:\/\/schema.org","@graph":[{"@type":"WebPage","@id":"https:\/\/www.audox.cl\/zoom\/servicios-para-zoom\/","url":"https:\/\/www.audox.cl\/zoom\/servicios-para-zoom\/","name":"Servicios para Zoom - Expertos Especializados en Zoom","isPartOf":{"@id":"https:\/\/www.audox.cl\/zoom\/#website"},"primaryImageOfPage":{"@id":"https:\/\/www.audox.cl\/zoom\/servicios-para-zoom\/#primaryimage"},"image":{"@id":"https:\/\/www.audox.cl\/zoom\/servicios-para-zoom\/#primaryimage"},"thumbnailUrl":"https:\/\/www.audox.cl\/zoom\/wp-content\/uploads\/sites\/28\/2020\/05\/zoom-logo-1280x720-1-1024x576.jpg","datePublished":"2020-05-07T14:07:07+00:00","dateModified":"2020-05-17T19:48:50+00:00","description":"Todos los servicios que necesitas: Implementaci\u00f3n, Capacitaci\u00f3n, Soporte y otros Servicios para Zoom los puedes encontrar con Audox.","breadcrumb":{"@id":"https:\/\/www.audox.cl\/zoom\/servicios-para-zoom\/#breadcrumb"},"inLanguage":"es","potentialAction":[{"@type":"ReadAction","target":["https:\/\/www.audox.cl\/zoom\/servicios-para-zoom\/"]}]},{"@type":"ImageObject","inLanguage":"es","@id":"https:\/\/www.audox.cl\/zoom\/servicios-para-zoom\/#primaryimage","url":"https:\/\/www.audox.cl\/zoom\/wp-content\/uploads\/sites\/28\/2020\/05\/zoom-logo-1280x720-1.jpg","contentUrl":"https:\/\/www.audox.cl\/zoom\/wp-content\/uploads\/sites\/28\/2020\/05\/zoom-logo-1280x720-1.jpg","width":1280,"height":720},{"@type":"BreadcrumbList","@id":"https:\/\/www.audox.cl\/zoom\/servicios-para-zoom\/#breadcrumb","itemListElement":[{"@type":"ListItem","position":1,"name":"Portada","item":"https:\/\/www.audox.cl\/zoom\/inicio\/"},{"@type":"ListItem","position":2,"name":"Servicios"}]},{"@type":"WebSite","@id":"https:\/\/www.audox.cl\/zoom\/#website","url":"https:\/\/www.audox.cl\/zoom\/","name":"Expertos","description":"Soporte para Zoom en Chile","publisher":{"@id":"https:\/\/www.audox.cl\/zoom\/#organization"},"potentialAction":[{"@type":"SearchAction","target":{"@type":"EntryPoint","urlTemplate":"https:\/\/www.audox.cl\/zoom\/?s={search_term_string}"},"query-input":{"@type":"PropertyValueSpecification","valueRequired":true,"valueName":"search_term_string"}}],"inLanguage":"es"},{"@type":"Organization","@id":"https:\/\/www.audox.cl\/zoom\/#organization","name":"Audox Ingenier\u00eda SpA.","url":"https:\/\/www.audox.cl\/zoom\/","logo":{"@type":"ImageObject","inLanguage":"es","@id":"https:\/\/www.audox.cl\/zoom\/#\/schema\/logo\/image\/","url":"https:\/\/www.audox.cl\/zoom\/wp-content\/uploads\/sites\/28\/2020\/05\/logo.png","contentUrl":"https:\/\/www.audox.cl\/zoom\/wp-content\/uploads\/sites\/28\/2020\/05\/logo.png","width":195,"height":81,"caption":"Audox Ingenier\u00eda SpA."},"image":{"@id":"https:\/\/www.audox.cl\/zoom\/#\/schema\/logo\/image\/"}}]}},"_links":{"self":[{"href":"https:\/\/www.audox.cl\/zoom\/wp-json\/wp\/v2\/pages\/19","targetHints":{"allow":["GET"]}}],"collection":[{"href":"https:\/\/www.audox.cl\/zoom\/wp-json\/wp\/v2\/pages"}],"about":[{"href":"https:\/\/www.audox.cl\/zoom\/wp-json\/wp\/v2\/types\/page"}],"author":[{"embeddable":true,"href":"https:\/\/www.audox.cl\/zoom\/wp-json\/wp\/v2\/users\/1"}],"replies":[{"embeddable":true,"href":"https:\/\/www.audox.cl\/zoom\/wp-json\/wp\/v2\/comments?post=19"}],"version-history":[{"count":5,"href":"https:\/\/www.audox.cl\/zoom\/wp-json\/wp\/v2\/pages\/19\/revisions"}],"predecessor-version":[{"id":33,"href":"https:\/\/www.audox.cl\/zoom\/wp-json\/wp\/v2\/pages\/19\/revisions\/33"}],"wp:attachment":[{"href":"https:\/\/www.audox.cl\/zoom\/wp-json\/wp\/v2\/media?parent=19"}],"curies":[{"name":"wp","href":"https:\/\/api.w.org\/{rel}","templated":true}]}}