{"id":16,"date":"2023-05-07T21:47:12","date_gmt":"2023-05-07T21:47:12","guid":{"rendered":"https:\/\/www.audox.cl\/zoominfo\/servicios\/"},"modified":"2023-05-07T22:06:50","modified_gmt":"2023-05-07T22:06:50","slug":"servicios","status":"publish","type":"page","link":"https:\/\/www.audox.cl\/zoominfo\/servicios\/","title":{"rendered":"Servicios"},"content":{"rendered":"<h2>\u00bfQu\u00e9 es ZoomInfo y c\u00f3mo puede ayudar al crecimiento de tu negocio?<\/h2>\n<p>ZoomInfo es una plataforma de inteligencia de mercado que ofrece informaci\u00f3n de contacto precisa, inteligencia de mercado y herramientas de an\u00e1lisis para ayudar a las empresas a impulsar el crecimiento. ZoomInfo proporciona informaci\u00f3n de contacto precisa para ayudar a las empresas a conectarse con sus clientes potenciales. Esta informaci\u00f3n incluye datos como nombres, direcciones de correo electr\u00f3nico, n\u00fameros de tel\u00e9fono y direcciones de sitios web.<\/p>\n<p>Adem\u00e1s, ZoomInfo ofrece inteligencia de mercado para ayudar a las empresas a comprender mejor a sus clientes potenciales. Esta inteligencia incluye datos como el tama\u00f1o de la empresa, el sector, el n\u00famero de empleados y la ubicaci\u00f3n. Esta informaci\u00f3n ayuda a las empresas a identificar a sus clientes potenciales y a comprender mejor sus necesidades.<\/p>\n<p>Por \u00faltimo, ZoomInfo ofrece herramientas de an\u00e1lisis para ayudar a las empresas a medir el \u00e9xito de sus campa\u00f1as de marketing. Estas herramientas permiten a las empresas rastrear el rendimiento de sus campa\u00f1as de marketing y obtener informaci\u00f3n sobre el comportamiento de los clientes. Esta informaci\u00f3n ayuda a las empresas a mejorar sus campa\u00f1as de marketing y a aumentar el crecimiento de sus negocios.<\/p>\n<p>En resumen, ZoomInfo es una plataforma de inteligencia de mercado que ofrece informaci\u00f3n de contacto precisa, inteligencia de mercado y herramientas de an\u00e1lisis para ayudar a las empresas a impulsar el crecimiento. Esta plataforma puede ayudar a las empresas a conectarse con sus clientes potenciales, comprender mejor sus necesidades y medir el \u00e9xito de sus campa\u00f1as de marketing.<\/p>\n<h2>Servicios para ZoomInfo<\/h2>\n<p>Nuestros servicios para <strong>ZoomInfo<\/strong> consisten en:<\/p>\n<ul>\n<li>Implementaci\u00f3n<\/li>\n<li>Capacitaci\u00f3n<\/li>\n<li>Soporte<\/li>\n<\/ul>\n<h3>Servicios para ZoomInfo con Audox<\/h3>\n<p>En Audox <a href=\"https:\/\/www.youtube.com\/@audox.com_es\">somos expertos<\/a> en implementaci\u00f3n, soporte y capacitaci\u00f3n de ZoomInfo para empresas peque\u00f1as, medianas y grandes gracias a nuestra amplia experiencia de m\u00e1s de una d\u00e9cada en el \u00e1rea de la tecnolog\u00eda e ingenier\u00eda.<\/p>\n","protected":false},"excerpt":{"rendered":"<p>\u00bfQu\u00e9 es ZoomInfo y c\u00f3mo puede ayudar al crecimiento de tu negocio? ZoomInfo es una plataforma de inteligencia de mercado que ofrece informaci\u00f3n de contacto precisa, inteligencia de mercado y herramientas de an\u00e1lisis para ayudar a las empresas a impulsar &hellip;<\/p>\n<p class=\"read-more\"> <a class=\"more-link\" href=\"https:\/\/www.audox.cl\/zoominfo\/servicios\/\"> <span class=\"screen-reader-text\">Servicios<\/span> Leer m\u00e1s \u00bb<\/a><\/p>\n","protected":false},"author":1,"featured_media":0,"parent":0,"menu_order":1,"comment_status":"closed","ping_status":"closed","template":"","meta":{"om_disable_all_campaigns":false,"inline_featured_image":false,"_monsterinsights_skip_tracking":false,"_monsterinsights_sitenote_active":false,"_monsterinsights_sitenote_note":"","_monsterinsights_sitenote_category":0,"footnotes":""},"class_list":["post-16","page","type-page","status-publish","hentry"],"yoast_head":"<!-- This site is optimized with the Yoast SEO plugin v27.6 - https:\/\/yoast.com\/product\/yoast-seo-wordpress\/ -->\n<title>Servicios - ZoomInfo Expertos<\/title>\n<meta name=\"description\" content=\"\u00bfQuieres saber c\u00f3mo ZoomInfo puede ayudar a tu negocio a crecer? Descubre c\u00f3mo ZoomInfo puede proporcionar informaci\u00f3n de contacto precisa, inteligencia de mercado y herramientas de an\u00e1lisis para impulsar el crecimiento de tu negocio.\" \/>\n<meta name=\"robots\" content=\"index, follow, max-snippet:-1, max-image-preview:large, max-video-preview:-1\" \/>\n<link rel=\"canonical\" href=\"https:\/\/www.audox.cl\/zoominfo\/servicios\/\" \/>\n<meta property=\"og:locale\" content=\"es_ES\" \/>\n<meta property=\"og:type\" content=\"article\" \/>\n<meta property=\"og:title\" content=\"Servicios - ZoomInfo Expertos\" \/>\n<meta property=\"og:description\" content=\"\u00bfQuieres saber c\u00f3mo ZoomInfo puede ayudar a tu negocio a crecer? Descubre c\u00f3mo ZoomInfo puede proporcionar informaci\u00f3n de contacto precisa, inteligencia de mercado y herramientas de an\u00e1lisis para impulsar el crecimiento de tu negocio.\" \/>\n<meta property=\"og:url\" content=\"https:\/\/www.audox.cl\/zoominfo\/servicios\/\" \/>\n<meta property=\"og:site_name\" content=\"ZoomInfo Expertos\" \/>\n<meta property=\"article:modified_time\" content=\"2023-05-07T22:06:50+00:00\" \/>\n<meta name=\"twitter:card\" content=\"summary_large_image\" \/>\n<meta name=\"twitter:label1\" content=\"Tiempo de lectura\" \/>\n\t<meta name=\"twitter:data1\" content=\"2 minutos\" \/>\n<script type=\"application\/ld+json\" class=\"yoast-schema-graph\">{\"@context\":\"https:\\\/\\\/schema.org\",\"@graph\":[{\"@type\":\"WebPage\",\"@id\":\"https:\\\/\\\/www.audox.cl\\\/zoominfo\\\/servicios\\\/\",\"url\":\"https:\\\/\\\/www.audox.cl\\\/zoominfo\\\/servicios\\\/\",\"name\":\"Servicios - ZoomInfo Expertos\",\"isPartOf\":{\"@id\":\"https:\\\/\\\/www.audox.cl\\\/zoominfo\\\/#website\"},\"datePublished\":\"2023-05-07T21:47:12+00:00\",\"dateModified\":\"2023-05-07T22:06:50+00:00\",\"description\":\"\u00bfQuieres saber c\u00f3mo ZoomInfo puede ayudar a tu negocio a crecer? Descubre c\u00f3mo ZoomInfo puede proporcionar informaci\u00f3n de contacto precisa, inteligencia de mercado y herramientas de an\u00e1lisis para impulsar el crecimiento de tu negocio.\",\"breadcrumb\":{\"@id\":\"https:\\\/\\\/www.audox.cl\\\/zoominfo\\\/servicios\\\/#breadcrumb\"},\"inLanguage\":\"es\",\"potentialAction\":[{\"@type\":\"ReadAction\",\"target\":[\"https:\\\/\\\/www.audox.cl\\\/zoominfo\\\/servicios\\\/\"]}]},{\"@type\":\"BreadcrumbList\",\"@id\":\"https:\\\/\\\/www.audox.cl\\\/zoominfo\\\/servicios\\\/#breadcrumb\",\"itemListElement\":[{\"@type\":\"ListItem\",\"position\":1,\"name\":\"Portada\",\"item\":\"https:\\\/\\\/www.audox.cl\\\/zoominfo\\\/inicio\\\/\"},{\"@type\":\"ListItem\",\"position\":2,\"name\":\"Servicios\"}]},{\"@type\":\"WebSite\",\"@id\":\"https:\\\/\\\/www.audox.cl\\\/zoominfo\\\/#website\",\"url\":\"https:\\\/\\\/www.audox.cl\\\/zoominfo\\\/\",\"name\":\"ZoomInfo Expertos\",\"description\":\"Implementaci\u00f3n, Capacitaci\u00f3n y Soporte para ZoomInfo en Chile\",\"potentialAction\":[{\"@type\":\"SearchAction\",\"target\":{\"@type\":\"EntryPoint\",\"urlTemplate\":\"https:\\\/\\\/www.audox.cl\\\/zoominfo\\\/?s={search_term_string}\"},\"query-input\":{\"@type\":\"PropertyValueSpecification\",\"valueRequired\":true,\"valueName\":\"search_term_string\"}}],\"inLanguage\":\"es\"}]}<\/script>\n<!-- \/ Yoast SEO plugin. -->","yoast_head_json":{"title":"Servicios - ZoomInfo Expertos","description":"\u00bfQuieres saber c\u00f3mo ZoomInfo puede ayudar a tu negocio a crecer? Descubre c\u00f3mo ZoomInfo puede proporcionar informaci\u00f3n de contacto precisa, inteligencia de mercado y herramientas de an\u00e1lisis para impulsar el crecimiento de tu negocio.","robots":{"index":"index","follow":"follow","max-snippet":"max-snippet:-1","max-image-preview":"max-image-preview:large","max-video-preview":"max-video-preview:-1"},"canonical":"https:\/\/www.audox.cl\/zoominfo\/servicios\/","og_locale":"es_ES","og_type":"article","og_title":"Servicios - ZoomInfo Expertos","og_description":"\u00bfQuieres saber c\u00f3mo ZoomInfo puede ayudar a tu negocio a crecer? Descubre c\u00f3mo ZoomInfo puede proporcionar informaci\u00f3n de contacto precisa, inteligencia de mercado y herramientas de an\u00e1lisis para impulsar el crecimiento de tu negocio.","og_url":"https:\/\/www.audox.cl\/zoominfo\/servicios\/","og_site_name":"ZoomInfo Expertos","article_modified_time":"2023-05-07T22:06:50+00:00","twitter_card":"summary_large_image","twitter_misc":{"Tiempo de lectura":"2 minutos"},"schema":{"@context":"https:\/\/schema.org","@graph":[{"@type":"WebPage","@id":"https:\/\/www.audox.cl\/zoominfo\/servicios\/","url":"https:\/\/www.audox.cl\/zoominfo\/servicios\/","name":"Servicios - ZoomInfo Expertos","isPartOf":{"@id":"https:\/\/www.audox.cl\/zoominfo\/#website"},"datePublished":"2023-05-07T21:47:12+00:00","dateModified":"2023-05-07T22:06:50+00:00","description":"\u00bfQuieres saber c\u00f3mo ZoomInfo puede ayudar a tu negocio a crecer? Descubre c\u00f3mo ZoomInfo puede proporcionar informaci\u00f3n de contacto precisa, inteligencia de mercado y herramientas de an\u00e1lisis para impulsar el crecimiento de tu negocio.","breadcrumb":{"@id":"https:\/\/www.audox.cl\/zoominfo\/servicios\/#breadcrumb"},"inLanguage":"es","potentialAction":[{"@type":"ReadAction","target":["https:\/\/www.audox.cl\/zoominfo\/servicios\/"]}]},{"@type":"BreadcrumbList","@id":"https:\/\/www.audox.cl\/zoominfo\/servicios\/#breadcrumb","itemListElement":[{"@type":"ListItem","position":1,"name":"Portada","item":"https:\/\/www.audox.cl\/zoominfo\/inicio\/"},{"@type":"ListItem","position":2,"name":"Servicios"}]},{"@type":"WebSite","@id":"https:\/\/www.audox.cl\/zoominfo\/#website","url":"https:\/\/www.audox.cl\/zoominfo\/","name":"ZoomInfo Expertos","description":"Implementaci\u00f3n, Capacitaci\u00f3n y Soporte para ZoomInfo en Chile","potentialAction":[{"@type":"SearchAction","target":{"@type":"EntryPoint","urlTemplate":"https:\/\/www.audox.cl\/zoominfo\/?s={search_term_string}"},"query-input":{"@type":"PropertyValueSpecification","valueRequired":true,"valueName":"search_term_string"}}],"inLanguage":"es"}]}},"_links":{"self":[{"href":"https:\/\/www.audox.cl\/zoominfo\/wp-json\/wp\/v2\/pages\/16","targetHints":{"allow":["GET"]}}],"collection":[{"href":"https:\/\/www.audox.cl\/zoominfo\/wp-json\/wp\/v2\/pages"}],"about":[{"href":"https:\/\/www.audox.cl\/zoominfo\/wp-json\/wp\/v2\/types\/page"}],"author":[{"embeddable":true,"href":"https:\/\/www.audox.cl\/zoominfo\/wp-json\/wp\/v2\/users\/1"}],"replies":[{"embeddable":true,"href":"https:\/\/www.audox.cl\/zoominfo\/wp-json\/wp\/v2\/comments?post=16"}],"version-history":[{"count":1,"href":"https:\/\/www.audox.cl\/zoominfo\/wp-json\/wp\/v2\/pages\/16\/revisions"}],"predecessor-version":[{"id":19,"href":"https:\/\/www.audox.cl\/zoominfo\/wp-json\/wp\/v2\/pages\/16\/revisions\/19"}],"wp:attachment":[{"href":"https:\/\/www.audox.cl\/zoominfo\/wp-json\/wp\/v2\/media?parent=16"}],"curies":[{"name":"wp","href":"https:\/\/api.w.org\/{rel}","templated":true}]}}